{"id":1903,"date":"2022-02-19T11:42:19","date_gmt":"2022-02-19T10:42:19","guid":{"rendered":"https:\/\/www.clmbz.it\/unsere-geschichte\/"},"modified":"2026-02-04T12:49:27","modified_gmt":"2026-02-04T11:49:27","slug":"unsere-geschichte","status":"publish","type":"page","link":"https:\/\/www.clmbz.it\/de\/unsere-geschichte\/","title":{"rendered":"UNSERE GESCHICHTE"},"content":{"rendered":"\t\t<div data-elementor-type=\"wp-page\" data-elementor-id=\"1903\" class=\"elementor elementor-1903 elementor-56\">\n\t\t\t\t\t\t<section class=\"elementor-section elementor-top-section elementor-element elementor-element-b19bdce elementor-section-boxed elementor-section-height-default elementor-section-height-default\" data-id=\"b19bdce\" data-element_type=\"section\">\n\t\t\t\t\t\t<div class=\"elementor-container elementor-column-gap-default\">\n\t\t\t\t\t<div class=\"elementor-column elementor-col-100 elementor-top-column elementor-element elementor-element-e10d137\" data-id=\"e10d137\" data-element_type=\"column\">\n\t\t\t<div class=\"elementor-widget-wrap elementor-element-populated\">\n\t\t\t\t\t\t<div class=\"elementor-element elementor-element-b35aa7b elementor-widget elementor-widget-heading\" data-id=\"b35aa7b\" data-element_type=\"widget\" data-widget_type=\"heading.default\">\n\t\t\t\t<div class=\"elementor-widget-container\">\n\t\t\t<style>\/*! elementor - v3.20.0 - 13-03-2024 *\/\n.elementor-heading-title{padding:0;margin:0;line-height:1}.elementor-widget-heading .elementor-heading-title[class*=elementor-size-]>a{color:inherit;font-size:inherit;line-height:inherit}.elementor-widget-heading .elementor-heading-title.elementor-size-small{font-size:15px}.elementor-widget-heading .elementor-heading-title.elementor-size-medium{font-size:19px}.elementor-widget-heading .elementor-heading-title.elementor-size-large{font-size:29px}.elementor-widget-heading .elementor-heading-title.elementor-size-xl{font-size:39px}.elementor-widget-heading .elementor-heading-title.elementor-size-xxl{font-size:59px}<\/style><h1 class=\"elementor-heading-title elementor-size-xl\">UNSERE GESCHICHTE<\/h1>\t\t<\/div>\n\t\t\t\t<\/div>\n\t\t\t\t\t<\/div>\n\t\t<\/div>\n\t\t\t\t\t<\/div>\n\t\t<\/section>\n\t\t\t\t<section class=\"elementor-section elementor-top-section elementor-element elementor-element-4e170a5 elementor-section-full_width elementor-section-content-middle elementor-section-height-default elementor-section-height-default\" data-id=\"4e170a5\" data-element_type=\"section\">\n\t\t\t\t\t\t<div class=\"elementor-container elementor-column-gap-default\">\n\t\t\t\t\t<div class=\"elementor-column elementor-col-33 elementor-top-column elementor-element elementor-element-b745107\" data-id=\"b745107\" data-element_type=\"column\">\n\t\t\t<div class=\"elementor-widget-wrap\">\n\t\t\t\t\t\t\t<\/div>\n\t\t<\/div>\n\t\t\t\t<div class=\"elementor-column elementor-col-33 elementor-top-column elementor-element elementor-element-b63af57\" data-id=\"b63af57\" data-element_type=\"column\">\n\t\t\t<div class=\"elementor-widget-wrap elementor-element-populated\">\n\t\t\t\t\t\t<section class=\"elementor-section elementor-inner-section elementor-element elementor-element-3433d5c elementor-section-full_width elementor-section-content-middle elementor-reverse-tablet elementor-reverse-mobile elementor-section-height-default elementor-section-height-default\" data-id=\"3433d5c\" data-element_type=\"section\">\n\t\t\t\t\t\t<div class=\"elementor-container elementor-column-gap-default\">\n\t\t\t\t\t<div class=\"elementor-column elementor-col-50 elementor-inner-column elementor-element elementor-element-5b01587\" data-id=\"5b01587\" data-element_type=\"column\">\n\t\t\t<div class=\"elementor-widget-wrap elementor-element-populated\">\n\t\t\t\t\t\t<div class=\"elementor-element elementor-element-fadd8e7 elementor-widget elementor-widget-text-editor\" data-id=\"fadd8e7\" data-element_type=\"widget\" data-widget_type=\"text-editor.default\">\n\t\t\t\t<div class=\"elementor-widget-container\">\n\t\t\t<style>\/*! elementor - v3.20.0 - 13-03-2024 *\/\n.elementor-widget-text-editor.elementor-drop-cap-view-stacked .elementor-drop-cap{background-color:#69727d;color:#fff}.elementor-widget-text-editor.elementor-drop-cap-view-framed .elementor-drop-cap{color:#69727d;border:3px solid;background-color:transparent}.elementor-widget-text-editor:not(.elementor-drop-cap-view-default) .elementor-drop-cap{margin-top:8px}.elementor-widget-text-editor:not(.elementor-drop-cap-view-default) .elementor-drop-cap-letter{width:1em;height:1em}.elementor-widget-text-editor .elementor-drop-cap{float:left;text-align:center;line-height:1;font-size:50px}.elementor-widget-text-editor .elementor-drop-cap-letter{display:inline-block}<\/style>\t\t\t\t<p>Die Geschichte von CLM (Costruzioni &amp; Lavorazioni Meccaniche) beginnt Anfang der 1990er Jahre in Bozen, der Hauptstadt S\u00fcdtirols, mit dem <strong><br \/>\n  <span style=\"color: #809cc6;\">klassischen italienischen Unternehmergeist<\/span><br \/>\n<\/strong> und dem Einsatz traditioneller Werkzeugmaschinen. <\/p>\n<p>Ein Anfang mit wenigen Fachleuten, aber mit einer gemeinsamen Vision und dem gro\u00dfen Wunsch, bekannt zu werden. Seit 1993 wachsen wir kontinuierlich und zeichnen uns durch unsere Professionalit\u00e4t im Bereich der Pr\u00e4zisionsmechanik und der Montage mechanischer Baugruppen aus, wobei wir einen Gro\u00dfteil unserer Anstrengungen in die st\u00e4ndige Weiterbildung unseres <span style=\"color: #809cc6;\"><br \/>\n  <strong><br \/>\n    <a href=\"https:\/\/www.clmbz.it\/il-team\/\">Fachpersonals<\/a><br \/>\n  <\/strong><br \/>\n<\/span> investieren.<\/p>\n\t\t\t\t\t\t<\/div>\n\t\t\t\t<\/div>\n\t\t\t\t\t<\/div>\n\t\t<\/div>\n\t\t\t\t<div class=\"elementor-column elementor-col-50 elementor-inner-column elementor-element elementor-element-0c5b7cd\" data-id=\"0c5b7cd\" data-element_type=\"column\">\n\t\t\t<div class=\"elementor-widget-wrap elementor-element-populated\">\n\t\t\t\t\t\t<div class=\"elementor-element elementor-element-6d34b08 elementor-widget elementor-widget-image\" data-id=\"6d34b08\" data-element_type=\"widget\" data-widget_type=\"image.default\">\n\t\t\t\t<div class=\"elementor-widget-container\">\n\t\t\t<style>\/*! elementor - v3.20.0 - 13-03-2024 *\/\n.elementor-widget-image{text-align:center}.elementor-widget-image a{display:inline-block}.elementor-widget-image a img[src$=\".svg\"]{width:48px}.elementor-widget-image img{vertical-align:middle;display:inline-block}<\/style>\t\t\t\t\t\t\t\t\t\t<img fetchpriority=\"high\" decoding=\"async\" width=\"830\" height=\"830\" src=\"https:\/\/www.clmbz.it\/2022\/wp-content\/uploads\/2025\/01\/la-nostra-storia-1-1024x1024.png\" class=\"attachment-large size-large wp-image-1291\" alt=\"la storia CLM\" srcset=\"https:\/\/www.clmbz.it\/2022\/wp-content\/uploads\/2025\/01\/la-nostra-storia-1-1024x1024.png 1024w, https:\/\/www.clmbz.it\/2022\/wp-content\/uploads\/2025\/01\/la-nostra-storia-1-300x300.png 300w, https:\/\/www.clmbz.it\/2022\/wp-content\/uploads\/2025\/01\/la-nostra-storia-1-150x150.png 150w, https:\/\/www.clmbz.it\/2022\/wp-content\/uploads\/2025\/01\/la-nostra-storia-1-768x768.png 768w, https:\/\/www.clmbz.it\/2022\/wp-content\/uploads\/2025\/01\/la-nostra-storia-1-70x70.png 70w, https:\/\/www.clmbz.it\/2022\/wp-content\/uploads\/2025\/01\/la-nostra-storia-1-850x850.png 850w, https:\/\/www.clmbz.it\/2022\/wp-content\/uploads\/2025\/01\/elementor\/thumbs\/la-nostra-storia-1-150x150.png 1536w, https:\/\/www.clmbz.it\/2022\/wp-content\/uploads\/2025\/01\/la-nostra-storia-1.png 1080w\" sizes=\"(max-width: 830px) 100vw, 830px\" \/>\t\t\t\t\t\t\t\t\t\t\t\t\t<\/div>\n\t\t\t\t<\/div>\n\t\t\t\t\t<\/div>\n\t\t<\/div>\n\t\t\t\t\t<\/div>\n\t\t<\/section>\n\t\t\t\t\t<\/div>\n\t\t<\/div>\n\t\t\t\t<div class=\"elementor-column elementor-col-33 elementor-top-column elementor-element elementor-element-ec413c9\" data-id=\"ec413c9\" data-element_type=\"column\">\n\t\t\t<div class=\"elementor-widget-wrap\">\n\t\t\t\t\t\t\t<\/div>\n\t\t<\/div>\n\t\t\t\t\t<\/div>\n\t\t<\/section>\n\t\t\t\t<section class=\"elementor-section elementor-top-section elementor-element elementor-element-6aec345 elementor-section-full_width elementor-section-content-middle elementor-section-height-default elementor-section-height-default\" data-id=\"6aec345\" data-element_type=\"section\">\n\t\t\t\t\t\t<div class=\"elementor-container elementor-column-gap-default\">\n\t\t\t\t\t<div class=\"elementor-column elementor-col-33 elementor-top-column elementor-element elementor-element-4b4877a\" data-id=\"4b4877a\" data-element_type=\"column\">\n\t\t\t<div class=\"elementor-widget-wrap\">\n\t\t\t\t\t\t\t<\/div>\n\t\t<\/div>\n\t\t\t\t<div class=\"elementor-column elementor-col-33 elementor-top-column elementor-element elementor-element-aaf0828\" data-id=\"aaf0828\" data-element_type=\"column\">\n\t\t\t<div class=\"elementor-widget-wrap elementor-element-populated\">\n\t\t\t\t\t\t<section class=\"elementor-section elementor-inner-section elementor-element elementor-element-8c9079c elementor-section-full_width elementor-section-content-middle elementor-section-height-default elementor-section-height-default\" data-id=\"8c9079c\" data-element_type=\"section\">\n\t\t\t\t\t\t<div class=\"elementor-container elementor-column-gap-default\">\n\t\t\t\t\t<div class=\"elementor-column elementor-col-50 elementor-inner-column elementor-element elementor-element-cbb094a\" data-id=\"cbb094a\" data-element_type=\"column\">\n\t\t\t<div class=\"elementor-widget-wrap elementor-element-populated\">\n\t\t\t\t\t\t<div class=\"elementor-element elementor-element-7f2c067 elementor-widget elementor-widget-image\" data-id=\"7f2c067\" data-element_type=\"widget\" data-widget_type=\"image.default\">\n\t\t\t\t<div class=\"elementor-widget-container\">\n\t\t\t\t\t\t\t\t\t\t\t\t\t<img decoding=\"async\" width=\"689\" height=\"476\" src=\"https:\/\/www.clmbz.it\/2022\/wp-content\/uploads\/2025\/01\/flessibilita.png\" class=\"attachment-large size-large wp-image-1254\" alt=\"\" srcset=\"https:\/\/www.clmbz.it\/2022\/wp-content\/uploads\/2025\/01\/flessibilita.png 689w, https:\/\/www.clmbz.it\/2022\/wp-content\/uploads\/2025\/01\/flessibilita-300x207.png 300w\" sizes=\"(max-width: 689px) 100vw, 689px\" \/>\t\t\t\t\t\t\t\t\t\t\t\t\t<\/div>\n\t\t\t\t<\/div>\n\t\t\t\t\t<\/div>\n\t\t<\/div>\n\t\t\t\t<div class=\"elementor-column elementor-col-50 elementor-inner-column elementor-element elementor-element-6ba6e51\" data-id=\"6ba6e51\" data-element_type=\"column\">\n\t\t\t<div class=\"elementor-widget-wrap elementor-element-populated\">\n\t\t\t\t\t\t<div class=\"elementor-element elementor-element-07bbd6a elementor-widget elementor-widget-text-editor\" data-id=\"07bbd6a\" data-element_type=\"widget\" data-widget_type=\"text-editor.default\">\n\t\t\t\t<div class=\"elementor-widget-container\">\n\t\t\t\t\t\t\t<p>Ein kleines Unternehmen, das alles auf seine F\u00e4higkeit setzt, <span style=\"color: #1842b8;\"><br \/>\n  <strong>mit der Zeit Schritt zu halten<\/strong><br \/>\n<\/span>.<\/p>\n\t\t\t\t\t\t<\/div>\n\t\t\t\t<\/div>\n\t\t\t\t<div class=\"elementor-element elementor-element-c525f4f elementor-widget elementor-widget-text-editor\" data-id=\"c525f4f\" data-element_type=\"widget\" data-widget_type=\"text-editor.default\">\n\t\t\t\t<div class=\"elementor-widget-container\">\n\t\t\t\t\t\t\t<p>Denn wir haben immer fest an die Kompetenzen und die Professionalit\u00e4t unseres Teams geglaubt. Es handelt sich um ein Wagnis, das nur mit tiefem Marktverst\u00e4ndnis erfolgreich sein kann.<\/p>\n<p><span style=\"color: #809cc6;\"><br \/>\n  <strong>Diese Vision hat das Wachstum unseres Unternehmens vorangetrieben, ein Erfolg, der f\u00fcr alle sichtbar ist<\/strong><br \/>\n<\/span> Wir haben uns von der Herstellung einzelner Teile bis hin zur Bereitstellung eines umfassenden Serviceangebots entwickelt, einschlie\u00dflich der Montage und Fertigstellung kompletter, funktionsf\u00e4higer Maschinen. Dies war nur dank eines f\u00e4higen und professionellen Teams m\u00f6glich.<\/p>\n<p>Die Weiterbildung des Personals zur Aneignung neuer Kompetenzen hat es uns erm\u00f6glicht, uns auf dem Markt zu positionieren und mit der Zeit Schritt zu halten. Die langj\u00e4hrige Zusammenarbeit mit Stammkund*innen und der Eintritt in neue, anspruchsvollere M\u00e4rkte haben es uns erm\u00f6glicht, in Bezug auf Produktions- und Organisationsmethoden an der Spitze zu stehen.<\/p>\n<p>Heute k\u00f6nnen wir auf den wesentlichen Beitrag von \u00fcber 50 Mitarbeiter*innen z\u00e4hlen und sind stolz darauf, auf den wichtigsten europ\u00e4ischen M\u00e4rkten t\u00e4tig zu sein.<\/p>\n\t\t\t\t\t\t<\/div>\n\t\t\t\t<\/div>\n\t\t\t\t<div class=\"elementor-element elementor-element-2c99b33 elementor-widget elementor-widget-text-editor\" data-id=\"2c99b33\" data-element_type=\"widget\" data-widget_type=\"text-editor.default\">\n\t\t\t\t<div class=\"elementor-widget-container\">\n\t\t\t\t\t\t\t<p>Exzellenz, die in die <span style=\"color: #1842b8;\"><br \/>\n  <strong>Zukunft<\/strong><br \/>\n<\/span> blickt<\/p>\n\t\t\t\t\t\t<\/div>\n\t\t\t\t<\/div>\n\t\t\t\t<div class=\"elementor-element elementor-element-7be6d90 elementor-widget elementor-widget-text-editor\" data-id=\"7be6d90\" data-element_type=\"widget\" data-widget_type=\"text-editor.default\">\n\t\t\t\t<div class=\"elementor-widget-container\">\n\t\t\t\t\t\t\t<p>und fest in der <span style=\"color: #1842b8;\"><br \/>\n  <strong>Gegenwart<\/strong><br \/>\n<\/span> verwurzelt ist.<\/p>\n\t\t\t\t\t\t<\/div>\n\t\t\t\t<\/div>\n\t\t\t\t\t<\/div>\n\t\t<\/div>\n\t\t\t\t\t<\/div>\n\t\t<\/section>\n\t\t\t\t\t<\/div>\n\t\t<\/div>\n\t\t\t\t<div class=\"elementor-column elementor-col-33 elementor-top-column elementor-element elementor-element-091bf2d\" data-id=\"091bf2d\" data-element_type=\"column\">\n\t\t\t<div class=\"elementor-widget-wrap\">\n\t\t\t\t\t\t\t<\/div>\n\t\t<\/div>\n\t\t\t\t\t<\/div>\n\t\t<\/section>\n\t\t\t\t<section class=\"elementor-section elementor-top-section elementor-element elementor-element-1e2213f elementor-section-full_width elementor-section-content-middle elementor-section-height-default elementor-section-height-default\" data-id=\"1e2213f\" data-element_type=\"section\">\n\t\t\t\t\t\t<div class=\"elementor-container elementor-column-gap-default\">\n\t\t\t\t\t<div class=\"elementor-column elementor-col-33 elementor-top-column elementor-element elementor-element-d68ade9\" data-id=\"d68ade9\" data-element_type=\"column\">\n\t\t\t<div class=\"elementor-widget-wrap\">\n\t\t\t\t\t\t\t<\/div>\n\t\t<\/div>\n\t\t\t\t<div class=\"elementor-column elementor-col-33 elementor-top-column elementor-element elementor-element-b32dcd4\" data-id=\"b32dcd4\" data-element_type=\"column\">\n\t\t\t<div class=\"elementor-widget-wrap elementor-element-populated\">\n\t\t\t\t\t\t<section class=\"elementor-section elementor-inner-section elementor-element elementor-element-d63c507 elementor-section-full_width elementor-section-content-middle elementor-section-height-default elementor-section-height-default\" data-id=\"d63c507\" data-element_type=\"section\">\n\t\t\t\t\t\t<div class=\"elementor-container elementor-column-gap-default\">\n\t\t\t\t\t<div class=\"elementor-column elementor-col-66 elementor-inner-column elementor-element elementor-element-9a9ce5e\" data-id=\"9a9ce5e\" data-element_type=\"column\">\n\t\t\t<div class=\"elementor-widget-wrap elementor-element-populated\">\n\t\t\t\t\t\t<div class=\"elementor-element elementor-element-cd9581f elementor-widget elementor-widget-image\" data-id=\"cd9581f\" data-element_type=\"widget\" data-widget_type=\"image.default\">\n\t\t\t\t<div class=\"elementor-widget-container\">\n\t\t\t\t\t\t\t\t\t\t\t\t\t<img decoding=\"async\" width=\"830\" height=\"830\" src=\"https:\/\/www.clmbz.it\/2022\/wp-content\/uploads\/2025\/01\/la-nostra-storia-3-1024x1024.png\" class=\"attachment-large size-large wp-image-1292\" alt=\"\" srcset=\"https:\/\/www.clmbz.it\/2022\/wp-content\/uploads\/2025\/01\/la-nostra-storia-3-1024x1024.png 1024w, https:\/\/www.clmbz.it\/2022\/wp-content\/uploads\/2025\/01\/la-nostra-storia-3-300x300.png 300w, https:\/\/www.clmbz.it\/2022\/wp-content\/uploads\/2025\/01\/la-nostra-storia-3-150x150.png 150w, https:\/\/www.clmbz.it\/2022\/wp-content\/uploads\/2025\/01\/la-nostra-storia-3-768x768.png 768w, https:\/\/www.clmbz.it\/2022\/wp-content\/uploads\/2025\/01\/la-nostra-storia-3-70x70.png 70w, https:\/\/www.clmbz.it\/2022\/wp-content\/uploads\/2025\/01\/la-nostra-storia-3-850x850.png 850w, https:\/\/www.clmbz.it\/2022\/wp-content\/uploads\/2025\/01\/la-nostra-storia-3.png 1080w\" sizes=\"(max-width: 830px) 100vw, 830px\" \/>\t\t\t\t\t\t\t\t\t\t\t\t\t<\/div>\n\t\t\t\t<\/div>\n\t\t\t\t\t<\/div>\n\t\t<\/div>\n\t\t\t\t<div class=\"elementor-column elementor-col-33 elementor-inner-column elementor-element elementor-element-bd7cbbb\" data-id=\"bd7cbbb\" data-element_type=\"column\">\n\t\t\t<div class=\"elementor-widget-wrap\">\n\t\t\t\t\t\t\t<\/div>\n\t\t<\/div>\n\t\t\t\t\t<\/div>\n\t\t<\/section>\n\t\t\t\t\t<\/div>\n\t\t<\/div>\n\t\t\t\t<div class=\"elementor-column elementor-col-33 elementor-top-column elementor-element elementor-element-d6e903c\" data-id=\"d6e903c\" data-element_type=\"column\">\n\t\t\t<div class=\"elementor-widget-wrap\">\n\t\t\t\t\t\t\t<\/div>\n\t\t<\/div>\n\t\t\t\t\t<\/div>\n\t\t<\/section>\n\t\t\t\t<\/div>\n\t\t","protected":false},"excerpt":{"rendered":"<p>UNSERE GESCHICHTE Die Geschichte von CLM (Costruzioni &amp; Lavorazioni Meccaniche) beginnt Anfang der 1990er Jahre in Bozen, der Hauptstadt S\u00fcdtirols, mit dem klassischen italienischen Unternehmergeist und dem Einsatz traditioneller Werkzeugmaschinen. Ein Anfang mit wenigen Fachleuten, aber mit einer gemeinsamen Vision und dem gro\u00dfen Wunsch, bekannt zu werden. Seit 1993 wachsen wir kontinuierlich und zeichnen uns&hellip;<\/p>\n","protected":false},"author":1,"featured_media":0,"parent":0,"menu_order":0,"comment_status":"closed","ping_status":"closed","template":"","meta":{"footnotes":""},"class_list":["post-1903","page","type-page","status-publish","hentry"],"_links":{"self":[{"href":"https:\/\/www.clmbz.it\/de\/wp-json\/wp\/v2\/pages\/1903","targetHints":{"allow":["GET"]}}],"collection":[{"href":"https:\/\/www.clmbz.it\/de\/wp-json\/wp\/v2\/pages"}],"about":[{"href":"https:\/\/www.clmbz.it\/de\/wp-json\/wp\/v2\/types\/page"}],"author":[{"embeddable":true,"href":"https:\/\/www.clmbz.it\/de\/wp-json\/wp\/v2\/users\/1"}],"replies":[{"embeddable":true,"href":"https:\/\/www.clmbz.it\/de\/wp-json\/wp\/v2\/comments?post=1903"}],"version-history":[{"count":5,"href":"https:\/\/www.clmbz.it\/de\/wp-json\/wp\/v2\/pages\/1903\/revisions"}],"predecessor-version":[{"id":2083,"href":"https:\/\/www.clmbz.it\/de\/wp-json\/wp\/v2\/pages\/1903\/revisions\/2083"}],"wp:attachment":[{"href":"https:\/\/www.clmbz.it\/de\/wp-json\/wp\/v2\/media?parent=1903"}],"curies":[{"name":"wp","href":"https:\/\/api.w.org\/{rel}","templated":true}]}}