{"id":1907,"date":"2022-02-19T11:35:47","date_gmt":"2022-02-19T10:35:47","guid":{"rendered":""},"modified":"2025-10-14T18:25:51","modified_gmt":"2025-10-14T16:25:51","slug":"clm-stil","status":"publish","type":"page","link":"https:\/\/www.clmbz.it\/de\/clm-stil\/","title":{"rendered":"CLM-STIL"},"content":{"rendered":"\t\t<div data-elementor-type=\"wp-page\" data-elementor-id=\"1907\" class=\"elementor elementor-1907 elementor-29\">\n\t\t\t\t\t\t<section class=\"elementor-section elementor-top-section elementor-element elementor-element-ccbfaed elementor-section-boxed elementor-section-height-default elementor-section-height-default\" data-id=\"ccbfaed\" data-element_type=\"section\">\n\t\t\t\t\t\t<div class=\"elementor-container elementor-column-gap-default\">\n\t\t\t\t\t<div class=\"elementor-column elementor-col-100 elementor-top-column elementor-element elementor-element-e7dcbe5\" data-id=\"e7dcbe5\" data-element_type=\"column\">\n\t\t\t<div class=\"elementor-widget-wrap elementor-element-populated\">\n\t\t\t\t\t\t<div class=\"elementor-element elementor-element-a910756 elementor-widget elementor-widget-heading\" data-id=\"a910756\" data-element_type=\"widget\" data-widget_type=\"heading.default\">\n\t\t\t\t<div class=\"elementor-widget-container\">\n\t\t\t<style>\/*! elementor - v3.20.0 - 13-03-2024 *\/\n.elementor-heading-title{padding:0;margin:0;line-height:1}.elementor-widget-heading .elementor-heading-title[class*=elementor-size-]>a{color:inherit;font-size:inherit;line-height:inherit}.elementor-widget-heading .elementor-heading-title.elementor-size-small{font-size:15px}.elementor-widget-heading .elementor-heading-title.elementor-size-medium{font-size:19px}.elementor-widget-heading .elementor-heading-title.elementor-size-large{font-size:29px}.elementor-widget-heading .elementor-heading-title.elementor-size-xl{font-size:39px}.elementor-widget-heading .elementor-heading-title.elementor-size-xxl{font-size:59px}<\/style><h1 class=\"elementor-heading-title elementor-size-xl\">CLM-STIL<\/h1>\t\t<\/div>\n\t\t\t\t<\/div>\n\t\t\t\t\t<\/div>\n\t\t<\/div>\n\t\t\t\t\t<\/div>\n\t\t<\/section>\n\t\t\t\t<section class=\"elementor-section elementor-top-section elementor-element elementor-element-5bf6d9c elementor-section-full_width elementor-section-content-middle elementor-section-height-default elementor-section-height-default\" data-id=\"5bf6d9c\" data-element_type=\"section\">\n\t\t\t\t\t\t<div class=\"elementor-container elementor-column-gap-default\">\n\t\t\t\t\t<div class=\"elementor-column elementor-col-33 elementor-top-column elementor-element elementor-element-fbb8add\" data-id=\"fbb8add\" data-element_type=\"column\">\n\t\t\t<div class=\"elementor-widget-wrap\">\n\t\t\t\t\t\t\t<\/div>\n\t\t<\/div>\n\t\t\t\t<div class=\"elementor-column elementor-col-33 elementor-top-column elementor-element elementor-element-7dfb1a9\" data-id=\"7dfb1a9\" data-element_type=\"column\">\n\t\t\t<div class=\"elementor-widget-wrap elementor-element-populated\">\n\t\t\t\t\t\t<section class=\"elementor-section elementor-inner-section elementor-element elementor-element-68e6086 elementor-section-full_width elementor-section-content-middle elementor-reverse-tablet elementor-reverse-mobile elementor-section-height-default elementor-section-height-default\" data-id=\"68e6086\" data-element_type=\"section\">\n\t\t\t\t\t\t<div class=\"elementor-container elementor-column-gap-default\">\n\t\t\t\t\t<div class=\"elementor-column elementor-col-50 elementor-inner-column elementor-element elementor-element-565385d\" data-id=\"565385d\" data-element_type=\"column\">\n\t\t\t<div class=\"elementor-widget-wrap elementor-element-populated\">\n\t\t\t\t\t\t<div class=\"elementor-element elementor-element-924d671 elementor-widget elementor-widget-text-editor\" data-id=\"924d671\" data-element_type=\"widget\" data-widget_type=\"text-editor.default\">\n\t\t\t\t<div class=\"elementor-widget-container\">\n\t\t\t<style>\/*! elementor - v3.20.0 - 13-03-2024 *\/\n.elementor-widget-text-editor.elementor-drop-cap-view-stacked .elementor-drop-cap{background-color:#69727d;color:#fff}.elementor-widget-text-editor.elementor-drop-cap-view-framed .elementor-drop-cap{color:#69727d;border:3px solid;background-color:transparent}.elementor-widget-text-editor:not(.elementor-drop-cap-view-default) .elementor-drop-cap{margin-top:8px}.elementor-widget-text-editor:not(.elementor-drop-cap-view-default) .elementor-drop-cap-letter{width:1em;height:1em}.elementor-widget-text-editor .elementor-drop-cap{float:left;text-align:center;line-height:1;font-size:50px}.elementor-widget-text-editor .elementor-drop-cap-letter{display:inline-block}<\/style>\t\t\t\t<p>Die st\u00e4ndige Weiterentwicklung des Marktes bringt Ver\u00e4nderungen in jedem Unternehmen mit sich. <span style=\"color: #809cc6;\"><br \/>\n  <strong><br \/>\n    <a style=\"color: #809cc6;\" href=\"https:\/\/www.clmbz.it\/la-nostra-storia\/\">Seit \u00fcber 30 Jahren<\/a><br \/>\n  <\/strong><br \/>\n<\/span> sind wir uns der Bedeutung des <span style=\"color: #809cc6;\"><br \/>\n  <strong>Wandels<\/strong><br \/>\n<\/span> bewusst und haben daher nie aufgeh\u00f6rt, in Personal, Werkzeuge und Prozesse zu investieren. In der Welt der Pr\u00e4zisionsmechanik ist Fortschritt nicht nur eine Frage von Technologie und Innovation, sondern auch von Vision und der F\u00e4higkeit, sich schnell an neue Herausforderungen <span style=\"color: #809cc6;\"><br \/>\n  <strong>anzupassen<\/strong><br \/>\n<\/span>.<\/p>\n\t\t\t\t\t\t<\/div>\n\t\t\t\t<\/div>\n\t\t\t\t<div class=\"elementor-element elementor-element-765c6dd elementor-widget elementor-widget-text-editor\" data-id=\"765c6dd\" data-element_type=\"widget\" data-widget_type=\"text-editor.default\">\n\t\t\t\t<div class=\"elementor-widget-container\">\n\t\t\t\t\t\t\t<p>Die ideale L\u00f6sung f\u00fcr jede Anforderung bei der <span style=\"color: #1842b8;\"><br \/>\n  <strong>Fertigung komplexer mechanischer<\/strong><br \/>\n<\/span> Teile.<\/p>\n\t\t\t\t\t\t<\/div>\n\t\t\t\t<\/div>\n\t\t\t\t\t<\/div>\n\t\t<\/div>\n\t\t\t\t<div class=\"elementor-column elementor-col-50 elementor-inner-column elementor-element elementor-element-544e163\" data-id=\"544e163\" data-element_type=\"column\">\n\t\t\t<div class=\"elementor-widget-wrap elementor-element-populated\">\n\t\t\t\t\t\t<div class=\"elementor-element elementor-element-2cd4a57 elementor-widget elementor-widget-image\" data-id=\"2cd4a57\" data-element_type=\"widget\" data-widget_type=\"image.default\">\n\t\t\t\t<div class=\"elementor-widget-container\">\n\t\t\t<style>\/*! elementor - v3.20.0 - 13-03-2024 *\/\n.elementor-widget-image{text-align:center}.elementor-widget-image a{display:inline-block}.elementor-widget-image a img[src$=\".svg\"]{width:48px}.elementor-widget-image img{vertical-align:middle;display:inline-block}<\/style>\t\t\t\t\t\t\t\t\t\t<img fetchpriority=\"high\" decoding=\"async\" width=\"569\" height=\"711\" src=\"https:\/\/www.clmbz.it\/2022\/wp-content\/uploads\/2025\/01\/storia-1.png\" class=\"attachment-large size-large wp-image-1252\" alt=\"\" srcset=\"https:\/\/www.clmbz.it\/2022\/wp-content\/uploads\/2025\/01\/storia-1.png 569w, https:\/\/www.clmbz.it\/2022\/wp-content\/uploads\/2025\/01\/storia-1-240x300.png 240w\" sizes=\"(max-width: 569px) 100vw, 569px\" \/>\t\t\t\t\t\t\t\t\t\t\t\t\t<\/div>\n\t\t\t\t<\/div>\n\t\t\t\t\t<\/div>\n\t\t<\/div>\n\t\t\t\t\t<\/div>\n\t\t<\/section>\n\t\t\t\t\t<\/div>\n\t\t<\/div>\n\t\t\t\t<div class=\"elementor-column elementor-col-33 elementor-top-column elementor-element elementor-element-13bf761\" data-id=\"13bf761\" data-element_type=\"column\">\n\t\t\t<div class=\"elementor-widget-wrap\">\n\t\t\t\t\t\t\t<\/div>\n\t\t<\/div>\n\t\t\t\t\t<\/div>\n\t\t<\/section>\n\t\t\t\t<section class=\"elementor-section elementor-top-section elementor-element elementor-element-5c901a5 elementor-section-full_width elementor-section-content-middle elementor-section-height-default elementor-section-height-default\" data-id=\"5c901a5\" data-element_type=\"section\">\n\t\t\t\t\t\t<div class=\"elementor-container elementor-column-gap-default\">\n\t\t\t\t\t<div class=\"elementor-column elementor-col-33 elementor-top-column elementor-element elementor-element-72c28b0\" data-id=\"72c28b0\" data-element_type=\"column\">\n\t\t\t<div class=\"elementor-widget-wrap\">\n\t\t\t\t\t\t\t<\/div>\n\t\t<\/div>\n\t\t\t\t<div class=\"elementor-column elementor-col-33 elementor-top-column elementor-element elementor-element-21ee4d8\" data-id=\"21ee4d8\" data-element_type=\"column\">\n\t\t\t<div class=\"elementor-widget-wrap elementor-element-populated\">\n\t\t\t\t\t\t<section class=\"elementor-section elementor-inner-section elementor-element elementor-element-c47622d elementor-section-full_width elementor-section-content-middle elementor-section-height-default elementor-section-height-default\" data-id=\"c47622d\" data-element_type=\"section\">\n\t\t\t\t\t\t<div class=\"elementor-container elementor-column-gap-default\">\n\t\t\t\t\t<div class=\"elementor-column elementor-col-50 elementor-inner-column elementor-element elementor-element-56ec5b1\" data-id=\"56ec5b1\" data-element_type=\"column\">\n\t\t\t<div class=\"elementor-widget-wrap elementor-element-populated\">\n\t\t\t\t\t\t<div class=\"elementor-element elementor-element-8022ce4 elementor-widget elementor-widget-image\" data-id=\"8022ce4\" data-element_type=\"widget\" data-widget_type=\"image.default\">\n\t\t\t\t<div class=\"elementor-widget-container\">\n\t\t\t\t\t\t\t\t\t\t\t\t\t<img decoding=\"async\" width=\"790\" height=\"1024\" src=\"https:\/\/www.clmbz.it\/2022\/wp-content\/uploads\/2025\/01\/stile-clm-2-790x1024.png\" class=\"attachment-large size-large wp-image-1302\" alt=\"\" srcset=\"https:\/\/www.clmbz.it\/2022\/wp-content\/uploads\/2025\/01\/stile-clm-2-790x1024.png 790w, https:\/\/www.clmbz.it\/2022\/wp-content\/uploads\/2025\/01\/stile-clm-2-231x300.png 231w, https:\/\/www.clmbz.it\/2022\/wp-content\/uploads\/2025\/01\/stile-clm-2-768x996.png 768w, https:\/\/www.clmbz.it\/2022\/wp-content\/uploads\/2025\/01\/stile-clm-2.png 832w\" sizes=\"(max-width: 790px) 100vw, 790px\" \/>\t\t\t\t\t\t\t\t\t\t\t\t\t<\/div>\n\t\t\t\t<\/div>\n\t\t\t\t\t<\/div>\n\t\t<\/div>\n\t\t\t\t<div class=\"elementor-column elementor-col-50 elementor-inner-column elementor-element elementor-element-aa1a241\" data-id=\"aa1a241\" data-element_type=\"column\">\n\t\t\t<div class=\"elementor-widget-wrap elementor-element-populated\">\n\t\t\t\t\t\t<div class=\"elementor-element elementor-element-933b403 elementor-widget elementor-widget-text-editor\" data-id=\"933b403\" data-element_type=\"widget\" data-widget_type=\"text-editor.default\">\n\t\t\t\t<div class=\"elementor-widget-container\">\n\t\t\t\t\t\t\t<p>So haben wir uns das Ziel gesetzt, uns als zuverl\u00e4ssigster Referenzpartner f\u00fcr die Produktion und Bearbeitung von Pr\u00e4zisions- und Sicherheitsmechanikbauteilen zu etablieren. Ein Partner mit einem <span style=\"color: #809cc6;\">einzigartigen und erkennbaren Stil<\/span>, gepr\u00e4gt von soliden Kompetenzen, Liebe zum Detail, Flexibilit\u00e4t, Individualisierung und Kundenorientierung.<\/p>\n<p>Wenn <span style=\"color: #809cc6;\"><br \/>\n  <strong>Details<\/strong><br \/>\n<\/span> den Unterschied f\u00fcr diejenigen machen, die nach Exzellenz streben, wird bei CLM nichts dem Zufall \u00fcberlassen. Der Schwerpunkt unserer Unternehmenspolitik und der Mentalit\u00e4t unseres Teams liegt auf dem st\u00e4ndigen Streben nach dem bestm\u00f6glichen Ergebnis f\u00fcr den Kund*innen, mit dem Mut und der Leidenschaft, jeden angebotenen Service einzigartig zu machen.<\/p>\n<p>Perfektion bis auf den Mikrometer, die unsere Bearbeitungen zu einer pr\u00e4zisen Antwort auf jede Anfrage macht. Genau diese Pr\u00e4zision hat die notwendigen Werkzeuge geliefert, um die Herausforderungen eines viel wettbewerbsf\u00e4higeren und vielf\u00e4ltigeren Marktes im Vergleich zu den Anfangsjahren zu meistern.<\/p>\n\t\t\t\t\t\t<\/div>\n\t\t\t\t<\/div>\n\t\t\t\t<div class=\"elementor-element elementor-element-d4482c0 elementor-widget elementor-widget-text-editor\" data-id=\"d4482c0\" data-element_type=\"widget\" data-widget_type=\"text-editor.default\">\n\t\t\t\t<div class=\"elementor-widget-container\">\n\t\t\t\t\t\t\t<p><span style=\"color: #1842b8;\"><br \/>\n  <strong>Produkte<\/strong><br \/>\n<\/span> und <span style=\"color: #1842b8;\"><br \/>\n  <strong>Dienstleistungen<\/strong><br \/>\n<\/span> im CLM-Stil.<\/p>\n\t\t\t\t\t\t<\/div>\n\t\t\t\t<\/div>\n\t\t\t\t\t<\/div>\n\t\t<\/div>\n\t\t\t\t\t<\/div>\n\t\t<\/section>\n\t\t\t\t\t<\/div>\n\t\t<\/div>\n\t\t\t\t<div class=\"elementor-column elementor-col-33 elementor-top-column elementor-element elementor-element-f50da7b\" data-id=\"f50da7b\" data-element_type=\"column\">\n\t\t\t<div class=\"elementor-widget-wrap\">\n\t\t\t\t\t\t\t<\/div>\n\t\t<\/div>\n\t\t\t\t\t<\/div>\n\t\t<\/section>\n\t\t\t\t<\/div>\n\t\t","protected":false},"excerpt":{"rendered":"<p>CLM-STIL Die st\u00e4ndige Weiterentwicklung des Marktes bringt Ver\u00e4nderungen in jedem Unternehmen mit sich. Seit \u00fcber 30 Jahren sind wir uns der Bedeutung des Wandels bewusst und haben daher nie aufgeh\u00f6rt, in Personal, Werkzeuge und Prozesse zu investieren. In der Welt der Pr\u00e4zisionsmechanik ist Fortschritt nicht nur eine Frage von Technologie und Innovation, sondern auch von&hellip;<\/p>\n","protected":false},"author":1,"featured_media":0,"parent":0,"menu_order":0,"comment_status":"closed","ping_status":"closed","template":"","meta":{"footnotes":""},"class_list":["post-1907","page","type-page","status-publish","hentry"],"_links":{"self":[{"href":"https:\/\/www.clmbz.it\/de\/wp-json\/wp\/v2\/pages\/1907","targetHints":{"allow":["GET"]}}],"collection":[{"href":"https:\/\/www.clmbz.it\/de\/wp-json\/wp\/v2\/pages"}],"about":[{"href":"https:\/\/www.clmbz.it\/de\/wp-json\/wp\/v2\/types\/page"}],"author":[{"embeddable":true,"href":"https:\/\/www.clmbz.it\/de\/wp-json\/wp\/v2\/users\/1"}],"replies":[{"embeddable":true,"href":"https:\/\/www.clmbz.it\/de\/wp-json\/wp\/v2\/comments?post=1907"}],"version-history":[{"count":1,"href":"https:\/\/www.clmbz.it\/de\/wp-json\/wp\/v2\/pages\/1907\/revisions"}],"predecessor-version":[{"id":1909,"href":"https:\/\/www.clmbz.it\/de\/wp-json\/wp\/v2\/pages\/1907\/revisions\/1909"}],"wp:attachment":[{"href":"https:\/\/www.clmbz.it\/de\/wp-json\/wp\/v2\/media?parent=1907"}],"curies":[{"name":"wp","href":"https:\/\/api.w.org\/{rel}","templated":true}]}}