{"id":1910,"date":"2022-02-19T11:36:11","date_gmt":"2022-02-19T10:36:11","guid":{"rendered":""},"modified":"2026-02-17T13:24:18","modified_gmt":"2026-02-17T12:24:18","slug":"unser-team","status":"publish","type":"page","link":"https:\/\/www.clmbz.it\/de\/unser-team\/","title":{"rendered":"UNSER TEAM"},"content":{"rendered":"\t\t<div data-elementor-type=\"wp-page\" data-elementor-id=\"1910\" class=\"elementor elementor-1910 elementor-32\">\n\t\t\t\t\t\t<section class=\"elementor-section elementor-top-section elementor-element elementor-element-5104232 elementor-section-boxed elementor-section-height-default elementor-section-height-default\" data-id=\"5104232\" data-element_type=\"section\">\n\t\t\t\t\t\t<div class=\"elementor-container elementor-column-gap-default\">\n\t\t\t\t\t<div class=\"elementor-column elementor-col-100 elementor-top-column elementor-element elementor-element-38cb6a8\" data-id=\"38cb6a8\" data-element_type=\"column\">\n\t\t\t<div class=\"elementor-widget-wrap elementor-element-populated\">\n\t\t\t\t\t\t<div class=\"elementor-element elementor-element-5910de3 elementor-widget elementor-widget-heading\" data-id=\"5910de3\" data-element_type=\"widget\" data-widget_type=\"heading.default\">\n\t\t\t\t<div class=\"elementor-widget-container\">\n\t\t\t<style>\/*! elementor - v3.20.0 - 13-03-2024 *\/\n.elementor-heading-title{padding:0;margin:0;line-height:1}.elementor-widget-heading .elementor-heading-title[class*=elementor-size-]>a{color:inherit;font-size:inherit;line-height:inherit}.elementor-widget-heading .elementor-heading-title.elementor-size-small{font-size:15px}.elementor-widget-heading .elementor-heading-title.elementor-size-medium{font-size:19px}.elementor-widget-heading .elementor-heading-title.elementor-size-large{font-size:29px}.elementor-widget-heading .elementor-heading-title.elementor-size-xl{font-size:39px}.elementor-widget-heading .elementor-heading-title.elementor-size-xxl{font-size:59px}<\/style><h1 class=\"elementor-heading-title elementor-size-xl\">UNSER TEAM<\/h1>\t\t<\/div>\n\t\t\t\t<\/div>\n\t\t\t\t\t<\/div>\n\t\t<\/div>\n\t\t\t\t\t<\/div>\n\t\t<\/section>\n\t\t\t\t<section class=\"elementor-section elementor-top-section elementor-element elementor-element-617cc28 elementor-section-full_width elementor-section-content-middle elementor-section-height-default elementor-section-height-default\" data-id=\"617cc28\" data-element_type=\"section\">\n\t\t\t\t\t\t<div class=\"elementor-container elementor-column-gap-default\">\n\t\t\t\t\t<div class=\"elementor-column elementor-col-33 elementor-top-column elementor-element elementor-element-c7dba36\" data-id=\"c7dba36\" data-element_type=\"column\">\n\t\t\t<div class=\"elementor-widget-wrap\">\n\t\t\t\t\t\t\t<\/div>\n\t\t<\/div>\n\t\t\t\t<div class=\"elementor-column elementor-col-33 elementor-top-column elementor-element elementor-element-006e099\" data-id=\"006e099\" data-element_type=\"column\">\n\t\t\t<div class=\"elementor-widget-wrap elementor-element-populated\">\n\t\t\t\t\t\t<section class=\"elementor-section elementor-inner-section elementor-element elementor-element-6e8d806 elementor-section-full_width elementor-section-content-middle elementor-section-height-default elementor-section-height-default\" data-id=\"6e8d806\" data-element_type=\"section\">\n\t\t\t\t\t\t<div class=\"elementor-container elementor-column-gap-default\">\n\t\t\t\t\t<div class=\"elementor-column elementor-col-50 elementor-inner-column elementor-element elementor-element-e001098\" data-id=\"e001098\" data-element_type=\"column\">\n\t\t\t<div class=\"elementor-widget-wrap elementor-element-populated\">\n\t\t\t\t\t\t<div class=\"elementor-element elementor-element-965c9d2 elementor-widget elementor-widget-image\" data-id=\"965c9d2\" data-element_type=\"widget\" data-widget_type=\"image.default\">\n\t\t\t\t<div class=\"elementor-widget-container\">\n\t\t\t<style>\/*! elementor - v3.20.0 - 13-03-2024 *\/\n.elementor-widget-image{text-align:center}.elementor-widget-image a{display:inline-block}.elementor-widget-image a img[src$=\".svg\"]{width:48px}.elementor-widget-image img{vertical-align:middle;display:inline-block}<\/style>\t\t\t\t\t\t\t\t\t\t<img fetchpriority=\"high\" decoding=\"async\" width=\"830\" height=\"830\" src=\"https:\/\/www.clmbz.it\/2022\/wp-content\/uploads\/2025\/01\/il-team-1-1024x1024.png\" class=\"attachment-large size-large wp-image-1306\" alt=\"\" srcset=\"https:\/\/www.clmbz.it\/2022\/wp-content\/uploads\/2025\/01\/il-team-1-1024x1024.png 1024w, https:\/\/www.clmbz.it\/2022\/wp-content\/uploads\/2025\/01\/il-team-1-300x300.png 300w, https:\/\/www.clmbz.it\/2022\/wp-content\/uploads\/2025\/01\/il-team-1-150x150.png 150w, https:\/\/www.clmbz.it\/2022\/wp-content\/uploads\/2025\/01\/il-team-1-768x768.png 768w, https:\/\/www.clmbz.it\/2022\/wp-content\/uploads\/2025\/01\/il-team-1-70x70.png 70w, https:\/\/www.clmbz.it\/2022\/wp-content\/uploads\/2025\/01\/il-team-1-850x850.png 850w, https:\/\/www.clmbz.it\/2022\/wp-content\/uploads\/2025\/01\/il-team-1.png 1080w\" sizes=\"(max-width: 830px) 100vw, 830px\" \/>\t\t\t\t\t\t\t\t\t\t\t\t\t<\/div>\n\t\t\t\t<\/div>\n\t\t\t\t\t<\/div>\n\t\t<\/div>\n\t\t\t\t<div class=\"elementor-column elementor-col-50 elementor-inner-column elementor-element elementor-element-f77a2d9\" data-id=\"f77a2d9\" data-element_type=\"column\">\n\t\t\t<div class=\"elementor-widget-wrap elementor-element-populated\">\n\t\t\t\t\t\t<div class=\"elementor-element elementor-element-f2478d8 elementor-widget elementor-widget-image\" data-id=\"f2478d8\" data-element_type=\"widget\" data-widget_type=\"image.default\">\n\t\t\t\t<div class=\"elementor-widget-container\">\n\t\t\t\t\t\t\t\t\t\t\t\t\t<img decoding=\"async\" width=\"830\" height=\"830\" src=\"https:\/\/www.clmbz.it\/2022\/wp-content\/uploads\/2025\/01\/il-team-2-1024x1024.png\" class=\"attachment-large size-large wp-image-1307\" alt=\"\" srcset=\"https:\/\/www.clmbz.it\/2022\/wp-content\/uploads\/2025\/01\/il-team-2-1024x1024.png 1024w, https:\/\/www.clmbz.it\/2022\/wp-content\/uploads\/2025\/01\/il-team-2-300x300.png 300w, https:\/\/www.clmbz.it\/2022\/wp-content\/uploads\/2025\/01\/il-team-2-150x150.png 150w, https:\/\/www.clmbz.it\/2022\/wp-content\/uploads\/2025\/01\/il-team-2-768x768.png 768w, https:\/\/www.clmbz.it\/2022\/wp-content\/uploads\/2025\/01\/il-team-2-70x70.png 70w, https:\/\/www.clmbz.it\/2022\/wp-content\/uploads\/2025\/01\/il-team-2-850x850.png 850w, https:\/\/www.clmbz.it\/2022\/wp-content\/uploads\/2025\/01\/il-team-2.png 1080w\" sizes=\"(max-width: 830px) 100vw, 830px\" \/>\t\t\t\t\t\t\t\t\t\t\t\t\t<\/div>\n\t\t\t\t<\/div>\n\t\t\t\t\t<\/div>\n\t\t<\/div>\n\t\t\t\t\t<\/div>\n\t\t<\/section>\n\t\t\t\t\t<\/div>\n\t\t<\/div>\n\t\t\t\t<div class=\"elementor-column elementor-col-33 elementor-top-column elementor-element elementor-element-ce6df3d\" data-id=\"ce6df3d\" data-element_type=\"column\">\n\t\t\t<div class=\"elementor-widget-wrap\">\n\t\t\t\t\t\t\t<\/div>\n\t\t<\/div>\n\t\t\t\t\t<\/div>\n\t\t<\/section>\n\t\t\t\t<section class=\"elementor-section elementor-top-section elementor-element elementor-element-2a8e6a5 elementor-section-boxed elementor-section-height-default elementor-section-height-default\" data-id=\"2a8e6a5\" data-element_type=\"section\">\n\t\t\t\t\t\t<div class=\"elementor-container elementor-column-gap-default\">\n\t\t\t\t\t<div class=\"elementor-column elementor-col-100 elementor-top-column elementor-element elementor-element-a51491c\" data-id=\"a51491c\" data-element_type=\"column\">\n\t\t\t<div class=\"elementor-widget-wrap elementor-element-populated\">\n\t\t\t\t\t\t<div class=\"elementor-element elementor-element-d0d7bf0 elementor-widget elementor-widget-text-editor\" data-id=\"d0d7bf0\" data-element_type=\"widget\" data-widget_type=\"text-editor.default\">\n\t\t\t\t<div class=\"elementor-widget-container\">\n\t\t\t<style>\/*! elementor - v3.20.0 - 13-03-2024 *\/\n.elementor-widget-text-editor.elementor-drop-cap-view-stacked .elementor-drop-cap{background-color:#69727d;color:#fff}.elementor-widget-text-editor.elementor-drop-cap-view-framed .elementor-drop-cap{color:#69727d;border:3px solid;background-color:transparent}.elementor-widget-text-editor:not(.elementor-drop-cap-view-default) .elementor-drop-cap{margin-top:8px}.elementor-widget-text-editor:not(.elementor-drop-cap-view-default) .elementor-drop-cap-letter{width:1em;height:1em}.elementor-widget-text-editor .elementor-drop-cap{float:left;text-align:center;line-height:1;font-size:50px}.elementor-widget-text-editor .elementor-drop-cap-letter{display:inline-block}<\/style>\t\t\t\t<p>Bei CLM ist die Unternehmensentwicklung in erster Linie das Ergebnis des Engagements und der Kompetenz aller Mitarbeiter*innen. Jede Person stellt eine St\u00e4rke dar: Ihr Engagement, ihre Motivation und ihre Professionalit\u00e4t sind unser Mehrwert.<\/p>\n<p>Die Leistungsf\u00e4higkeit eines Unternehmens h\u00e4ngen direkt vom Beitrag seiner Mitarbeiter*innen ab, und deshalb streben wir danach, eine <span style=\"color: #809cc6;\"><br \/>\n  <strong>kooperative Beziehung<\/strong><br \/>\n<\/span> auf der Grundlage gegenseitigen Vertrauens aufrechtzuerhalten. Aus diesem Grund haben wir seit jeher ein Ziel:<\/p>\n\t\t\t\t\t\t<\/div>\n\t\t\t\t<\/div>\n\t\t\t\t<div class=\"elementor-element elementor-element-255817f elementor-widget elementor-widget-text-editor\" data-id=\"255817f\" data-element_type=\"widget\" data-widget_type=\"text-editor.default\">\n\t\t\t\t<div class=\"elementor-widget-container\">\n\t\t\t\t\t\t\t<p>Investitionen in die <span style=\"color: #1842b8;\">Forschung<\/span> und <span style=\"color: #1842b8;\">Ausbildung<\/span> von Mitarbeiter*innen mit spezifischen Kompetenzen und Qualifikationen.<\/p>\n\t\t\t\t\t\t<\/div>\n\t\t\t\t<\/div>\n\t\t\t\t<div class=\"elementor-element elementor-element-7862dc2 elementor-widget elementor-widget-text-editor\" data-id=\"7862dc2\" data-element_type=\"widget\" data-widget_type=\"text-editor.default\">\n\t\t\t\t<div class=\"elementor-widget-container\">\n\t\t\t\t\t\t\t<p>Bei CLM ist die Unternehmensentwicklung in erster Linie das Ergebnis des Engagements und der Kompetenz aller Mitarbeiter*innen. Nur durch ihre Stimme ist es m\u00f6glich, unsere Einzigartigkeit zu erkennen.<\/p>\n\t\t\t\t\t\t<\/div>\n\t\t\t\t<\/div>\n\t\t\t\t\t<\/div>\n\t\t<\/div>\n\t\t\t\t\t<\/div>\n\t\t<\/section>\n\t\t\t\t<section class=\"elementor-section elementor-top-section elementor-element elementor-element-4525e16 elementor-section-boxed elementor-section-height-default elementor-section-height-default\" data-id=\"4525e16\" data-element_type=\"section\">\n\t\t\t\t\t\t<div class=\"elementor-container elementor-column-gap-default\">\n\t\t\t\t\t<div class=\"elementor-column elementor-col-50 elementor-top-column elementor-element elementor-element-3bc2918\" data-id=\"3bc2918\" data-element_type=\"column\">\n\t\t\t<div class=\"elementor-widget-wrap elementor-element-populated\">\n\t\t\t\t\t\t<div class=\"elementor-element elementor-element-db44b1b elementor-widget elementor-widget-video\" data-id=\"db44b1b\" data-element_type=\"widget\" data-settings=\"{&quot;youtube_url&quot;:&quot;https:\\\/\\\/www.youtube.com\\\/watch?v=6wJ1TpSrAZA&quot;,&quot;video_type&quot;:&quot;youtube&quot;,&quot;controls&quot;:&quot;yes&quot;}\" data-widget_type=\"video.default\">\n\t\t\t\t<div class=\"elementor-widget-container\">\n\t\t\t<style>\/*! elementor - v3.20.0 - 13-03-2024 *\/\n.elementor-widget-video .elementor-widget-container{overflow:hidden;transform:translateZ(0)}.elementor-widget-video .elementor-wrapper{aspect-ratio:var(--video-aspect-ratio)}.elementor-widget-video .elementor-wrapper iframe,.elementor-widget-video .elementor-wrapper video{height:100%;width:100%;display:flex;border:none;background-color:#000}@supports not (aspect-ratio:1\/1){.elementor-widget-video .elementor-wrapper{position:relative;overflow:hidden;height:0;padding-bottom:calc(100% \/ var(--video-aspect-ratio))}.elementor-widget-video .elementor-wrapper iframe,.elementor-widget-video .elementor-wrapper video{position:absolute;top:0;right:0;bottom:0;left:0}}.elementor-widget-video .elementor-open-inline .elementor-custom-embed-image-overlay{position:absolute;top:0;right:0;bottom:0;left:0;background-size:cover;background-position:50%}.elementor-widget-video .elementor-custom-embed-image-overlay{cursor:pointer;text-align:center}.elementor-widget-video .elementor-custom-embed-image-overlay:hover .elementor-custom-embed-play i{opacity:1}.elementor-widget-video .elementor-custom-embed-image-overlay img{display:block;width:100%;aspect-ratio:var(--video-aspect-ratio);-o-object-fit:cover;object-fit:cover;-o-object-position:center center;object-position:center center}@supports not (aspect-ratio:1\/1){.elementor-widget-video .elementor-custom-embed-image-overlay{position:relative;overflow:hidden;height:0;padding-bottom:calc(100% \/ var(--video-aspect-ratio))}.elementor-widget-video .elementor-custom-embed-image-overlay img{position:absolute;top:0;right:0;bottom:0;left:0}}.elementor-widget-video .e-hosted-video .elementor-video{-o-object-fit:cover;object-fit:cover}.e-con-inner>.elementor-widget-video,.e-con>.elementor-widget-video{width:var(--container-widget-width);--flex-grow:var(--container-widget-flex-grow)}<\/style>\t\t<div class=\"elementor-wrapper elementor-open-inline\">\n\t\t\t<div class=\"elementor-video\"><\/div>\t\t<\/div>\n\t\t\t\t<\/div>\n\t\t\t\t<\/div>\n\t\t\t\t\t<\/div>\n\t\t<\/div>\n\t\t\t\t<div class=\"elementor-column elementor-col-50 elementor-top-column elementor-element elementor-element-2e1f83c\" data-id=\"2e1f83c\" data-element_type=\"column\">\n\t\t\t<div class=\"elementor-widget-wrap elementor-element-populated\">\n\t\t\t\t\t\t<div class=\"elementor-element elementor-element-6ceeee9 elementor-widget elementor-widget-video\" data-id=\"6ceeee9\" data-element_type=\"widget\" data-settings=\"{&quot;youtube_url&quot;:&quot;https:\\\/\\\/www.youtube.com\\\/watch?v=K48iZ8CAhQI&quot;,&quot;video_type&quot;:&quot;youtube&quot;,&quot;controls&quot;:&quot;yes&quot;}\" data-widget_type=\"video.default\">\n\t\t\t\t<div class=\"elementor-widget-container\">\n\t\t\t\t\t<div class=\"elementor-wrapper elementor-open-inline\">\n\t\t\t<div class=\"elementor-video\"><\/div>\t\t<\/div>\n\t\t\t\t<\/div>\n\t\t\t\t<\/div>\n\t\t\t\t<div class=\"elementor-element elementor-element-4390921 elementor-widget elementor-widget-video\" data-id=\"4390921\" data-element_type=\"widget\" data-settings=\"{&quot;youtube_url&quot;:&quot;https:\\\/\\\/www.youtube.com\\\/watch?v=Nfzd_KszRBg&quot;,&quot;video_type&quot;:&quot;youtube&quot;,&quot;controls&quot;:&quot;yes&quot;}\" data-widget_type=\"video.default\">\n\t\t\t\t<div class=\"elementor-widget-container\">\n\t\t\t\t\t<div class=\"elementor-wrapper elementor-open-inline\">\n\t\t\t<div class=\"elementor-video\"><\/div>\t\t<\/div>\n\t\t\t\t<\/div>\n\t\t\t\t<\/div>\n\t\t\t\t\t<\/div>\n\t\t<\/div>\n\t\t\t\t\t<\/div>\n\t\t<\/section>\n\t\t\t\t<section class=\"elementor-section elementor-top-section elementor-element elementor-element-fd4efbc elementor-section-full_width elementor-section-content-middle elementor-section-height-default elementor-section-height-default\" data-id=\"fd4efbc\" data-element_type=\"section\">\n\t\t\t\t\t\t<div class=\"elementor-container elementor-column-gap-default\">\n\t\t\t\t\t<div class=\"elementor-column elementor-col-33 elementor-top-column elementor-element elementor-element-bf6d7a4\" data-id=\"bf6d7a4\" data-element_type=\"column\">\n\t\t\t<div class=\"elementor-widget-wrap\">\n\t\t\t\t\t\t\t<\/div>\n\t\t<\/div>\n\t\t\t\t<div class=\"elementor-column elementor-col-33 elementor-top-column elementor-element elementor-element-3eb9aa2\" data-id=\"3eb9aa2\" data-element_type=\"column\">\n\t\t\t<div class=\"elementor-widget-wrap elementor-element-populated\">\n\t\t\t\t\t\t<section class=\"elementor-section elementor-inner-section elementor-element elementor-element-bb868a8 elementor-section-full_width elementor-section-content-middle elementor-section-height-default elementor-section-height-default\" data-id=\"bb868a8\" data-element_type=\"section\">\n\t\t\t\t\t\t<div class=\"elementor-container elementor-column-gap-default\">\n\t\t\t\t\t<div class=\"elementor-column elementor-col-50 elementor-inner-column elementor-element elementor-element-946147a\" data-id=\"946147a\" data-element_type=\"column\">\n\t\t\t<div class=\"elementor-widget-wrap elementor-element-populated\">\n\t\t\t\t\t\t<div class=\"elementor-element elementor-element-ef66233 elementor-widget elementor-widget-text-editor\" data-id=\"ef66233\" data-element_type=\"widget\" data-widget_type=\"text-editor.default\">\n\t\t\t\t<div class=\"elementor-widget-container\">\n\t\t\t\t\t\t\t<p><span style=\"color: #809cc6;\">Kompetenz<\/span> und <span style=\"color: #809cc6;\"><br \/>\n  <strong>Ausbildung<\/strong><br \/>\n<\/span> sind zwei Seiten derselben Medaille. Aus diesem Grund engagieren wir uns bei CLM seit Jahren in der Ausbildung von Auszubildenden und Praktikant*innen, die solide Kompetenzen vor Ort entwickeln k\u00f6nnen.<br \/>Die Erfahrung hat uns die gro\u00dfe Bedeutung der Zusammenarbeit mit Bildungseinrichtungen in der Region gelehrt, mit dem Ziel, den Fachleuten der Zukunft mit Weitblick und Kreativit\u00e4t die T\u00fcren zu \u00f6ffnen.<\/p>\n\t\t\t\t\t\t<\/div>\n\t\t\t\t<\/div>\n\t\t\t\t<div class=\"elementor-element elementor-element-2db4525 elementor-widget elementor-widget-text-editor\" data-id=\"2db4525\" data-element_type=\"widget\" data-widget_type=\"text-editor.default\">\n\t\t\t\t<div class=\"elementor-widget-container\">\n\t\t\t\t\t\t\t<p>Wir m\u00f6chten die <span style=\"color: #1842b8;\"><br \/>\n  <strong>herausfordernste<\/strong><br \/>\n<\/span> Seite des Sektors <span style=\"color: #1842b8;\"><br \/>\n  <strong>wiederentdecken<\/strong><br \/>\n<\/span>.<\/p>\n\t\t\t\t\t\t<\/div>\n\t\t\t\t<\/div>\n\t\t\t\t<div class=\"elementor-element elementor-element-faa8c51 elementor-widget elementor-widget-text-editor\" data-id=\"faa8c51\" data-element_type=\"widget\" data-widget_type=\"text-editor.default\">\n\t\t\t\t<div class=\"elementor-widget-container\">\n\t\t\t\t\t\t\t<p>Ausgehend von der Abkehr vom g\u00e4ngigen Bild m\u00f6chten wir weiterhin die Welt der Mechanik durch ein <a href=\"https:\/\/www.clmbz.it\/contattaci\/entra-nel-team\/\">zeitgem\u00e4\u00dfes und realistisches Bild<\/a> der Arbeit in diesem Sektor zeigen.<\/p>\n\t\t\t\t\t\t<\/div>\n\t\t\t\t<\/div>\n\t\t\t\t\t<\/div>\n\t\t<\/div>\n\t\t\t\t<div class=\"elementor-column elementor-col-50 elementor-inner-column elementor-element elementor-element-d554f36\" data-id=\"d554f36\" data-element_type=\"column\">\n\t\t\t<div class=\"elementor-widget-wrap elementor-element-populated\">\n\t\t\t\t\t\t<div class=\"elementor-element elementor-element-0c5c21c elementor-widget elementor-widget-image\" data-id=\"0c5c21c\" data-element_type=\"widget\" data-widget_type=\"image.default\">\n\t\t\t\t<div class=\"elementor-widget-container\">\n\t\t\t\t\t\t\t\t\t\t\t\t\t<img decoding=\"async\" width=\"790\" height=\"1024\" src=\"https:\/\/www.clmbz.it\/2022\/wp-content\/uploads\/2025\/01\/Immagine-9-790x1024.png\" class=\"attachment-large size-large wp-image-1314\" alt=\"\" srcset=\"https:\/\/www.clmbz.it\/2022\/wp-content\/uploads\/2025\/01\/Immagine-9-790x1024.png 790w, https:\/\/www.clmbz.it\/2022\/wp-content\/uploads\/2025\/01\/Immagine-9-231x300.png 231w, https:\/\/www.clmbz.it\/2022\/wp-content\/uploads\/2025\/01\/Immagine-9-768x996.png 768w, https:\/\/www.clmbz.it\/2022\/wp-content\/uploads\/2025\/01\/Immagine-9.png 832w\" sizes=\"(max-width: 790px) 100vw, 790px\" \/>\t\t\t\t\t\t\t\t\t\t\t\t\t<\/div>\n\t\t\t\t<\/div>\n\t\t\t\t\t<\/div>\n\t\t<\/div>\n\t\t\t\t\t<\/div>\n\t\t<\/section>\n\t\t\t\t\t<\/div>\n\t\t<\/div>\n\t\t\t\t<div class=\"elementor-column elementor-col-33 elementor-top-column elementor-element elementor-element-4317814\" data-id=\"4317814\" data-element_type=\"column\">\n\t\t\t<div class=\"elementor-widget-wrap\">\n\t\t\t\t\t\t\t<\/div>\n\t\t<\/div>\n\t\t\t\t\t<\/div>\n\t\t<\/section>\n\t\t\t\t<\/div>\n\t\t","protected":false},"excerpt":{"rendered":"<p>UNSER TEAM Bei CLM ist die Unternehmensentwicklung in erster Linie das Ergebnis des Engagements und der Kompetenz aller Mitarbeiter*innen. Jede Person stellt eine St\u00e4rke dar: Ihr Engagement, ihre Motivation und ihre Professionalit\u00e4t sind unser Mehrwert. Die Leistungsf\u00e4higkeit eines Unternehmens h\u00e4ngen direkt vom Beitrag seiner Mitarbeiter*innen ab, und deshalb streben wir danach, eine kooperative Beziehung auf&hellip;<\/p>\n","protected":false},"author":1,"featured_media":0,"parent":0,"menu_order":0,"comment_status":"closed","ping_status":"closed","template":"","meta":{"footnotes":""},"class_list":["post-1910","page","type-page","status-publish","hentry"],"_links":{"self":[{"href":"https:\/\/www.clmbz.it\/de\/wp-json\/wp\/v2\/pages\/1910","targetHints":{"allow":["GET"]}}],"collection":[{"href":"https:\/\/www.clmbz.it\/de\/wp-json\/wp\/v2\/pages"}],"about":[{"href":"https:\/\/www.clmbz.it\/de\/wp-json\/wp\/v2\/types\/page"}],"author":[{"embeddable":true,"href":"https:\/\/www.clmbz.it\/de\/wp-json\/wp\/v2\/users\/1"}],"replies":[{"embeddable":true,"href":"https:\/\/www.clmbz.it\/de\/wp-json\/wp\/v2\/comments?post=1910"}],"version-history":[{"count":7,"href":"https:\/\/www.clmbz.it\/de\/wp-json\/wp\/v2\/pages\/1910\/revisions"}],"predecessor-version":[{"id":2099,"href":"https:\/\/www.clmbz.it\/de\/wp-json\/wp\/v2\/pages\/1910\/revisions\/2099"}],"wp:attachment":[{"href":"https:\/\/www.clmbz.it\/de\/wp-json\/wp\/v2\/media?parent=1910"}],"curies":[{"name":"wp","href":"https:\/\/api.w.org\/{rel}","templated":true}]}}