{"id":1919,"date":"2022-02-19T11:37:11","date_gmt":"2022-02-19T10:37:11","guid":{"rendered":""},"modified":"2025-10-14T18:44:19","modified_gmt":"2025-10-14T16:44:19","slug":"individueller-service","status":"publish","type":"page","link":"https:\/\/www.clmbz.it\/de\/individueller-service\/","title":{"rendered":"INDIVIDUELLER SERVICE"},"content":{"rendered":"\t\t<div data-elementor-type=\"wp-page\" data-elementor-id=\"1919\" class=\"elementor elementor-1919 elementor-42\">\n\t\t\t\t\t\t<section class=\"elementor-section elementor-top-section elementor-element elementor-element-2256d33 elementor-section-boxed elementor-section-height-default elementor-section-height-default\" data-id=\"2256d33\" data-element_type=\"section\">\n\t\t\t\t\t\t<div class=\"elementor-container elementor-column-gap-default\">\n\t\t\t\t\t<div class=\"elementor-column elementor-col-100 elementor-top-column elementor-element elementor-element-844bafd\" data-id=\"844bafd\" data-element_type=\"column\">\n\t\t\t<div class=\"elementor-widget-wrap elementor-element-populated\">\n\t\t\t\t\t\t<div class=\"elementor-element elementor-element-06f3503 elementor-widget elementor-widget-heading\" data-id=\"06f3503\" data-element_type=\"widget\" data-widget_type=\"heading.default\">\n\t\t\t\t<div class=\"elementor-widget-container\">\n\t\t\t<style>\/*! elementor - v3.20.0 - 13-03-2024 *\/\n.elementor-heading-title{padding:0;margin:0;line-height:1}.elementor-widget-heading .elementor-heading-title[class*=elementor-size-]>a{color:inherit;font-size:inherit;line-height:inherit}.elementor-widget-heading .elementor-heading-title.elementor-size-small{font-size:15px}.elementor-widget-heading .elementor-heading-title.elementor-size-medium{font-size:19px}.elementor-widget-heading .elementor-heading-title.elementor-size-large{font-size:29px}.elementor-widget-heading .elementor-heading-title.elementor-size-xl{font-size:39px}.elementor-widget-heading .elementor-heading-title.elementor-size-xxl{font-size:59px}<\/style><h1 class=\"elementor-heading-title elementor-size-xl\">INDIVIDUELLER SERVICE<\/h1>\t\t<\/div>\n\t\t\t\t<\/div>\n\t\t\t\t\t<\/div>\n\t\t<\/div>\n\t\t\t\t\t<\/div>\n\t\t<\/section>\n\t\t\t\t<section class=\"elementor-section elementor-top-section elementor-element elementor-element-47808c7 elementor-section-full_width elementor-section-content-middle elementor-section-height-default elementor-section-height-default\" data-id=\"47808c7\" data-element_type=\"section\">\n\t\t\t\t\t\t<div class=\"elementor-container elementor-column-gap-default\">\n\t\t\t\t\t<div class=\"elementor-column elementor-col-33 elementor-top-column elementor-element elementor-element-db31607\" data-id=\"db31607\" data-element_type=\"column\">\n\t\t\t<div class=\"elementor-widget-wrap\">\n\t\t\t\t\t\t\t<\/div>\n\t\t<\/div>\n\t\t\t\t<div class=\"elementor-column elementor-col-33 elementor-top-column elementor-element elementor-element-2d17911\" data-id=\"2d17911\" data-element_type=\"column\">\n\t\t\t<div class=\"elementor-widget-wrap elementor-element-populated\">\n\t\t\t\t\t\t<section class=\"elementor-section elementor-inner-section elementor-element elementor-element-c922a66 elementor-section-full_width elementor-section-content-middle elementor-section-height-default elementor-section-height-default\" data-id=\"c922a66\" data-element_type=\"section\">\n\t\t\t\t\t\t<div class=\"elementor-container elementor-column-gap-default\">\n\t\t\t\t\t<div class=\"elementor-column elementor-col-50 elementor-inner-column elementor-element elementor-element-3626c4b\" data-id=\"3626c4b\" data-element_type=\"column\">\n\t\t\t<div class=\"elementor-widget-wrap elementor-element-populated\">\n\t\t\t\t\t\t<div class=\"elementor-element elementor-element-378e402 elementor-widget elementor-widget-text-editor\" data-id=\"378e402\" data-element_type=\"widget\" data-widget_type=\"text-editor.default\">\n\t\t\t\t<div class=\"elementor-widget-container\">\n\t\t\t<style>\/*! elementor - v3.20.0 - 13-03-2024 *\/\n.elementor-widget-text-editor.elementor-drop-cap-view-stacked .elementor-drop-cap{background-color:#69727d;color:#fff}.elementor-widget-text-editor.elementor-drop-cap-view-framed .elementor-drop-cap{color:#69727d;border:3px solid;background-color:transparent}.elementor-widget-text-editor:not(.elementor-drop-cap-view-default) .elementor-drop-cap{margin-top:8px}.elementor-widget-text-editor:not(.elementor-drop-cap-view-default) .elementor-drop-cap-letter{width:1em;height:1em}.elementor-widget-text-editor .elementor-drop-cap{float:left;text-align:center;line-height:1;font-size:50px}.elementor-widget-text-editor .elementor-drop-cap-letter{display:inline-block}<\/style>\t\t\t\t<p>Was bedeutet individueller Service f\u00fcr unsere Kund*innen? Es bedeutet, ein ma\u00dfgeschneidertes <span style=\"color: #809cc6;\"><br \/>\n  <strong>Serviceuniversum<\/strong><br \/>\n<\/span> zu erleben, das genau auf die individuellen Bed\u00fcrfnisse abgestimmt ist, die ihn urspr\u00fcnglich veranlasst haben auf die Suche nach neuen L\u00f6sungen zu gehen.<\/p>\n<p>\u00dcber die Jahre haben wir die Individualisierung zu unserem Markenzeichen gemacht, indem wir gemeinsam mit unseren Kund*innen Herausforderungen auf einzigartige Weise erkennen und l\u00f6sen.<br \/>Die Vielfalt des Marktes und die wachsende Zahl unserer Kund*innen erfordern eine schlanke Organisation, die bereit ist, auch die komplexesten Anforderungen flexibel zu erf\u00fcllen.<\/p>\n\t\t\t\t\t\t<\/div>\n\t\t\t\t<\/div>\n\t\t\t\t<div class=\"elementor-element elementor-element-ac648b1 elementor-widget elementor-widget-text-editor\" data-id=\"ac648b1\" data-element_type=\"widget\" data-widget_type=\"text-editor.default\">\n\t\t\t\t<div class=\"elementor-widget-container\">\n\t\t\t\t\t\t\t<p>Wir sind in der Lage, <span style=\"color: #1842b8;\"><br \/>\n  <strong>schnell<\/strong><br \/>\n<\/span> auf Sonderlieferungen oder besonders dringende Auftr\u00e4ge zu reagieren.<\/p>\n\t\t\t\t\t\t<\/div>\n\t\t\t\t<\/div>\n\t\t\t\t\t<\/div>\n\t\t<\/div>\n\t\t\t\t<div class=\"elementor-column elementor-col-50 elementor-inner-column elementor-element elementor-element-1c1ea2d\" data-id=\"1c1ea2d\" data-element_type=\"column\">\n\t\t\t<div class=\"elementor-widget-wrap elementor-element-populated\">\n\t\t\t\t\t\t<div class=\"elementor-element elementor-element-f5b6daf elementor-widget elementor-widget-image\" data-id=\"f5b6daf\" data-element_type=\"widget\" data-widget_type=\"image.default\">\n\t\t\t\t<div class=\"elementor-widget-container\">\n\t\t\t<style>\/*! elementor - v3.20.0 - 13-03-2024 *\/\n.elementor-widget-image{text-align:center}.elementor-widget-image a{display:inline-block}.elementor-widget-image a img[src$=\".svg\"]{width:48px}.elementor-widget-image img{vertical-align:middle;display:inline-block}<\/style>\t\t\t\t\t\t\t\t\t\t<img fetchpriority=\"high\" decoding=\"async\" width=\"830\" height=\"830\" src=\"https:\/\/www.clmbz.it\/2022\/wp-content\/uploads\/2025\/01\/Come-immagine-2-1024x1024.png\" class=\"attachment-large size-large wp-image-1374\" alt=\"\" srcset=\"https:\/\/www.clmbz.it\/2022\/wp-content\/uploads\/2025\/01\/Come-immagine-2-1024x1024.png 1024w, https:\/\/www.clmbz.it\/2022\/wp-content\/uploads\/2025\/01\/Come-immagine-2-300x300.png 300w, https:\/\/www.clmbz.it\/2022\/wp-content\/uploads\/2025\/01\/Come-immagine-2-150x150.png 150w, https:\/\/www.clmbz.it\/2022\/wp-content\/uploads\/2025\/01\/Come-immagine-2-768x768.png 768w, https:\/\/www.clmbz.it\/2022\/wp-content\/uploads\/2025\/01\/Come-immagine-2-70x70.png 70w, https:\/\/www.clmbz.it\/2022\/wp-content\/uploads\/2025\/01\/Come-immagine-2-850x850.png 850w, https:\/\/www.clmbz.it\/2022\/wp-content\/uploads\/2025\/01\/Come-immagine-2.png 1080w\" sizes=\"(max-width: 830px) 100vw, 830px\" \/>\t\t\t\t\t\t\t\t\t\t\t\t\t<\/div>\n\t\t\t\t<\/div>\n\t\t\t\t\t<\/div>\n\t\t<\/div>\n\t\t\t\t\t<\/div>\n\t\t<\/section>\n\t\t\t\t\t<\/div>\n\t\t<\/div>\n\t\t\t\t<div class=\"elementor-column elementor-col-33 elementor-top-column elementor-element elementor-element-ce22354\" data-id=\"ce22354\" data-element_type=\"column\">\n\t\t\t<div class=\"elementor-widget-wrap\">\n\t\t\t\t\t\t\t<\/div>\n\t\t<\/div>\n\t\t\t\t\t<\/div>\n\t\t<\/section>\n\t\t\t\t<section class=\"elementor-section elementor-top-section elementor-element elementor-element-ec08510 elementor-section-full_width elementor-section-content-middle elementor-section-height-default elementor-section-height-default\" data-id=\"ec08510\" data-element_type=\"section\">\n\t\t\t\t\t\t<div class=\"elementor-container elementor-column-gap-default\">\n\t\t\t\t\t<div class=\"elementor-column elementor-col-33 elementor-top-column elementor-element elementor-element-cf4d21e\" data-id=\"cf4d21e\" data-element_type=\"column\">\n\t\t\t<div class=\"elementor-widget-wrap\">\n\t\t\t\t\t\t\t<\/div>\n\t\t<\/div>\n\t\t\t\t<div class=\"elementor-column elementor-col-33 elementor-top-column elementor-element elementor-element-78753fb\" data-id=\"78753fb\" data-element_type=\"column\">\n\t\t\t<div class=\"elementor-widget-wrap elementor-element-populated\">\n\t\t\t\t\t\t<section class=\"elementor-section elementor-inner-section elementor-element elementor-element-170d34f elementor-section-full_width elementor-section-content-middle elementor-reverse-tablet elementor-reverse-mobile elementor-section-height-default elementor-section-height-default\" data-id=\"170d34f\" data-element_type=\"section\">\n\t\t\t\t\t\t<div class=\"elementor-container elementor-column-gap-default\">\n\t\t\t\t\t<div class=\"elementor-column elementor-col-50 elementor-inner-column elementor-element elementor-element-93896e4\" data-id=\"93896e4\" data-element_type=\"column\">\n\t\t\t<div class=\"elementor-widget-wrap elementor-element-populated\">\n\t\t\t\t\t\t<div class=\"elementor-element elementor-element-59e2c88 elementor-widget elementor-widget-image\" data-id=\"59e2c88\" data-element_type=\"widget\" data-widget_type=\"image.default\">\n\t\t\t\t<div class=\"elementor-widget-container\">\n\t\t\t\t\t\t\t\t\t\t\t\t\t<img decoding=\"async\" width=\"576\" height=\"1024\" src=\"https:\/\/www.clmbz.it\/2022\/wp-content\/uploads\/2025\/01\/Come-immagine-3-576x1024.png\" class=\"attachment-large size-large wp-image-1391\" alt=\"\" srcset=\"https:\/\/www.clmbz.it\/2022\/wp-content\/uploads\/2025\/01\/Come-immagine-3-576x1024.png 576w, https:\/\/www.clmbz.it\/2022\/wp-content\/uploads\/2025\/01\/Come-immagine-3-169x300.png 169w, https:\/\/www.clmbz.it\/2022\/wp-content\/uploads\/2025\/01\/Come-immagine-3.png 607w\" sizes=\"(max-width: 576px) 100vw, 576px\" \/>\t\t\t\t\t\t\t\t\t\t\t\t\t<\/div>\n\t\t\t\t<\/div>\n\t\t\t\t\t<\/div>\n\t\t<\/div>\n\t\t\t\t<div class=\"elementor-column elementor-col-50 elementor-inner-column elementor-element elementor-element-b5d63b9\" data-id=\"b5d63b9\" data-element_type=\"column\">\n\t\t\t<div class=\"elementor-widget-wrap elementor-element-populated\">\n\t\t\t\t\t\t<div class=\"elementor-element elementor-element-264381a elementor-widget elementor-widget-text-editor\" data-id=\"264381a\" data-element_type=\"widget\" data-widget_type=\"text-editor.default\">\n\t\t\t\t<div class=\"elementor-widget-container\">\n\t\t\t\t\t\t\t<p>Die im Laufe der Jahre gesammelte Erfahrung hat eine der typischsten Eigenschaften S\u00fcdtirols hervorgebracht: <span style=\"color: #809cc6;\"><br \/>\n  <strong><br \/>\n    <a href=\"https:\/\/www.clmbz.it\/stile-clm\/\">Flexibilit\u00e4t<\/a><br \/>\n  <\/strong><br \/>\n<\/span>.<br \/>Die F\u00e4higkeit, komplexe mechanische Bauteile oder Baugruppen in <span style=\"color: #809cc6;\"><strong>k\u00fcrzester Zeit<\/strong><\/span> zu fertigen, ist eine unserer gr\u00f6\u00dften St\u00e4rken. Doch vor allem unsere Flexibilit\u00e4t hat es erm\u00f6glicht, Partnerschaften sowohl mit aufstrebenden Unternehmen als auch mit etablierten europ\u00e4ischen und internationalen Konzernen aufzubauen.<\/p>\n<p>Flexibilit\u00e4t bedeutet Anpassungsf\u00e4higkeit, und Anpassungsf\u00e4higkeit bedeutet, L\u00f6sungen selbst f\u00fcr die komplexesten Herausforderungen zu finden, um die Erwartungen und Anforderungen unserer Kund*innen voll und ganz zu erf\u00fcllen.<\/p>\n\t\t\t\t\t\t<\/div>\n\t\t\t\t<\/div>\n\t\t\t\t<div class=\"elementor-element elementor-element-1124836 elementor-widget elementor-widget-text-editor\" data-id=\"1124836\" data-element_type=\"widget\" data-widget_type=\"text-editor.default\">\n\t\t\t\t<div class=\"elementor-widget-container\">\n\t\t\t\t\t\t\t<p>Unsere L\u00f6sungen sind in jeder Hinsicht <span style=\"color: #1842b8;\"><br \/>\n  <strong>ma\u00dfgeschneidert<\/strong><br \/>\n<\/span>.<\/p>\n\t\t\t\t\t\t<\/div>\n\t\t\t\t<\/div>\n\t\t\t\t<div class=\"elementor-element elementor-element-c3e5a01 elementor-widget elementor-widget-image\" data-id=\"c3e5a01\" data-element_type=\"widget\" data-widget_type=\"image.default\">\n\t\t\t\t<div class=\"elementor-widget-container\">\n\t\t\t\t\t\t\t\t\t\t\t\t\t<img decoding=\"async\" width=\"768\" height=\"435\" src=\"https:\/\/www.clmbz.it\/2022\/wp-content\/uploads\/2025\/01\/Come-immagine-1-768x435.png\" class=\"attachment-medium_large size-medium_large wp-image-1370\" alt=\"\" srcset=\"https:\/\/www.clmbz.it\/2022\/wp-content\/uploads\/2025\/01\/Come-immagine-1-768x435.png 768w, https:\/\/www.clmbz.it\/2022\/wp-content\/uploads\/2025\/01\/Come-immagine-1-300x170.png 300w, https:\/\/www.clmbz.it\/2022\/wp-content\/uploads\/2025\/01\/Come-immagine-1-850x482.png 850w, https:\/\/www.clmbz.it\/2022\/wp-content\/uploads\/2025\/01\/Come-immagine-1.png 962w\" sizes=\"(max-width: 768px) 100vw, 768px\" \/>\t\t\t\t\t\t\t\t\t\t\t\t\t<\/div>\n\t\t\t\t<\/div>\n\t\t\t\t\t<\/div>\n\t\t<\/div>\n\t\t\t\t\t<\/div>\n\t\t<\/section>\n\t\t\t\t\t<\/div>\n\t\t<\/div>\n\t\t\t\t<div class=\"elementor-column elementor-col-33 elementor-top-column elementor-element elementor-element-ba3b825\" data-id=\"ba3b825\" data-element_type=\"column\">\n\t\t\t<div class=\"elementor-widget-wrap\">\n\t\t\t\t\t\t\t<\/div>\n\t\t<\/div>\n\t\t\t\t\t<\/div>\n\t\t<\/section>\n\t\t\t\t<\/div>\n\t\t","protected":false},"excerpt":{"rendered":"<p>INDIVIDUELLER SERVICE Was bedeutet individueller Service f\u00fcr unsere Kund*innen? Es bedeutet, ein ma\u00dfgeschneidertes Serviceuniversum zu erleben, das genau auf die individuellen Bed\u00fcrfnisse abgestimmt ist, die ihn urspr\u00fcnglich veranlasst haben auf die Suche nach neuen L\u00f6sungen zu gehen. \u00dcber die Jahre haben wir die Individualisierung zu unserem Markenzeichen gemacht, indem wir gemeinsam mit unseren Kund*innen Herausforderungen&hellip;<\/p>\n","protected":false},"author":1,"featured_media":0,"parent":0,"menu_order":0,"comment_status":"closed","ping_status":"closed","template":"","meta":{"footnotes":""},"class_list":["post-1919","page","type-page","status-publish","hentry"],"_links":{"self":[{"href":"https:\/\/www.clmbz.it\/de\/wp-json\/wp\/v2\/pages\/1919","targetHints":{"allow":["GET"]}}],"collection":[{"href":"https:\/\/www.clmbz.it\/de\/wp-json\/wp\/v2\/pages"}],"about":[{"href":"https:\/\/www.clmbz.it\/de\/wp-json\/wp\/v2\/types\/page"}],"author":[{"embeddable":true,"href":"https:\/\/www.clmbz.it\/de\/wp-json\/wp\/v2\/users\/1"}],"replies":[{"embeddable":true,"href":"https:\/\/www.clmbz.it\/de\/wp-json\/wp\/v2\/comments?post=1919"}],"version-history":[{"count":2,"href":"https:\/\/www.clmbz.it\/de\/wp-json\/wp\/v2\/pages\/1919\/revisions"}],"predecessor-version":[{"id":1922,"href":"https:\/\/www.clmbz.it\/de\/wp-json\/wp\/v2\/pages\/1919\/revisions\/1922"}],"wp:attachment":[{"href":"https:\/\/www.clmbz.it\/de\/wp-json\/wp\/v2\/media?parent=1919"}],"curies":[{"name":"wp","href":"https:\/\/api.w.org\/{rel}","templated":true}]}}