{"id":1930,"date":"2022-02-19T11:39:27","date_gmt":"2022-02-19T10:39:27","guid":{"rendered":"https:\/\/www.clmbz.it\/zertifizierungen\/"},"modified":"2025-12-16T18:38:01","modified_gmt":"2025-12-16T17:38:01","slug":"zertifizierungen","status":"publish","type":"page","link":"https:\/\/www.clmbz.it\/de\/zertifizierungen\/","title":{"rendered":"ZERTIFIZIERUNGEN"},"content":{"rendered":"\t\t<div data-elementor-type=\"wp-page\" data-elementor-id=\"1930\" class=\"elementor elementor-1930 elementor-49\">\n\t\t\t\t\t\t<section class=\"elementor-section elementor-top-section elementor-element elementor-element-22e4bfe elementor-section-boxed elementor-section-height-default elementor-section-height-default\" data-id=\"22e4bfe\" data-element_type=\"section\">\n\t\t\t\t\t\t<div class=\"elementor-container elementor-column-gap-default\">\n\t\t\t\t\t<div class=\"elementor-column elementor-col-100 elementor-top-column elementor-element elementor-element-eee7f2b\" data-id=\"eee7f2b\" data-element_type=\"column\">\n\t\t\t<div class=\"elementor-widget-wrap elementor-element-populated\">\n\t\t\t\t\t\t<div class=\"elementor-element elementor-element-bc0d335 elementor-widget elementor-widget-heading\" data-id=\"bc0d335\" data-element_type=\"widget\" data-widget_type=\"heading.default\">\n\t\t\t\t<div class=\"elementor-widget-container\">\n\t\t\t<style>\/*! elementor - v3.20.0 - 13-03-2024 *\/\n.elementor-heading-title{padding:0;margin:0;line-height:1}.elementor-widget-heading .elementor-heading-title[class*=elementor-size-]>a{color:inherit;font-size:inherit;line-height:inherit}.elementor-widget-heading .elementor-heading-title.elementor-size-small{font-size:15px}.elementor-widget-heading .elementor-heading-title.elementor-size-medium{font-size:19px}.elementor-widget-heading .elementor-heading-title.elementor-size-large{font-size:29px}.elementor-widget-heading .elementor-heading-title.elementor-size-xl{font-size:39px}.elementor-widget-heading .elementor-heading-title.elementor-size-xxl{font-size:59px}<\/style><h1 class=\"elementor-heading-title elementor-size-xl\">ZERTIFIZIERUNGEN<\/h1>\t\t<\/div>\n\t\t\t\t<\/div>\n\t\t\t\t\t<\/div>\n\t\t<\/div>\n\t\t\t\t\t<\/div>\n\t\t<\/section>\n\t\t\t\t<section class=\"elementor-section elementor-top-section elementor-element elementor-element-15b34d7 elementor-section-full_width elementor-section-content-middle elementor-section-height-default elementor-section-height-default\" data-id=\"15b34d7\" data-element_type=\"section\">\n\t\t\t\t\t\t<div class=\"elementor-container elementor-column-gap-default\">\n\t\t\t\t\t<div class=\"elementor-column elementor-col-33 elementor-top-column elementor-element elementor-element-4ff4742\" data-id=\"4ff4742\" data-element_type=\"column\">\n\t\t\t<div class=\"elementor-widget-wrap\">\n\t\t\t\t\t\t\t<\/div>\n\t\t<\/div>\n\t\t\t\t<div class=\"elementor-column elementor-col-33 elementor-top-column elementor-element elementor-element-53911ae\" data-id=\"53911ae\" data-element_type=\"column\">\n\t\t\t<div class=\"elementor-widget-wrap elementor-element-populated\">\n\t\t\t\t\t\t<section class=\"elementor-section elementor-inner-section elementor-element elementor-element-b2267d8 elementor-section-full_width elementor-section-content-middle elementor-section-height-default elementor-section-height-default\" data-id=\"b2267d8\" data-element_type=\"section\">\n\t\t\t\t\t\t<div class=\"elementor-container elementor-column-gap-default\">\n\t\t\t\t\t<div class=\"elementor-column elementor-col-50 elementor-inner-column elementor-element elementor-element-b3f1fb0\" data-id=\"b3f1fb0\" data-element_type=\"column\">\n\t\t\t<div class=\"elementor-widget-wrap elementor-element-populated\">\n\t\t\t\t\t\t<div class=\"elementor-element elementor-element-5612329 elementor-widget elementor-widget-heading\" data-id=\"5612329\" data-element_type=\"widget\" data-widget_type=\"heading.default\">\n\t\t\t\t<div class=\"elementor-widget-container\">\n\t\t\t<h2 class=\"elementor-heading-title elementor-size-default\">Qualit\u00e4tspolitik<\/h2>\t\t<\/div>\n\t\t\t\t<\/div>\n\t\t\t\t<div class=\"elementor-element elementor-element-c604560 elementor-widget elementor-widget-text-editor\" data-id=\"c604560\" data-element_type=\"widget\" data-widget_type=\"text-editor.default\">\n\t\t\t\t<div class=\"elementor-widget-container\">\n\t\t\t<style>\/*! elementor - v3.20.0 - 13-03-2024 *\/\n.elementor-widget-text-editor.elementor-drop-cap-view-stacked .elementor-drop-cap{background-color:#69727d;color:#fff}.elementor-widget-text-editor.elementor-drop-cap-view-framed .elementor-drop-cap{color:#69727d;border:3px solid;background-color:transparent}.elementor-widget-text-editor:not(.elementor-drop-cap-view-default) .elementor-drop-cap{margin-top:8px}.elementor-widget-text-editor:not(.elementor-drop-cap-view-default) .elementor-drop-cap-letter{width:1em;height:1em}.elementor-widget-text-editor .elementor-drop-cap{float:left;text-align:center;line-height:1;font-size:50px}.elementor-widget-text-editor .elementor-drop-cap-letter{display:inline-block}<\/style>\t\t\t\t<p>CLM stellt die Zufriedenheit der Kund*innen und aller relevanten Stakeholder in den Mittelpunkt seiner Unternehmensphilosophie.<br>Dank kontinuierlicher Investitionen in modernste Maschinen und Technologien sind wir heute in der Lage, <span style=\"color: #809cc6;\"><strong>Qualit\u00e4tsstandards<\/strong><\/span> zu garantieren, die viele unserer Wettbewerber nicht erf\u00fcllen.<\/p>\n<p>Viele Unternehmen sind erfolgreich, aber nur exzellente Unternehmen planen ihr Wachstum, gestalten ihre Zukunft, setzen sich strategische Ziele und machen Innovation und Qualit\u00e4t nicht nur zu einem Gesch\u00e4ftsmodell, sondern zu einem echten Wettbewerbsvorteil. <br>CLM strebt danach, ein Vorbild f\u00fcr <span style=\"color: #809cc6;\"><strong>Exzellenz<\/strong><\/span> zu sein, um auf nationalen und internationalen M\u00e4rkten wettbewerbsf\u00e4hig zu bleiben und eine F\u00fchrungsposition zu erreichen.<\/p>\t\t\t\t\t\t<\/div>\n\t\t\t\t<\/div>\n\t\t\t\t<div class=\"elementor-element elementor-element-a12f5f2 elementor-widget elementor-widget-text-editor\" data-id=\"a12f5f2\" data-element_type=\"widget\" data-widget_type=\"text-editor.default\">\n\t\t\t\t<div class=\"elementor-widget-container\">\n\t\t\t\t\t\t\t<p><a href=\"http:\/\/www.clmbz.it\/2022\/wp-content\/uploads\/2025\/12\/REV_PDF_DE_DOC-PQ-Politica-per-la-qualita-1.pdf\">Lesen Sie unsere vollst\u00e4ndige Qualit\u00e4tspolitik (PDF)<\/a><\/p>\n\t\t\t\t\t\t<\/div>\n\t\t\t\t<\/div>\n\t\t\t\t\t<\/div>\n\t\t<\/div>\n\t\t\t\t<div class=\"elementor-column elementor-col-50 elementor-inner-column elementor-element elementor-element-80beee0\" data-id=\"80beee0\" data-element_type=\"column\">\n\t\t\t<div class=\"elementor-widget-wrap elementor-element-populated\">\n\t\t\t\t\t\t<div class=\"elementor-element elementor-element-45db681 elementor-widget elementor-widget-image\" data-id=\"45db681\" data-element_type=\"widget\" data-widget_type=\"image.default\">\n\t\t\t\t<div class=\"elementor-widget-container\">\n\t\t\t<style>\/*! elementor - v3.20.0 - 13-03-2024 *\/\n.elementor-widget-image{text-align:center}.elementor-widget-image a{display:inline-block}.elementor-widget-image a img[src$=\".svg\"]{width:48px}.elementor-widget-image img{vertical-align:middle;display:inline-block}<\/style>\t\t\t\t\t\t\t\t\t\t<img fetchpriority=\"high\" decoding=\"async\" width=\"533\" height=\"714\" src=\"https:\/\/www.clmbz.it\/2022\/wp-content\/uploads\/2025\/01\/Come-immagine-8-1.png\" class=\"attachment-large size-large wp-image-1406\" alt=\"\" srcset=\"https:\/\/www.clmbz.it\/2022\/wp-content\/uploads\/2025\/01\/Come-immagine-8-1.png 533w, https:\/\/www.clmbz.it\/2022\/wp-content\/uploads\/2025\/01\/Come-immagine-8-1-224x300.png 224w\" sizes=\"(max-width: 533px) 100vw, 533px\" \/>\t\t\t\t\t\t\t\t\t\t\t\t\t<\/div>\n\t\t\t\t<\/div>\n\t\t\t\t\t<\/div>\n\t\t<\/div>\n\t\t\t\t\t<\/div>\n\t\t<\/section>\n\t\t\t\t\t<\/div>\n\t\t<\/div>\n\t\t\t\t<div class=\"elementor-column elementor-col-33 elementor-top-column elementor-element elementor-element-3c620db\" data-id=\"3c620db\" data-element_type=\"column\">\n\t\t\t<div class=\"elementor-widget-wrap\">\n\t\t\t\t\t\t\t<\/div>\n\t\t<\/div>\n\t\t\t\t\t<\/div>\n\t\t<\/section>\n\t\t\t\t<section class=\"elementor-section elementor-top-section elementor-element elementor-element-5dcaded elementor-section-full_width elementor-section-content-middle elementor-section-height-default elementor-section-height-default\" data-id=\"5dcaded\" data-element_type=\"section\">\n\t\t\t\t\t\t<div class=\"elementor-container elementor-column-gap-default\">\n\t\t\t\t\t<div class=\"elementor-column elementor-col-33 elementor-top-column elementor-element elementor-element-1d2c253\" data-id=\"1d2c253\" data-element_type=\"column\">\n\t\t\t<div class=\"elementor-widget-wrap\">\n\t\t\t\t\t\t\t<\/div>\n\t\t<\/div>\n\t\t\t\t<div class=\"elementor-column elementor-col-33 elementor-top-column elementor-element elementor-element-1a31727\" data-id=\"1a31727\" data-element_type=\"column\">\n\t\t\t<div class=\"elementor-widget-wrap elementor-element-populated\">\n\t\t\t\t\t\t<section class=\"elementor-section elementor-inner-section elementor-element elementor-element-57f9150 elementor-section-full_width elementor-section-content-middle elementor-reverse-tablet elementor-reverse-mobile elementor-section-height-default elementor-section-height-default\" data-id=\"57f9150\" data-element_type=\"section\">\n\t\t\t\t\t\t<div class=\"elementor-container elementor-column-gap-default\">\n\t\t\t\t\t<div class=\"elementor-column elementor-col-50 elementor-inner-column elementor-element elementor-element-149e5e6\" data-id=\"149e5e6\" data-element_type=\"column\">\n\t\t\t<div class=\"elementor-widget-wrap elementor-element-populated\">\n\t\t\t\t\t\t<div class=\"elementor-element elementor-element-92f424e elementor-widget elementor-widget-image\" data-id=\"92f424e\" data-element_type=\"widget\" data-widget_type=\"image.default\">\n\t\t\t\t<div class=\"elementor-widget-container\">\n\t\t\t\t\t\t\t\t\t\t\t\t\t<img decoding=\"async\" width=\"830\" height=\"830\" src=\"https:\/\/www.clmbz.it\/2022\/wp-content\/uploads\/2025\/01\/Come-immagine-9-1024x1024.png\" class=\"attachment-large size-large wp-image-1407\" alt=\"\" srcset=\"https:\/\/www.clmbz.it\/2022\/wp-content\/uploads\/2025\/01\/Come-immagine-9-1024x1024.png 1024w, https:\/\/www.clmbz.it\/2022\/wp-content\/uploads\/2025\/01\/Come-immagine-9-300x300.png 300w, https:\/\/www.clmbz.it\/2022\/wp-content\/uploads\/2025\/01\/Come-immagine-9-150x150.png 150w, https:\/\/www.clmbz.it\/2022\/wp-content\/uploads\/2025\/01\/Come-immagine-9-768x768.png 768w, https:\/\/www.clmbz.it\/2022\/wp-content\/uploads\/2025\/01\/Come-immagine-9-70x70.png 70w, https:\/\/www.clmbz.it\/2022\/wp-content\/uploads\/2025\/01\/Come-immagine-9-850x850.png 850w, https:\/\/www.clmbz.it\/2022\/wp-content\/uploads\/2025\/01\/Come-immagine-9.png 1080w\" sizes=\"(max-width: 830px) 100vw, 830px\" \/>\t\t\t\t\t\t\t\t\t\t\t\t\t<\/div>\n\t\t\t\t<\/div>\n\t\t\t\t\t<\/div>\n\t\t<\/div>\n\t\t\t\t<div class=\"elementor-column elementor-col-50 elementor-inner-column elementor-element elementor-element-793e2fd\" data-id=\"793e2fd\" data-element_type=\"column\">\n\t\t\t<div class=\"elementor-widget-wrap elementor-element-populated\">\n\t\t\t\t\t\t<div class=\"elementor-element elementor-element-a0d471d elementor-widget elementor-widget-heading\" data-id=\"a0d471d\" data-element_type=\"widget\" data-widget_type=\"heading.default\">\n\t\t\t\t<div class=\"elementor-widget-container\">\n\t\t\t<h2 class=\"elementor-heading-title elementor-size-default\">Verhaltenskodex<\/h2>\t\t<\/div>\n\t\t\t\t<\/div>\n\t\t\t\t<div class=\"elementor-element elementor-element-cf3f68b elementor-widget elementor-widget-text-editor\" data-id=\"cf3f68b\" data-element_type=\"widget\" data-widget_type=\"text-editor.default\">\n\t\t\t\t<div class=\"elementor-widget-container\">\n\t\t\t\t\t\t\t<p>Der Verhaltenskodex ist ein wichtiges Instrument der unternehmerischen Sozialverantwortung zur F\u00f6rderung guter Verhaltenspraktiken. Der CLM-Verhaltenskodex konkretisiert die Prinzipien unseres Qualit\u00e4tsmanagementsystems nach <span style=\"color: #809cc6;\"><strong>ISO 9001<\/strong><\/span> und <span style=\"color: #809cc6;\"><strong>IATF 16949<\/strong><\/span>.<\/p>\n<p>Die \u00dcberarbeitung 2022 erfolgte im Einklang mit den Anforderungen der IATF 16949 f\u00fcr die Automobilindustrie unter <span style=\"color: #809cc6;\"><strong>aktiver Mitwirkung aller Mitarbeitenden<\/strong><\/span>, um klare und gemeinsam getragene Verhaltensstandards im Unternehmen festzulegen.<\/p>\n\t\t\t\t\t\t<\/div>\n\t\t\t\t<\/div>\n\t\t\t\t<div class=\"elementor-element elementor-element-3a9ab27 elementor-widget elementor-widget-text-editor\" data-id=\"3a9ab27\" data-element_type=\"widget\" data-widget_type=\"text-editor.default\">\n\t\t\t\t<div class=\"elementor-widget-container\">\n\t\t\t\t\t\t\t<p><a href=\"http:\/\/www.clmbz.it\/2022\/wp-content\/uploads\/2025\/12\/REV_DE_DOC-CE-Codice-etico.pdf\">Lesen Sie unseren Verhaltenskodex(PDF)<\/a><\/p>\n\t\t\t\t\t\t<\/div>\n\t\t\t\t<\/div>\n\t\t\t\t\t<\/div>\n\t\t<\/div>\n\t\t\t\t\t<\/div>\n\t\t<\/section>\n\t\t\t\t\t<\/div>\n\t\t<\/div>\n\t\t\t\t<div class=\"elementor-column elementor-col-33 elementor-top-column elementor-element elementor-element-b084824\" data-id=\"b084824\" data-element_type=\"column\">\n\t\t\t<div class=\"elementor-widget-wrap\">\n\t\t\t\t\t\t\t<\/div>\n\t\t<\/div>\n\t\t\t\t\t<\/div>\n\t\t<\/section>\n\t\t\t\t<section class=\"elementor-section elementor-top-section elementor-element elementor-element-fe52db4 elementor-section-full_width elementor-section-content-middle elementor-section-height-default elementor-section-height-default\" data-id=\"fe52db4\" data-element_type=\"section\">\n\t\t\t\t\t\t<div class=\"elementor-container elementor-column-gap-default\">\n\t\t\t\t\t<div class=\"elementor-column elementor-col-33 elementor-top-column elementor-element elementor-element-89e1529\" data-id=\"89e1529\" data-element_type=\"column\">\n\t\t\t<div class=\"elementor-widget-wrap\">\n\t\t\t\t\t\t\t<\/div>\n\t\t<\/div>\n\t\t\t\t<div class=\"elementor-column elementor-col-33 elementor-top-column elementor-element elementor-element-aaf5d14\" data-id=\"aaf5d14\" data-element_type=\"column\">\n\t\t\t<div class=\"elementor-widget-wrap elementor-element-populated\">\n\t\t\t\t\t\t<section class=\"elementor-section elementor-inner-section elementor-element elementor-element-a863381 elementor-section-full_width elementor-section-content-middle elementor-section-height-default elementor-section-height-default\" data-id=\"a863381\" data-element_type=\"section\">\n\t\t\t\t\t\t<div class=\"elementor-container elementor-column-gap-default\">\n\t\t\t\t\t<div class=\"elementor-column elementor-col-50 elementor-inner-column elementor-element elementor-element-aa75c74\" data-id=\"aa75c74\" data-element_type=\"column\">\n\t\t\t<div class=\"elementor-widget-wrap elementor-element-populated\">\n\t\t\t\t\t\t<div class=\"elementor-element elementor-element-3ba8392 elementor-widget elementor-widget-heading\" data-id=\"3ba8392\" data-element_type=\"widget\" data-widget_type=\"heading.default\">\n\t\t\t\t<div class=\"elementor-widget-container\">\n\t\t\t<h2 class=\"elementor-heading-title elementor-size-default\">Zertifizierung nach ISO 9001:2015<\/h2>\t\t<\/div>\n\t\t\t\t<\/div>\n\t\t\t\t<div class=\"elementor-element elementor-element-389429d elementor-widget elementor-widget-text-editor\" data-id=\"389429d\" data-element_type=\"widget\" data-widget_type=\"text-editor.default\">\n\t\t\t\t<div class=\"elementor-widget-container\">\n\t\t\t\t\t\t\t<p>CLM folgt den Vorgaben der ISO 9001:2015-Norm mit dem Ziel, ein <span style=\"color: #809cc6;\"><strong>Qualit\u00e4tsmanagementsystem<\/strong><\/span> aufzubauen, die Unternehmensprozesse zu verbessern und die Effizienz und Effektivit\u00e4t der Produktfertigung und Serviceleistung zu steigern. Dies erm\u00f6glicht es unserem Unternehmen, h\u00f6here Kundenzufriedenheit zu erreichen und kontinuierlich zu steigern.<\/p>\n\t\t\t\t\t\t<\/div>\n\t\t\t\t<\/div>\n\t\t\t\t<div class=\"elementor-element elementor-element-738dccd elementor-widget elementor-widget-text-editor\" data-id=\"738dccd\" data-element_type=\"widget\" data-widget_type=\"text-editor.default\">\n\t\t\t\t<div class=\"elementor-widget-container\">\n\t\t\t\t\t\t\t<p><a href=\"http:\/\/www.clmbz.it\/2022\/wp-content\/uploads\/2025\/02\/ISO-90012015-CLM-ITA-PDF.pdf\">ISO 9001:2015 CLM ITA (PDF)<\/a><\/p>\n\t\t\t\t\t\t<\/div>\n\t\t\t\t<\/div>\n\t\t\t\t<div class=\"elementor-element elementor-element-09cbbfe elementor-widget elementor-widget-text-editor\" data-id=\"09cbbfe\" data-element_type=\"widget\" data-widget_type=\"text-editor.default\">\n\t\t\t\t<div class=\"elementor-widget-container\">\n\t\t\t\t\t\t\t<p><a href=\"http:\/\/www.clmbz.it\/2022\/wp-content\/uploads\/2025\/02\/ISO-90012015-CLM-ENG-PDF.pdf\">ISO 9001:2015 CLM ENG (PDF)<\/a><\/p>\n\t\t\t\t\t\t<\/div>\n\t\t\t\t<\/div>\n\t\t\t\t\t<\/div>\n\t\t<\/div>\n\t\t\t\t<div class=\"elementor-column elementor-col-50 elementor-inner-column elementor-element elementor-element-4ff55d7\" data-id=\"4ff55d7\" data-element_type=\"column\">\n\t\t\t<div class=\"elementor-widget-wrap elementor-element-populated\">\n\t\t\t\t\t\t<div class=\"elementor-element elementor-element-75c7879 elementor-widget elementor-widget-image\" data-id=\"75c7879\" data-element_type=\"widget\" data-widget_type=\"image.default\">\n\t\t\t\t<div class=\"elementor-widget-container\">\n\t\t\t\t\t\t\t\t\t\t\t\t\t<img decoding=\"async\" width=\"830\" height=\"830\" src=\"https:\/\/www.clmbz.it\/2022\/wp-content\/uploads\/2025\/01\/Come-immagine-10-1024x1024.png\" class=\"attachment-large size-large wp-image-1411\" alt=\"\" srcset=\"https:\/\/www.clmbz.it\/2022\/wp-content\/uploads\/2025\/01\/Come-immagine-10-1024x1024.png 1024w, https:\/\/www.clmbz.it\/2022\/wp-content\/uploads\/2025\/01\/Come-immagine-10-300x300.png 300w, https:\/\/www.clmbz.it\/2022\/wp-content\/uploads\/2025\/01\/Come-immagine-10-150x150.png 150w, https:\/\/www.clmbz.it\/2022\/wp-content\/uploads\/2025\/01\/Come-immagine-10-768x768.png 768w, https:\/\/www.clmbz.it\/2022\/wp-content\/uploads\/2025\/01\/Come-immagine-10-70x70.png 70w, https:\/\/www.clmbz.it\/2022\/wp-content\/uploads\/2025\/01\/Come-immagine-10-850x850.png 850w, https:\/\/www.clmbz.it\/2022\/wp-content\/uploads\/2025\/01\/Come-immagine-10.png 1080w\" sizes=\"(max-width: 830px) 100vw, 830px\" \/>\t\t\t\t\t\t\t\t\t\t\t\t\t<\/div>\n\t\t\t\t<\/div>\n\t\t\t\t\t<\/div>\n\t\t<\/div>\n\t\t\t\t\t<\/div>\n\t\t<\/section>\n\t\t\t\t\t<\/div>\n\t\t<\/div>\n\t\t\t\t<div class=\"elementor-column elementor-col-33 elementor-top-column elementor-element elementor-element-f1e91ac\" data-id=\"f1e91ac\" data-element_type=\"column\">\n\t\t\t<div class=\"elementor-widget-wrap\">\n\t\t\t\t\t\t\t<\/div>\n\t\t<\/div>\n\t\t\t\t\t<\/div>\n\t\t<\/section>\n\t\t\t\t<section class=\"elementor-section elementor-top-section elementor-element elementor-element-dba41e9 elementor-section-full_width elementor-section-content-middle elementor-section-height-default elementor-section-height-default\" data-id=\"dba41e9\" data-element_type=\"section\">\n\t\t\t\t\t\t<div class=\"elementor-container elementor-column-gap-default\">\n\t\t\t\t\t<div class=\"elementor-column elementor-col-33 elementor-top-column elementor-element elementor-element-714ce90\" data-id=\"714ce90\" data-element_type=\"column\">\n\t\t\t<div class=\"elementor-widget-wrap\">\n\t\t\t\t\t\t\t<\/div>\n\t\t<\/div>\n\t\t\t\t<div class=\"elementor-column elementor-col-33 elementor-top-column elementor-element elementor-element-6689db3\" data-id=\"6689db3\" data-element_type=\"column\">\n\t\t\t<div class=\"elementor-widget-wrap elementor-element-populated\">\n\t\t\t\t\t\t<section class=\"elementor-section elementor-inner-section elementor-element elementor-element-14a17a0 elementor-section-full_width elementor-section-content-middle elementor-section-height-default elementor-section-height-default\" data-id=\"14a17a0\" data-element_type=\"section\">\n\t\t\t\t\t\t<div class=\"elementor-container elementor-column-gap-default\">\n\t\t\t\t\t<div class=\"elementor-column elementor-col-50 elementor-inner-column elementor-element elementor-element-568fcda\" data-id=\"568fcda\" data-element_type=\"column\">\n\t\t\t<div class=\"elementor-widget-wrap elementor-element-populated\">\n\t\t\t\t\t\t<div class=\"elementor-element elementor-element-97162ea elementor-widget elementor-widget-image\" data-id=\"97162ea\" data-element_type=\"widget\" data-widget_type=\"image.default\">\n\t\t\t\t<div class=\"elementor-widget-container\">\n\t\t\t\t\t\t\t\t\t\t\t\t\t<img loading=\"lazy\" decoding=\"async\" width=\"830\" height=\"830\" src=\"https:\/\/www.clmbz.it\/2022\/wp-content\/uploads\/2025\/01\/Come-immagine-11-1024x1024.png\" class=\"attachment-large size-large wp-image-1412\" alt=\"\" srcset=\"https:\/\/www.clmbz.it\/2022\/wp-content\/uploads\/2025\/01\/Come-immagine-11-1024x1024.png 1024w, https:\/\/www.clmbz.it\/2022\/wp-content\/uploads\/2025\/01\/Come-immagine-11-300x300.png 300w, https:\/\/www.clmbz.it\/2022\/wp-content\/uploads\/2025\/01\/Come-immagine-11-150x150.png 150w, https:\/\/www.clmbz.it\/2022\/wp-content\/uploads\/2025\/01\/Come-immagine-11-768x768.png 768w, https:\/\/www.clmbz.it\/2022\/wp-content\/uploads\/2025\/01\/Come-immagine-11-70x70.png 70w, https:\/\/www.clmbz.it\/2022\/wp-content\/uploads\/2025\/01\/Come-immagine-11-850x850.png 850w, https:\/\/www.clmbz.it\/2022\/wp-content\/uploads\/2025\/01\/Come-immagine-11.png 1080w\" sizes=\"(max-width: 830px) 100vw, 830px\" \/>\t\t\t\t\t\t\t\t\t\t\t\t\t<\/div>\n\t\t\t\t<\/div>\n\t\t\t\t\t<\/div>\n\t\t<\/div>\n\t\t\t\t<div class=\"elementor-column elementor-col-50 elementor-inner-column elementor-element elementor-element-4ddcee5\" data-id=\"4ddcee5\" data-element_type=\"column\">\n\t\t\t<div class=\"elementor-widget-wrap elementor-element-populated\">\n\t\t\t\t\t\t<div class=\"elementor-element elementor-element-aee3cda elementor-widget elementor-widget-heading\" data-id=\"aee3cda\" data-element_type=\"widget\" data-widget_type=\"heading.default\">\n\t\t\t\t<div class=\"elementor-widget-container\">\n\t\t\t<h2 class=\"elementor-heading-title elementor-size-default\">Zertifizierung nach IATF 16949:2016<\/h2>\t\t<\/div>\n\t\t\t\t<\/div>\n\t\t\t\t<div class=\"elementor-element elementor-element-5a33871 elementor-widget elementor-widget-text-editor\" data-id=\"5a33871\" data-element_type=\"widget\" data-widget_type=\"text-editor.default\">\n\t\t\t\t<div class=\"elementor-widget-container\">\n\t\t\t\t\t\t\t<p>2022 hat CLM die Zertifizierung nach IATF 16949:2016 erhalten, die f\u00fcr den Automobilsektor gilt und sich auf spezifische Kundenanforderungen wie kontinuierliche Verbesserung, <span style=\"color: #809cc6;\"><strong>Vermeidung von Fertigungsfehlern<\/strong><\/span>, <span style=\"color: #809cc6;\"><strong>Reduzierung von Verschwendung<\/strong><\/span> in der Lieferkette und Sicherstellung der Gesch\u00e4ftskontinuit\u00e4t konzentriert. Es handelt sich um einen dynamischen Prozess, bei dem relevante Bereiche des Managementsystems sowie betriebliche Abl\u00e4ufe systematisch identifiziert, bewertet und verbessert werden.<\/p>\n\t\t\t\t\t\t<\/div>\n\t\t\t\t<\/div>\n\t\t\t\t<div class=\"elementor-element elementor-element-c6dec1f elementor-widget elementor-widget-text-editor\" data-id=\"c6dec1f\" data-element_type=\"widget\" data-widget_type=\"text-editor.default\">\n\t\t\t\t<div class=\"elementor-widget-container\">\n\t\t\t\t\t\t\t<p><a href=\"http:\/\/www.clmbz.it\/2022\/wp-content\/uploads\/2025\/02\/IATF-169492016-CLM-ITA-PDF.pdf\">IATF 16949:2016 CLM ITA (PDF)<\/a><\/p>\n\t\t\t\t\t\t<\/div>\n\t\t\t\t<\/div>\n\t\t\t\t<div class=\"elementor-element elementor-element-d9114aa elementor-widget elementor-widget-text-editor\" data-id=\"d9114aa\" data-element_type=\"widget\" data-widget_type=\"text-editor.default\">\n\t\t\t\t<div class=\"elementor-widget-container\">\n\t\t\t\t\t\t\t<p><a href=\"http:\/\/www.clmbz.it\/2022\/wp-content\/uploads\/2025\/02\/IATF-169492016-CLM-ENG-PDF.pdf\">IATF 16949:2016 CLM ENG (PDF)<\/a><\/p>\n\t\t\t\t\t\t<\/div>\n\t\t\t\t<\/div>\n\t\t\t\t\t<\/div>\n\t\t<\/div>\n\t\t\t\t\t<\/div>\n\t\t<\/section>\n\t\t\t\t\t<\/div>\n\t\t<\/div>\n\t\t\t\t<div class=\"elementor-column elementor-col-33 elementor-top-column elementor-element elementor-element-dd31892\" data-id=\"dd31892\" data-element_type=\"column\">\n\t\t\t<div class=\"elementor-widget-wrap\">\n\t\t\t\t\t\t\t<\/div>\n\t\t<\/div>\n\t\t\t\t\t<\/div>\n\t\t<\/section>\n\t\t\t\t<\/div>\n\t\t","protected":false},"excerpt":{"rendered":"<p>ZERTIFIZIERUNGEN Qualit\u00e4tspolitik CLM stellt die Zufriedenheit der Kund*innen und aller relevanten Stakeholder in den Mittelpunkt seiner Unternehmensphilosophie.Dank kontinuierlicher Investitionen in modernste Maschinen und Technologien sind wir heute in der Lage, Qualit\u00e4tsstandards zu garantieren, die viele unserer Wettbewerber nicht erf\u00fcllen. Viele Unternehmen sind erfolgreich, aber nur exzellente Unternehmen planen ihr Wachstum, gestalten ihre Zukunft, setzen sich&hellip;<\/p>\n","protected":false},"author":1,"featured_media":0,"parent":0,"menu_order":0,"comment_status":"closed","ping_status":"closed","template":"elementor_header_footer","meta":{"footnotes":""},"class_list":["post-1930","page","type-page","status-publish","hentry"],"_links":{"self":[{"href":"https:\/\/www.clmbz.it\/de\/wp-json\/wp\/v2\/pages\/1930","targetHints":{"allow":["GET"]}}],"collection":[{"href":"https:\/\/www.clmbz.it\/de\/wp-json\/wp\/v2\/pages"}],"about":[{"href":"https:\/\/www.clmbz.it\/de\/wp-json\/wp\/v2\/types\/page"}],"author":[{"embeddable":true,"href":"https:\/\/www.clmbz.it\/de\/wp-json\/wp\/v2\/users\/1"}],"replies":[{"embeddable":true,"href":"https:\/\/www.clmbz.it\/de\/wp-json\/wp\/v2\/comments?post=1930"}],"version-history":[{"count":2,"href":"https:\/\/www.clmbz.it\/de\/wp-json\/wp\/v2\/pages\/1930\/revisions"}],"predecessor-version":[{"id":2056,"href":"https:\/\/www.clmbz.it\/de\/wp-json\/wp\/v2\/pages\/1930\/revisions\/2056"}],"wp:attachment":[{"href":"https:\/\/www.clmbz.it\/de\/wp-json\/wp\/v2\/media?parent=1930"}],"curies":[{"name":"wp","href":"https:\/\/api.w.org\/{rel}","templated":true}]}}