{"id":1938,"date":"2022-02-19T11:44:45","date_gmt":"2022-02-19T10:44:45","guid":{"rendered":"https:\/\/www.clmbz.it\/qualitatskontrolle\/"},"modified":"2025-12-16T18:31:45","modified_gmt":"2025-12-16T17:31:45","slug":"qualitatskontrolle","status":"publish","type":"page","link":"https:\/\/www.clmbz.it\/de\/qualitatskontrolle\/","title":{"rendered":"QUALIT\u00c4TSKONTROLLE"},"content":{"rendered":"\t\t<div data-elementor-type=\"wp-page\" data-elementor-id=\"1938\" class=\"elementor elementor-1938 elementor-64\">\n\t\t\t\t\t\t<section class=\"elementor-section elementor-top-section elementor-element elementor-element-a471799 elementor-section-boxed elementor-section-height-default elementor-section-height-default\" data-id=\"a471799\" data-element_type=\"section\">\n\t\t\t\t\t\t<div class=\"elementor-container elementor-column-gap-default\">\n\t\t\t\t\t<div class=\"elementor-column elementor-col-100 elementor-top-column elementor-element elementor-element-5778036\" data-id=\"5778036\" data-element_type=\"column\">\n\t\t\t<div class=\"elementor-widget-wrap elementor-element-populated\">\n\t\t\t\t\t\t<div class=\"elementor-element elementor-element-3c4c1dd elementor-widget elementor-widget-heading\" data-id=\"3c4c1dd\" data-element_type=\"widget\" data-widget_type=\"heading.default\">\n\t\t\t\t<div class=\"elementor-widget-container\">\n\t\t\t<style>\/*! elementor - v3.20.0 - 13-03-2024 *\/\n.elementor-heading-title{padding:0;margin:0;line-height:1}.elementor-widget-heading .elementor-heading-title[class*=elementor-size-]>a{color:inherit;font-size:inherit;line-height:inherit}.elementor-widget-heading .elementor-heading-title.elementor-size-small{font-size:15px}.elementor-widget-heading .elementor-heading-title.elementor-size-medium{font-size:19px}.elementor-widget-heading .elementor-heading-title.elementor-size-large{font-size:29px}.elementor-widget-heading .elementor-heading-title.elementor-size-xl{font-size:39px}.elementor-widget-heading .elementor-heading-title.elementor-size-xxl{font-size:59px}<\/style><h1 class=\"elementor-heading-title elementor-size-xl\">QUALIT\u00c4TSKONTROLLE<\/h1>\t\t<\/div>\n\t\t\t\t<\/div>\n\t\t\t\t\t<\/div>\n\t\t<\/div>\n\t\t\t\t\t<\/div>\n\t\t<\/section>\n\t\t\t\t<section class=\"elementor-section elementor-top-section elementor-element elementor-element-9d5d215 elementor-section-full_width elementor-section-content-middle elementor-section-height-default elementor-section-height-default\" data-id=\"9d5d215\" data-element_type=\"section\">\n\t\t\t\t\t\t<div class=\"elementor-container elementor-column-gap-default\">\n\t\t\t\t\t<div class=\"elementor-column elementor-col-33 elementor-top-column elementor-element elementor-element-767f331\" data-id=\"767f331\" data-element_type=\"column\">\n\t\t\t<div class=\"elementor-widget-wrap\">\n\t\t\t\t\t\t\t<\/div>\n\t\t<\/div>\n\t\t\t\t<div class=\"elementor-column elementor-col-33 elementor-top-column elementor-element elementor-element-34cc6fb\" data-id=\"34cc6fb\" data-element_type=\"column\">\n\t\t\t<div class=\"elementor-widget-wrap elementor-element-populated\">\n\t\t\t\t\t\t<section class=\"elementor-section elementor-inner-section elementor-element elementor-element-3732dc0 elementor-section-full_width elementor-section-content-middle elementor-section-height-default elementor-section-height-default\" data-id=\"3732dc0\" data-element_type=\"section\">\n\t\t\t\t\t\t<div class=\"elementor-container elementor-column-gap-default\">\n\t\t\t\t\t<div class=\"elementor-column elementor-col-50 elementor-inner-column elementor-element elementor-element-1e82fba\" data-id=\"1e82fba\" data-element_type=\"column\">\n\t\t\t<div class=\"elementor-widget-wrap elementor-element-populated\">\n\t\t\t\t\t\t<div class=\"elementor-element elementor-element-fac6ef1 elementor-widget elementor-widget-text-editor\" data-id=\"fac6ef1\" data-element_type=\"widget\" data-widget_type=\"text-editor.default\">\n\t\t\t\t<div class=\"elementor-widget-container\">\n\t\t\t<style>\/*! elementor - v3.20.0 - 13-03-2024 *\/\n.elementor-widget-text-editor.elementor-drop-cap-view-stacked .elementor-drop-cap{background-color:#69727d;color:#fff}.elementor-widget-text-editor.elementor-drop-cap-view-framed .elementor-drop-cap{color:#69727d;border:3px solid;background-color:transparent}.elementor-widget-text-editor:not(.elementor-drop-cap-view-default) .elementor-drop-cap{margin-top:8px}.elementor-widget-text-editor:not(.elementor-drop-cap-view-default) .elementor-drop-cap-letter{width:1em;height:1em}.elementor-widget-text-editor .elementor-drop-cap{float:left;text-align:center;line-height:1;font-size:50px}.elementor-widget-text-editor .elementor-drop-cap-letter{display:inline-block}<\/style>\t\t\t\t<p>Dank kontinuierlicher Investitionen in modernste Maschinen und Technologien sind wir heute in der Lage, Qualit\u00e4tsstandards zu garantieren, die viele unserer Wettbewerber nicht erf\u00fcllen.<\/p>\n<p>Unsere <span style=\"color: #809cc6;\"><strong>umfassende Qualit\u00e4tskontrolle<\/strong><\/span> pr\u00fcft alle Produktions- und Montagephasen, um ein <span style=\"color: #809cc6;\"><strong>in allen Aspekten fehlerfreies<\/strong><\/span> Endprodukt zu gew\u00e4hrleisten. Jede Phase spielt eine Schl\u00fcsselrolle und best\u00e4tigt die herausragende Qualit\u00e4t, die die Produktion von CLM von Anfang bis Ende auszeichnet.<\/p>\n\t\t\t\t\t\t<\/div>\n\t\t\t\t<\/div>\n\t\t\t\t\t<\/div>\n\t\t<\/div>\n\t\t\t\t<div class=\"elementor-column elementor-col-50 elementor-inner-column elementor-element elementor-element-c6e7cc6\" data-id=\"c6e7cc6\" data-element_type=\"column\">\n\t\t\t<div class=\"elementor-widget-wrap elementor-element-populated\">\n\t\t\t\t\t\t<div class=\"elementor-element elementor-element-a4a685a elementor-widget elementor-widget-image\" data-id=\"a4a685a\" data-element_type=\"widget\" data-widget_type=\"image.default\">\n\t\t\t\t<div class=\"elementor-widget-container\">\n\t\t\t<style>\/*! elementor - v3.20.0 - 13-03-2024 *\/\n.elementor-widget-image{text-align:center}.elementor-widget-image a{display:inline-block}.elementor-widget-image a img[src$=\".svg\"]{width:48px}.elementor-widget-image img{vertical-align:middle;display:inline-block}<\/style>\t\t\t\t\t\t\t\t\t\t<img fetchpriority=\"high\" decoding=\"async\" width=\"830\" height=\"830\" src=\"https:\/\/www.clmbz.it\/2022\/wp-content\/uploads\/2025\/01\/Come-immagine-12-1024x1024.png\" class=\"attachment-large size-large wp-image-1421\" alt=\"\" srcset=\"https:\/\/www.clmbz.it\/2022\/wp-content\/uploads\/2025\/01\/Come-immagine-12-1024x1024.png 1024w, https:\/\/www.clmbz.it\/2022\/wp-content\/uploads\/2025\/01\/Come-immagine-12-300x300.png 300w, https:\/\/www.clmbz.it\/2022\/wp-content\/uploads\/2025\/01\/Come-immagine-12-150x150.png 150w, https:\/\/www.clmbz.it\/2022\/wp-content\/uploads\/2025\/01\/Come-immagine-12-768x768.png 768w, https:\/\/www.clmbz.it\/2022\/wp-content\/uploads\/2025\/01\/Come-immagine-12-70x70.png 70w, https:\/\/www.clmbz.it\/2022\/wp-content\/uploads\/2025\/01\/Come-immagine-12-850x850.png 850w, https:\/\/www.clmbz.it\/2022\/wp-content\/uploads\/2025\/01\/Come-immagine-12.png 1080w\" sizes=\"(max-width: 830px) 100vw, 830px\" \/>\t\t\t\t\t\t\t\t\t\t\t\t\t<\/div>\n\t\t\t\t<\/div>\n\t\t\t\t\t<\/div>\n\t\t<\/div>\n\t\t\t\t\t<\/div>\n\t\t<\/section>\n\t\t\t\t\t<\/div>\n\t\t<\/div>\n\t\t\t\t<div class=\"elementor-column elementor-col-33 elementor-top-column elementor-element elementor-element-0eb2b82\" data-id=\"0eb2b82\" data-element_type=\"column\">\n\t\t\t<div class=\"elementor-widget-wrap\">\n\t\t\t\t\t\t\t<\/div>\n\t\t<\/div>\n\t\t\t\t\t<\/div>\n\t\t<\/section>\n\t\t\t\t<section class=\"elementor-section elementor-top-section elementor-element elementor-element-239719b elementor-section-full_width elementor-section-content-middle elementor-section-height-default elementor-section-height-default\" data-id=\"239719b\" data-element_type=\"section\">\n\t\t\t\t\t\t<div class=\"elementor-container elementor-column-gap-default\">\n\t\t\t\t\t<div class=\"elementor-column elementor-col-33 elementor-top-column elementor-element elementor-element-091cd3c\" data-id=\"091cd3c\" data-element_type=\"column\">\n\t\t\t<div class=\"elementor-widget-wrap\">\n\t\t\t\t\t\t\t<\/div>\n\t\t<\/div>\n\t\t\t\t<div class=\"elementor-column elementor-col-33 elementor-top-column elementor-element elementor-element-c9177e7\" data-id=\"c9177e7\" data-element_type=\"column\">\n\t\t\t<div class=\"elementor-widget-wrap elementor-element-populated\">\n\t\t\t\t\t\t<section class=\"elementor-section elementor-inner-section elementor-element elementor-element-7adac82 elementor-section-full_width elementor-section-content-middle elementor-reverse-tablet elementor-reverse-mobile elementor-section-height-default elementor-section-height-default\" data-id=\"7adac82\" data-element_type=\"section\">\n\t\t\t\t\t\t<div class=\"elementor-container elementor-column-gap-default\">\n\t\t\t\t\t<div class=\"elementor-column elementor-col-50 elementor-inner-column elementor-element elementor-element-f39850e\" data-id=\"f39850e\" data-element_type=\"column\">\n\t\t\t<div class=\"elementor-widget-wrap elementor-element-populated\">\n\t\t\t\t\t\t<div class=\"elementor-element elementor-element-c7661c0 elementor-widget elementor-widget-image\" data-id=\"c7661c0\" data-element_type=\"widget\" data-widget_type=\"image.default\">\n\t\t\t\t<div class=\"elementor-widget-container\">\n\t\t\t\t\t\t\t\t\t\t\t\t\t<img decoding=\"async\" width=\"534\" height=\"773\" src=\"https:\/\/www.clmbz.it\/2022\/wp-content\/uploads\/2025\/01\/Come-immagine-13.png\" class=\"attachment-large size-large wp-image-1422\" alt=\"\" srcset=\"https:\/\/www.clmbz.it\/2022\/wp-content\/uploads\/2025\/01\/Come-immagine-13.png 534w, https:\/\/www.clmbz.it\/2022\/wp-content\/uploads\/2025\/01\/Come-immagine-13-207x300.png 207w\" sizes=\"(max-width: 534px) 100vw, 534px\" \/>\t\t\t\t\t\t\t\t\t\t\t\t\t<\/div>\n\t\t\t\t<\/div>\n\t\t\t\t\t<\/div>\n\t\t<\/div>\n\t\t\t\t<div class=\"elementor-column elementor-col-50 elementor-inner-column elementor-element elementor-element-ade9064\" data-id=\"ade9064\" data-element_type=\"column\">\n\t\t\t<div class=\"elementor-widget-wrap elementor-element-populated\">\n\t\t\t\t\t\t<div class=\"elementor-element elementor-element-8ed0bf2 elementor-widget elementor-widget-text-editor\" data-id=\"8ed0bf2\" data-element_type=\"widget\" data-widget_type=\"text-editor.default\">\n\t\t\t\t<div class=\"elementor-widget-container\">\n\t\t\t\t\t\t\t<p>In den letzten drei Jahrzehnten haben wir zahlreiche Fortschritte erzielt.<\/p>\n\t\t\t\t\t\t<\/div>\n\t\t\t\t<\/div>\n\t\t\t\t<div class=\"elementor-element elementor-element-23f0fcd elementor-widget elementor-widget-text-editor\" data-id=\"23f0fcd\" data-element_type=\"widget\" data-widget_type=\"text-editor.default\">\n\t\t\t\t<div class=\"elementor-widget-container\">\n\t\t\t\t\t\t\t<p>Wir verf\u00fcgen \u00fcber einen hochmodernen <span style=\"color: #809cc6;\"><strong>Messraum<\/strong><\/span>, der mit allen notwendigen Ger\u00e4ten f\u00fcr eine umfassende Ma\u00dfkontrolle vor, w\u00e4hrend und nach der Bearbeitung ausgestattet ist. Wir entwickeln interne Pr\u00fcfverfahren und stellen sicher, dass die technischen Anforderungen unserer Kund*innen bis hin zur pr\u00e4zisen Ma\u00dfkontrolle vollst\u00e4ndig eingehalten werden.<\/p>\n\t\t\t\t\t\t<\/div>\n\t\t\t\t<\/div>\n\t\t\t\t\t<\/div>\n\t\t<\/div>\n\t\t\t\t\t<\/div>\n\t\t<\/section>\n\t\t\t\t\t<\/div>\n\t\t<\/div>\n\t\t\t\t<div class=\"elementor-column elementor-col-33 elementor-top-column elementor-element elementor-element-63a1054\" data-id=\"63a1054\" data-element_type=\"column\">\n\t\t\t<div class=\"elementor-widget-wrap\">\n\t\t\t\t\t\t\t<\/div>\n\t\t<\/div>\n\t\t\t\t\t<\/div>\n\t\t<\/section>\n\t\t\t\t<\/div>\n\t\t","protected":false},"excerpt":{"rendered":"<p>QUALIT\u00c4TSKONTROLLE Dank kontinuierlicher Investitionen in modernste Maschinen und Technologien sind wir heute in der Lage, Qualit\u00e4tsstandards zu garantieren, die viele unserer Wettbewerber nicht erf\u00fcllen. Unsere umfassende Qualit\u00e4tskontrolle pr\u00fcft alle Produktions- und Montagephasen, um ein in allen Aspekten fehlerfreies Endprodukt zu gew\u00e4hrleisten. Jede Phase spielt eine Schl\u00fcsselrolle und best\u00e4tigt die herausragende Qualit\u00e4t, die die Produktion von&hellip;<\/p>\n","protected":false},"author":1,"featured_media":0,"parent":0,"menu_order":0,"comment_status":"closed","ping_status":"closed","template":"elementor_header_footer","meta":{"footnotes":""},"class_list":["post-1938","page","type-page","status-publish","hentry"],"_links":{"self":[{"href":"https:\/\/www.clmbz.it\/de\/wp-json\/wp\/v2\/pages\/1938","targetHints":{"allow":["GET"]}}],"collection":[{"href":"https:\/\/www.clmbz.it\/de\/wp-json\/wp\/v2\/pages"}],"about":[{"href":"https:\/\/www.clmbz.it\/de\/wp-json\/wp\/v2\/types\/page"}],"author":[{"embeddable":true,"href":"https:\/\/www.clmbz.it\/de\/wp-json\/wp\/v2\/users\/1"}],"replies":[{"embeddable":true,"href":"https:\/\/www.clmbz.it\/de\/wp-json\/wp\/v2\/comments?post=1938"}],"version-history":[{"count":1,"href":"https:\/\/www.clmbz.it\/de\/wp-json\/wp\/v2\/pages\/1938\/revisions"}],"predecessor-version":[{"id":1941,"href":"https:\/\/www.clmbz.it\/de\/wp-json\/wp\/v2\/pages\/1938\/revisions\/1941"}],"wp:attachment":[{"href":"https:\/\/www.clmbz.it\/de\/wp-json\/wp\/v2\/media?parent=1938"}],"curies":[{"name":"wp","href":"https:\/\/api.w.org\/{rel}","templated":true}]}}