{"id":1944,"date":"2022-02-19T11:46:10","date_gmt":"2022-02-19T10:46:10","guid":{"rendered":"https:\/\/www.clmbz.it\/partnerschaften\/"},"modified":"2025-12-16T17:12:01","modified_gmt":"2025-12-16T16:12:01","slug":"partnerschaften","status":"publish","type":"page","link":"https:\/\/www.clmbz.it\/de\/partnerschaften\/","title":{"rendered":"PARTNERSCHAFTEN"},"content":{"rendered":"\t\t<div data-elementor-type=\"wp-page\" data-elementor-id=\"1944\" class=\"elementor elementor-1944 elementor-70\">\n\t\t\t\t\t\t<section class=\"elementor-section elementor-top-section elementor-element elementor-element-c4ff0f1 elementor-section-boxed elementor-section-height-default elementor-section-height-default\" data-id=\"c4ff0f1\" data-element_type=\"section\">\n\t\t\t\t\t\t<div class=\"elementor-container elementor-column-gap-default\">\n\t\t\t\t\t<div class=\"elementor-column elementor-col-100 elementor-top-column elementor-element elementor-element-c664ad9\" data-id=\"c664ad9\" data-element_type=\"column\">\n\t\t\t<div class=\"elementor-widget-wrap elementor-element-populated\">\n\t\t\t\t\t\t<div class=\"elementor-element elementor-element-449b7b0 elementor-widget elementor-widget-heading\" data-id=\"449b7b0\" data-element_type=\"widget\" data-widget_type=\"heading.default\">\n\t\t\t\t<div class=\"elementor-widget-container\">\n\t\t\t<style>\/*! elementor - v3.20.0 - 13-03-2024 *\/\n.elementor-heading-title{padding:0;margin:0;line-height:1}.elementor-widget-heading .elementor-heading-title[class*=elementor-size-]>a{color:inherit;font-size:inherit;line-height:inherit}.elementor-widget-heading .elementor-heading-title.elementor-size-small{font-size:15px}.elementor-widget-heading .elementor-heading-title.elementor-size-medium{font-size:19px}.elementor-widget-heading .elementor-heading-title.elementor-size-large{font-size:29px}.elementor-widget-heading .elementor-heading-title.elementor-size-xl{font-size:39px}.elementor-widget-heading .elementor-heading-title.elementor-size-xxl{font-size:59px}<\/style><h1 class=\"elementor-heading-title elementor-size-xl\">PARTNERSCHAFTEN<\/h1>\t\t<\/div>\n\t\t\t\t<\/div>\n\t\t\t\t\t<\/div>\n\t\t<\/div>\n\t\t\t\t\t<\/div>\n\t\t<\/section>\n\t\t\t\t<section class=\"elementor-section elementor-top-section elementor-element elementor-element-7cee182 elementor-section-boxed elementor-section-height-default elementor-section-height-default\" data-id=\"7cee182\" data-element_type=\"section\">\n\t\t\t\t\t\t<div class=\"elementor-container elementor-column-gap-default\">\n\t\t\t\t\t<div class=\"elementor-column elementor-col-100 elementor-top-column elementor-element elementor-element-3e226af\" data-id=\"3e226af\" data-element_type=\"column\">\n\t\t\t<div class=\"elementor-widget-wrap elementor-element-populated\">\n\t\t\t\t\t\t<div class=\"elementor-element elementor-element-0eb63e9 elementor-widget elementor-widget-text-editor\" data-id=\"0eb63e9\" data-element_type=\"widget\" data-widget_type=\"text-editor.default\">\n\t\t\t\t<div class=\"elementor-widget-container\">\n\t\t\t<style>\/*! elementor - v3.20.0 - 13-03-2024 *\/\n.elementor-widget-text-editor.elementor-drop-cap-view-stacked .elementor-drop-cap{background-color:#69727d;color:#fff}.elementor-widget-text-editor.elementor-drop-cap-view-framed .elementor-drop-cap{color:#69727d;border:3px solid;background-color:transparent}.elementor-widget-text-editor:not(.elementor-drop-cap-view-default) .elementor-drop-cap{margin-top:8px}.elementor-widget-text-editor:not(.elementor-drop-cap-view-default) .elementor-drop-cap-letter{width:1em;height:1em}.elementor-widget-text-editor .elementor-drop-cap{float:left;text-align:center;line-height:1;font-size:50px}.elementor-widget-text-editor .elementor-drop-cap-letter{display:inline-block}<\/style>\t\t\t\t<p><span style=\"font-weight: 400;\">Wenn Unternehmen strategische Partnerschaften eingehen, entsteht eine Beziehung, von der alle Beteiligten, ob gro\u00df oder klein, profitieren. Eine solche Zusammenarbeit st\u00e4rkt nicht nur das jeweilige Leistungsversprechen, <\/span>sondern erm\u00f6glicht auch den Zugang zu schwer erreichbaren M\u00e4rkten und die gemeinsame Nutzung von Ressourcen wie Know-how und Infrastrukturen.<\/p>\n<p><span style=\"font-weight: 400;\">CLM Srl hat im Laufe der Jahre zahlreiche stabile Partnerschaften mit treuen Kund*innen und Lieferant*innen aufgebaut.<\/span><\/p>\n\t\t\t\t\t\t<\/div>\n\t\t\t\t<\/div>\n\t\t\t\t\t<\/div>\n\t\t<\/div>\n\t\t\t\t\t<\/div>\n\t\t<\/section>\n\t\t\t\t<section class=\"elementor-section elementor-top-section elementor-element elementor-element-3096729 elementor-section-boxed elementor-section-height-default elementor-section-height-default\" data-id=\"3096729\" data-element_type=\"section\">\n\t\t\t\t\t\t<div class=\"elementor-container elementor-column-gap-default\">\n\t\t\t\t\t<div class=\"elementor-column elementor-col-33 elementor-top-column elementor-element elementor-element-0607ed3\" data-id=\"0607ed3\" data-element_type=\"column\">\n\t\t\t<div class=\"elementor-widget-wrap elementor-element-populated\">\n\t\t\t\t\t\t<div class=\"elementor-element elementor-element-f6a8725 elementor-widget elementor-widget-heading\" data-id=\"f6a8725\" data-element_type=\"widget\" data-widget_type=\"heading.default\">\n\t\t\t\t<div class=\"elementor-widget-container\">\n\t\t\t<h2 class=\"elementor-heading-title elementor-size-default\">Isolcell S.p.A.<\/h2>\t\t<\/div>\n\t\t\t\t<\/div>\n\t\t\t\t<div class=\"elementor-element elementor-element-85a8887 elementor-widget elementor-widget-image\" data-id=\"85a8887\" data-element_type=\"widget\" data-widget_type=\"image.default\">\n\t\t\t\t<div class=\"elementor-widget-container\">\n\t\t\t<style>\/*! elementor - v3.20.0 - 13-03-2024 *\/\n.elementor-widget-image{text-align:center}.elementor-widget-image a{display:inline-block}.elementor-widget-image a img[src$=\".svg\"]{width:48px}.elementor-widget-image img{vertical-align:middle;display:inline-block}<\/style>\t\t\t\t\t\t\t\t\t\t\t<a href=\"https:\/\/isolcell.com\/\">\n\t\t\t\t\t\t\t<img fetchpriority=\"high\" decoding=\"async\" width=\"440\" height=\"268\" src=\"https:\/\/www.clmbz.it\/2022\/wp-content\/uploads\/2022\/02\/isocell.png\" class=\"attachment-large size-large wp-image-91\" alt=\"\" srcset=\"https:\/\/www.clmbz.it\/2022\/wp-content\/uploads\/2022\/02\/isocell.png 440w, https:\/\/www.clmbz.it\/2022\/wp-content\/uploads\/2022\/02\/isocell-300x183.png 300w\" sizes=\"(max-width: 440px) 100vw, 440px\" \/>\t\t\t\t\t\t\t\t<\/a>\n\t\t\t\t\t\t\t\t\t\t\t\t\t<\/div>\n\t\t\t\t<\/div>\n\t\t\t\t\t<\/div>\n\t\t<\/div>\n\t\t\t\t<div class=\"elementor-column elementor-col-66 elementor-top-column elementor-element elementor-element-9be6775\" data-id=\"9be6775\" data-element_type=\"column\">\n\t\t\t<div class=\"elementor-widget-wrap elementor-element-populated\">\n\t\t\t\t\t\t<div class=\"elementor-element elementor-element-eab9e1e elementor-widget elementor-widget-text-editor\" data-id=\"eab9e1e\" data-element_type=\"widget\" data-widget_type=\"text-editor.default\">\n\t\t\t\t<div class=\"elementor-widget-container\">\n\t\t\t\t\t\t\t<p><span style=\"font-weight: 400;\">Als Weltmarktf\u00fchrer im Bereich der Erzeugung, Steuerung und Kontrolle von Atmosph\u00e4ren geht Isolcell seine st\u00e4ndige Innovationsherausforderung in enger Zusammenarbeit mit CLM an. Das Unternehmen verf\u00fcgt \u00fcber internationale Erfahrung in vielen Bereichen, von der klassischen Konservierung von Obst und Gem\u00fcse \u00fcber Anwendungen in der Pharmaindustrie bis hin zum sensiblen Bereich der Erhaltung von Kunstsch\u00e4tzen.<\/span><\/p>\n\t\t\t\t\t\t<\/div>\n\t\t\t\t<\/div>\n\t\t\t\t\t<\/div>\n\t\t<\/div>\n\t\t\t\t\t<\/div>\n\t\t<\/section>\n\t\t\t\t<section class=\"elementor-section elementor-top-section elementor-element elementor-element-6226c45 elementor-section-boxed elementor-section-height-default elementor-section-height-default\" data-id=\"6226c45\" data-element_type=\"section\">\n\t\t\t\t\t\t<div class=\"elementor-container elementor-column-gap-default\">\n\t\t\t\t\t<div class=\"elementor-column elementor-col-33 elementor-top-column elementor-element elementor-element-5b1fbee\" data-id=\"5b1fbee\" data-element_type=\"column\">\n\t\t\t<div class=\"elementor-widget-wrap elementor-element-populated\">\n\t\t\t\t\t\t<div class=\"elementor-element elementor-element-d58b238 elementor-widget elementor-widget-heading\" data-id=\"d58b238\" data-element_type=\"widget\" data-widget_type=\"heading.default\">\n\t\t\t\t<div class=\"elementor-widget-container\">\n\t\t\t<h2 class=\"elementor-heading-title elementor-size-default\">IVECO Defence Vehicles S.p.A.<\/h2>\t\t<\/div>\n\t\t\t\t<\/div>\n\t\t\t\t<div class=\"elementor-element elementor-element-3e0eb51 elementor-widget elementor-widget-image\" data-id=\"3e0eb51\" data-element_type=\"widget\" data-widget_type=\"image.default\">\n\t\t\t\t<div class=\"elementor-widget-container\">\n\t\t\t\t\t\t\t\t\t\t\t\t\t\t<a href=\"https:\/\/www.ivecodefencevehicles.com\/\">\n\t\t\t\t\t\t\t<img decoding=\"async\" width=\"830\" height=\"266\" src=\"https:\/\/www.clmbz.it\/2022\/wp-content\/uploads\/2022\/02\/Logo_defence_blu_HD-1-1024x328.jpg\" class=\"attachment-large size-large wp-image-92\" alt=\"\" srcset=\"https:\/\/www.clmbz.it\/2022\/wp-content\/uploads\/2022\/02\/Logo_defence_blu_HD-1-1024x328.jpg 1024w, https:\/\/www.clmbz.it\/2022\/wp-content\/uploads\/2022\/02\/Logo_defence_blu_HD-1-300x96.jpg 300w, https:\/\/www.clmbz.it\/2022\/wp-content\/uploads\/2022\/02\/Logo_defence_blu_HD-1-768x246.jpg 768w, https:\/\/www.clmbz.it\/2022\/wp-content\/uploads\/2022\/02\/Logo_defence_blu_HD-1-1536x492.jpg 1536w, https:\/\/www.clmbz.it\/2022\/wp-content\/uploads\/2022\/02\/Logo_defence_blu_HD-1-2048x656.jpg 2048w, https:\/\/www.clmbz.it\/2022\/wp-content\/uploads\/2022\/02\/Logo_defence_blu_HD-1-1920x615.jpg 1920w, https:\/\/www.clmbz.it\/2022\/wp-content\/uploads\/2022\/02\/Logo_defence_blu_HD-1-850x272.jpg 850w\" sizes=\"(max-width: 830px) 100vw, 830px\" \/>\t\t\t\t\t\t\t\t<\/a>\n\t\t\t\t\t\t\t\t\t\t\t\t\t<\/div>\n\t\t\t\t<\/div>\n\t\t\t\t\t<\/div>\n\t\t<\/div>\n\t\t\t\t<div class=\"elementor-column elementor-col-66 elementor-top-column elementor-element elementor-element-ac65fd2\" data-id=\"ac65fd2\" data-element_type=\"column\">\n\t\t\t<div class=\"elementor-widget-wrap elementor-element-populated\">\n\t\t\t\t\t\t<div class=\"elementor-element elementor-element-d33c368 elementor-widget elementor-widget-text-editor\" data-id=\"d33c368\" data-element_type=\"widget\" data-widget_type=\"text-editor.default\">\n\t\t\t\t<div class=\"elementor-widget-container\">\n\t\t\t\t\t\t\t<p><span style=\"font-weight: 400;\">Seit vielen Jahren arbeiten wir eng mit IVECO Defence Vehicles, einer Marke der CNH Industrial Gruppe, zusammen. Das Unternehmen mit Sitz in Bozen ist ein f\u00fchrender Anbieter von Technologie, Entwicklung, Fertigung und Vertrieb von Fahrzeugen f\u00fcr Schutz und Sicherheit im milit\u00e4rischen Bereich: darunter Lkws, gesch\u00fctzte Fahrzeuge und Mehrzweckfahrzeuge.<\/span><\/p>\n<p><span style=\"font-weight: 400;\">Das \u00fcber Jahre gewachsene Vertrauensverh\u00e4ltnis erm\u00f6glicht es CLM, aktiv an der Fertigung von Bauteilen f\u00fcr die Prototypen der modernsten Verteidigungsfahrzeuge mitzuwirken. F\u00fcr IVECO Defence Vehicles, deren Philosophie auf kontinuierliche Weiterentwicklung und Investition ausgerichtet ist, um die hohen Anforderungen globaler Kund*innen zu erf\u00fcllen, ist CLM ein starker und zuverl\u00e4ssiger Partner.<\/span><\/p>\n\t\t\t\t\t\t<\/div>\n\t\t\t\t<\/div>\n\t\t\t\t\t<\/div>\n\t\t<\/div>\n\t\t\t\t\t<\/div>\n\t\t<\/section>\n\t\t\t\t<section class=\"elementor-section elementor-top-section elementor-element elementor-element-ad27204 elementor-section-boxed elementor-section-height-default elementor-section-height-default\" data-id=\"ad27204\" data-element_type=\"section\">\n\t\t\t\t\t\t<div class=\"elementor-container elementor-column-gap-default\">\n\t\t\t\t\t<div class=\"elementor-column elementor-col-33 elementor-top-column elementor-element elementor-element-55b17b3\" data-id=\"55b17b3\" data-element_type=\"column\">\n\t\t\t<div class=\"elementor-widget-wrap elementor-element-populated\">\n\t\t\t\t\t\t<div class=\"elementor-element elementor-element-b7e0024 elementor-widget elementor-widget-heading\" data-id=\"b7e0024\" data-element_type=\"widget\" data-widget_type=\"heading.default\">\n\t\t\t\t<div class=\"elementor-widget-container\">\n\t\t\t<h2 class=\"elementor-heading-title elementor-size-default\">Leitner S.p.A.<\/h2>\t\t<\/div>\n\t\t\t\t<\/div>\n\t\t\t\t<div class=\"elementor-element elementor-element-cca52e1 elementor-widget elementor-widget-image\" data-id=\"cca52e1\" data-element_type=\"widget\" data-widget_type=\"image.default\">\n\t\t\t\t<div class=\"elementor-widget-container\">\n\t\t\t\t\t\t\t\t\t\t\t\t\t\t<a href=\"https:\/\/www.leitner-ropeways.com\/it\/\">\n\t\t\t\t\t\t\t<img decoding=\"async\" width=\"782\" height=\"131\" src=\"https:\/\/www.clmbz.it\/2022\/wp-content\/uploads\/2022\/02\/2020_Leitner_logo_Schriftzug_RGB-1.png\" class=\"attachment-large size-large wp-image-102\" alt=\"\" srcset=\"https:\/\/www.clmbz.it\/2022\/wp-content\/uploads\/2022\/02\/2020_Leitner_logo_Schriftzug_RGB-1.png 782w, https:\/\/www.clmbz.it\/2022\/wp-content\/uploads\/2022\/02\/2020_Leitner_logo_Schriftzug_RGB-1-300x50.png 300w, https:\/\/www.clmbz.it\/2022\/wp-content\/uploads\/2022\/02\/2020_Leitner_logo_Schriftzug_RGB-1-768x129.png 768w\" sizes=\"(max-width: 782px) 100vw, 782px\" \/>\t\t\t\t\t\t\t\t<\/a>\n\t\t\t\t\t\t\t\t\t\t\t\t\t<\/div>\n\t\t\t\t<\/div>\n\t\t\t\t\t<\/div>\n\t\t<\/div>\n\t\t\t\t<div class=\"elementor-column elementor-col-66 elementor-top-column elementor-element elementor-element-d1a0c65\" data-id=\"d1a0c65\" data-element_type=\"column\">\n\t\t\t<div class=\"elementor-widget-wrap elementor-element-populated\">\n\t\t\t\t\t\t<div class=\"elementor-element elementor-element-93f5863 elementor-widget elementor-widget-text-editor\" data-id=\"93f5863\" data-element_type=\"widget\" data-widget_type=\"text-editor.default\">\n\t\t\t\t<div class=\"elementor-widget-container\">\n\t\t\t\t\t\t\t<p><span style=\"font-weight: 400;\">LEITNER, unser unverzichtbarer Partner, produziert seit 1888 Seilbahnen und ist heute einer der weltweit f\u00fchrenden Hersteller von Seilf\u00f6rderanlagen. Der Name LEITNER steht heute f\u00fcr kuppelbare Sessel- und Kabinenbahnen, Pendelbahnen, Standseilbahnen, Schr\u00e4gaufz\u00fcge und Skilifte. Das S\u00fcdtiroler Unternehmen bietet Hightech-L\u00f6sungen, die Produkte zeichnen sich durch h\u00f6chste Qualit\u00e4t, hohe Funktionalit\u00e4t und anspruchsvolles Design aus.<\/span><\/p>\n\t\t\t\t\t\t<\/div>\n\t\t\t\t<\/div>\n\t\t\t\t\t<\/div>\n\t\t<\/div>\n\t\t\t\t\t<\/div>\n\t\t<\/section>\n\t\t\t\t<section class=\"elementor-section elementor-top-section elementor-element elementor-element-ec1bdcd elementor-section-boxed elementor-section-height-default elementor-section-height-default\" data-id=\"ec1bdcd\" data-element_type=\"section\">\n\t\t\t\t\t\t<div class=\"elementor-container elementor-column-gap-default\">\n\t\t\t\t\t<div class=\"elementor-column elementor-col-33 elementor-top-column elementor-element elementor-element-b95609a\" data-id=\"b95609a\" data-element_type=\"column\">\n\t\t\t<div class=\"elementor-widget-wrap elementor-element-populated\">\n\t\t\t\t\t\t<div class=\"elementor-element elementor-element-4789bc2 elementor-widget elementor-widget-heading\" data-id=\"4789bc2\" data-element_type=\"widget\" data-widget_type=\"heading.default\">\n\t\t\t\t<div class=\"elementor-widget-container\">\n\t\t\t<h2 class=\"elementor-heading-title elementor-size-default\">Microgate S.r.l.<\/h2>\t\t<\/div>\n\t\t\t\t<\/div>\n\t\t\t\t<div class=\"elementor-element elementor-element-f61cb01 elementor-widget elementor-widget-image\" data-id=\"f61cb01\" data-element_type=\"widget\" data-widget_type=\"image.default\">\n\t\t\t\t<div class=\"elementor-widget-container\">\n\t\t\t\t\t\t\t\t\t\t\t\t\t\t<a href=\"https:\/\/www.microgate.it\/\">\n\t\t\t\t\t\t\t<img loading=\"lazy\" decoding=\"async\" width=\"174\" height=\"30\" src=\"https:\/\/www.clmbz.it\/2022\/wp-content\/uploads\/2022\/02\/Microgate-1.png\" class=\"attachment-large size-large wp-image-109\" alt=\"\" \/>\t\t\t\t\t\t\t\t<\/a>\n\t\t\t\t\t\t\t\t\t\t\t\t\t<\/div>\n\t\t\t\t<\/div>\n\t\t\t\t\t<\/div>\n\t\t<\/div>\n\t\t\t\t<div class=\"elementor-column elementor-col-66 elementor-top-column elementor-element elementor-element-2d980b3\" data-id=\"2d980b3\" data-element_type=\"column\">\n\t\t\t<div class=\"elementor-widget-wrap elementor-element-populated\">\n\t\t\t\t\t\t<div class=\"elementor-element elementor-element-82f24ab elementor-widget elementor-widget-text-editor\" data-id=\"82f24ab\" data-element_type=\"widget\" data-widget_type=\"text-editor.default\">\n\t\t\t\t<div class=\"elementor-widget-container\">\n\t\t\t\t\t\t\t<p><span style=\"font-weight: 400;\">Pr\u00e4zision auf h\u00f6chstem Niveau, daf\u00fcr steht Microgate, ein langj\u00e4hriger Partner von CLM. Das Unternehmen richtet seine Entwicklung auf vier spezifische Bereiche aus: Timing, Training &amp; Sport, Medical Rehab und Engineering in mehr als 50 L\u00e4ndern weltweit. Heute ist Microgate ein Zentrum zur Entwicklung von Ideen und zur Produktion von technologischen L\u00f6sungen.<\/span><\/p>\n\t\t\t\t\t\t<\/div>\n\t\t\t\t<\/div>\n\t\t\t\t\t<\/div>\n\t\t<\/div>\n\t\t\t\t\t<\/div>\n\t\t<\/section>\n\t\t\t\t<section class=\"elementor-section elementor-top-section elementor-element elementor-element-e2f2ce9 elementor-section-boxed elementor-section-height-default elementor-section-height-default\" data-id=\"e2f2ce9\" data-element_type=\"section\">\n\t\t\t\t\t\t<div class=\"elementor-container elementor-column-gap-default\">\n\t\t\t\t\t<div class=\"elementor-column elementor-col-33 elementor-top-column elementor-element elementor-element-a0b82b5\" data-id=\"a0b82b5\" data-element_type=\"column\">\n\t\t\t<div class=\"elementor-widget-wrap elementor-element-populated\">\n\t\t\t\t\t\t<div class=\"elementor-element elementor-element-9c2b07b elementor-widget elementor-widget-heading\" data-id=\"9c2b07b\" data-element_type=\"widget\" data-widget_type=\"heading.default\">\n\t\t\t\t<div class=\"elementor-widget-container\">\n\t\t\t<h2 class=\"elementor-heading-title elementor-size-default\">Microtec S.r.l.<\/h2>\t\t<\/div>\n\t\t\t\t<\/div>\n\t\t\t\t<div class=\"elementor-element elementor-element-0ed73c6 elementor-widget elementor-widget-image\" data-id=\"0ed73c6\" data-element_type=\"widget\" data-widget_type=\"image.default\">\n\t\t\t\t<div class=\"elementor-widget-container\">\n\t\t\t\t\t\t\t\t\t\t\t\t\t\t<a href=\"https:\/\/microtec.eu\/it\/%20%20\">\n\t\t\t\t\t\t\t<img loading=\"lazy\" decoding=\"async\" width=\"300\" height=\"200\" src=\"https:\/\/www.clmbz.it\/2022\/wp-content\/uploads\/2022\/02\/Microtec_ok-1.jpg\" class=\"attachment-large size-large wp-image-110\" alt=\"\" \/>\t\t\t\t\t\t\t\t<\/a>\n\t\t\t\t\t\t\t\t\t\t\t\t\t<\/div>\n\t\t\t\t<\/div>\n\t\t\t\t\t<\/div>\n\t\t<\/div>\n\t\t\t\t<div class=\"elementor-column elementor-col-66 elementor-top-column elementor-element elementor-element-77b1b1c\" data-id=\"77b1b1c\" data-element_type=\"column\">\n\t\t\t<div class=\"elementor-widget-wrap elementor-element-populated\">\n\t\t\t\t\t\t<div class=\"elementor-element elementor-element-3777ca9 elementor-widget elementor-widget-text-editor\" data-id=\"3777ca9\" data-element_type=\"widget\" data-widget_type=\"text-editor.default\">\n\t\t\t\t<div class=\"elementor-widget-container\">\n\t\t\t\t\t\t\t<p><span style=\"font-weight: 400;\">Technologie im Dienst der Exzellenz. CLM ist stolzer Partner von Microtec, dem globalen Marktf\u00fchrer f\u00fcr Holzscanning und -optimierung. Microtec entwickelt Scanner- und Softwaresysteme, die tagt\u00e4glich die Qualit\u00e4t und Wertsch\u00f6pfung von Holzprodukten durch optimierte, automatisierte und effiziente Produktionsprozesse verbessern.<\/span><\/p>\n\t\t\t\t\t\t<\/div>\n\t\t\t\t<\/div>\n\t\t\t\t\t<\/div>\n\t\t<\/div>\n\t\t\t\t\t<\/div>\n\t\t<\/section>\n\t\t\t\t<\/div>\n\t\t","protected":false},"excerpt":{"rendered":"<p>PARTNERSCHAFTEN Wenn Unternehmen strategische Partnerschaften eingehen, entsteht eine Beziehung, von der alle Beteiligten, ob gro\u00df oder klein, profitieren. Eine solche Zusammenarbeit st\u00e4rkt nicht nur das jeweilige Leistungsversprechen, sondern erm\u00f6glicht auch den Zugang zu schwer erreichbaren M\u00e4rkten und die gemeinsame Nutzung von Ressourcen wie Know-how und Infrastrukturen. CLM Srl hat im Laufe der Jahre zahlreiche stabile&hellip;<\/p>\n","protected":false},"author":1,"featured_media":0,"parent":0,"menu_order":0,"comment_status":"closed","ping_status":"closed","template":"elementor_header_footer","meta":{"footnotes":""},"class_list":["post-1944","page","type-page","status-publish","hentry"],"_links":{"self":[{"href":"https:\/\/www.clmbz.it\/de\/wp-json\/wp\/v2\/pages\/1944","targetHints":{"allow":["GET"]}}],"collection":[{"href":"https:\/\/www.clmbz.it\/de\/wp-json\/wp\/v2\/pages"}],"about":[{"href":"https:\/\/www.clmbz.it\/de\/wp-json\/wp\/v2\/types\/page"}],"author":[{"embeddable":true,"href":"https:\/\/www.clmbz.it\/de\/wp-json\/wp\/v2\/users\/1"}],"replies":[{"embeddable":true,"href":"https:\/\/www.clmbz.it\/de\/wp-json\/wp\/v2\/comments?post=1944"}],"version-history":[{"count":1,"href":"https:\/\/www.clmbz.it\/de\/wp-json\/wp\/v2\/pages\/1944\/revisions"}],"predecessor-version":[{"id":1949,"href":"https:\/\/www.clmbz.it\/de\/wp-json\/wp\/v2\/pages\/1944\/revisions\/1949"}],"wp:attachment":[{"href":"https:\/\/www.clmbz.it\/de\/wp-json\/wp\/v2\/media?parent=1944"}],"curies":[{"name":"wp","href":"https:\/\/api.w.org\/{rel}","templated":true}]}}