{"id":1987,"date":"2022-02-19T11:32:39","date_gmt":"2022-02-19T10:32:39","guid":{"rendered":"https:\/\/www.clmbz.it\/cookie-richtlinie\/"},"modified":"2025-12-16T17:42:37","modified_gmt":"2025-12-16T16:42:37","slug":"cookie-richtlinie","status":"publish","type":"page","link":"https:\/\/www.clmbz.it\/de\/cookie-richtlinie\/","title":{"rendered":"COOKIE-RICHTLINIE"},"content":{"rendered":"\n<p><strong>COOKIE<\/strong><br\/>Cookies sind kleine Textdateien, die die vom Nutzer besuchten Websites an sein Endger\u00e4t senden, wo sie gespeichert werden, um beim n\u00e4chsten Besuch derselben Website erneut \u00fcbertragen zu werden. W\u00e4hrend der Nutzung unserer Website k\u00f6nnen auch Cookies von Drittanbietern auf Ihrem Ger\u00e4t gespeichert werden. Diese stammen von anderen Websites (vgl. Beschluss der italienischen Datenschutzbeh\u00f6rde betreffend Cookies Nr. 229 vom 8. Mai 2014). Um eine transparente und rechtm\u00e4\u00dfige Verwendung dieser Technologien zu gew\u00e4hrleisten, unterscheiden wir zwischen verschiedenen Cookie-Kategorien:<\/p>\n\n<p><strong>TECNISCH NOTWENDIGE COOKIES<\/strong><br\/>Diese Cookies werden ausschlie\u00dflich verwendet, um \u201edie \u00dcbertragung einer Nachricht \u00fcber ein elektronisches Kommunikationsnetz durchzuf\u00fchren oder soweit dies unbedingt erforderlich ist, damit der Anbieter eines Dienstes der Informationsgesellschaft, der ausdr\u00fccklich vom Teilnehmer oder Nutzer angefordert wurde, diesen Dienst erbringen kann\u201c (vgl. Art. 122, Abs. 1 des Datenschutzkodex und Beschluss Nr. 229\/2014). Dabei kann es sich z.\u202fB. um Navigations- oder Sitzungscookies handeln, die eine normale Navigation und Nutzung der Website erm\u00f6glichen (z.\u202fB. um einen Kauf zu t\u00e4tigen oder sich f\u00fcr reservierte Bereiche anzumelden).<br\/>F\u00fcr die Installation solcher Cookies ist keine vorherige Zustimmung der Nutzer erforderlich.<br\/><\/p>\n\n<p><strong>PROFILIERUNGS-COOKIES<\/strong><br\/>Profilierungs-Cookies dienen der Erstellung von Nutzerprofilen und werden verwendet, um Werbebotschaften entsprechend den beim Surfen ge\u00e4u\u00dferten Pr\u00e4ferenzen zu versenden.<br\/>Wegen ihrer Eingriffsintensit\u00e4t ist die vorherige Zustimmung der Nutzer zu ihrer Installation erforderlich, wie es in Art. 122 des Datenschutzkodex vorgesehen ist.<br\/><\/p>\n\n<p>ANALYTISCHE COOKIES<br\/>Diese Cookies dienen der \u00dcberwachung der Webseitennutzung durch die Nutzer und liefern statistische Berichte, die dem Seitenbetreiber bei der Optimierung helfen k\u00f6nnen. Eines der am h\u00e4ufigsten verwendeten Analyse-Tools ist \u201eGoogle Analytics\u201c, ein Dienst von Google Inc., \u00fcber den Browsing-Statistiken gesammelt werden k\u00f6nnen. Die Datenschutzbeh\u00f6rde hat klargestellt, dass diese Cookies als technisch notwendige Cookies angesehen werden k\u00f6nnen, sofern die IP-Adresse (auch teilweise) anonymisiert wird und keine Informationsweitergabe an Google erfolgt. Andernfalls gelten diese Cookies als Profilierungs-Cookies. Das Unternehmen hat zudem Ma\u00dfnahmen ergriffen, um die IP-Adresse des Nutzers teilweise zu anonymisieren und den Zugriff von Google auf Daten \u00fcber die Analytics-Tools einzuschr\u00e4nken. Jede Art von Cookie kann entweder ein Erstanbieter-Cookie (d. h. direkt vom Website-Betreiber gesetzt und verwaltet) oder ein Drittanbieter-Cookie sein (wenn es von Dritten gesetzt und verwaltet wird).<br\/>Zu den Cookies von Drittanbietern z\u00e4hlen auch sogenannte Social Plugins, d. h. Komponenten, die eine Integration mit sozialen Netzwerken erm\u00f6glichen (z.\u202fB. Facebook, Twitter, LinkedIn, Pinterest, Tumblr usw.),<br\/>sofern diese durch die Website Cookies generieren.<br\/><br\/>Die Verwaltung der von Dritten gesammelten Informationen unterliegt deren eigenen<br\/>Datenschutzerkl\u00e4rungen, auf die wir verweisen.<\/p>\n","protected":false},"excerpt":{"rendered":"<p>COOKIECookies sind kleine Textdateien, die die vom Nutzer besuchten Websites an sein Endger\u00e4t senden, wo sie gespeichert werden, um beim n\u00e4chsten Besuch derselben Website erneut \u00fcbertragen zu werden. W\u00e4hrend der Nutzung unserer Website k\u00f6nnen auch Cookies von Drittanbietern auf Ihrem Ger\u00e4t gespeichert werden. Diese stammen von anderen Websites (vgl. Beschluss der italienischen Datenschutzbeh\u00f6rde betreffend Cookies&hellip;<\/p>\n","protected":false},"author":1,"featured_media":0,"parent":0,"menu_order":0,"comment_status":"closed","ping_status":"closed","template":"elementor_header_footer","meta":{"footnotes":""},"class_list":["post-1987","page","type-page","status-publish","hentry"],"_links":{"self":[{"href":"https:\/\/www.clmbz.it\/de\/wp-json\/wp\/v2\/pages\/1987","targetHints":{"allow":["GET"]}}],"collection":[{"href":"https:\/\/www.clmbz.it\/de\/wp-json\/wp\/v2\/pages"}],"about":[{"href":"https:\/\/www.clmbz.it\/de\/wp-json\/wp\/v2\/types\/page"}],"author":[{"embeddable":true,"href":"https:\/\/www.clmbz.it\/de\/wp-json\/wp\/v2\/users\/1"}],"replies":[{"embeddable":true,"href":"https:\/\/www.clmbz.it\/de\/wp-json\/wp\/v2\/comments?post=1987"}],"version-history":[{"count":1,"href":"https:\/\/www.clmbz.it\/de\/wp-json\/wp\/v2\/pages\/1987\/revisions"}],"predecessor-version":[{"id":1988,"href":"https:\/\/www.clmbz.it\/de\/wp-json\/wp\/v2\/pages\/1987\/revisions\/1988"}],"wp:attachment":[{"href":"https:\/\/www.clmbz.it\/de\/wp-json\/wp\/v2\/media?parent=1987"}],"curies":[{"name":"wp","href":"https:\/\/api.w.org\/{rel}","templated":true}]}}