{"id":1989,"date":"2022-02-19T11:36:40","date_gmt":"2022-02-19T10:36:40","guid":{"rendered":"https:\/\/www.clmbz.it\/mechanische-bearbeitungen\/"},"modified":"2025-12-16T18:29:54","modified_gmt":"2025-12-16T17:29:54","slug":"mechanische-bearbeitungen","status":"publish","type":"page","link":"https:\/\/www.clmbz.it\/de\/mechanische-bearbeitungen\/","title":{"rendered":"MECHANISCHE BEARBEITUNGEN"},"content":{"rendered":"\t\t<div data-elementor-type=\"wp-page\" data-elementor-id=\"1989\" class=\"elementor elementor-1989 elementor-36\">\n\t\t\t\t\t\t<section class=\"elementor-section elementor-top-section elementor-element elementor-element-e9092c9 elementor-section-boxed elementor-section-height-default elementor-section-height-default\" data-id=\"e9092c9\" data-element_type=\"section\">\n\t\t\t\t\t\t<div class=\"elementor-container elementor-column-gap-default\">\n\t\t\t\t\t<div class=\"elementor-column elementor-col-100 elementor-top-column elementor-element elementor-element-d2323b4\" data-id=\"d2323b4\" data-element_type=\"column\">\n\t\t\t<div class=\"elementor-widget-wrap elementor-element-populated\">\n\t\t\t\t\t\t<div class=\"elementor-element elementor-element-f67bf64 elementor-widget elementor-widget-heading\" data-id=\"f67bf64\" data-element_type=\"widget\" data-widget_type=\"heading.default\">\n\t\t\t\t<div class=\"elementor-widget-container\">\n\t\t\t<style>\/*! elementor - v3.20.0 - 13-03-2024 *\/\n.elementor-heading-title{padding:0;margin:0;line-height:1}.elementor-widget-heading .elementor-heading-title[class*=elementor-size-]>a{color:inherit;font-size:inherit;line-height:inherit}.elementor-widget-heading .elementor-heading-title.elementor-size-small{font-size:15px}.elementor-widget-heading .elementor-heading-title.elementor-size-medium{font-size:19px}.elementor-widget-heading .elementor-heading-title.elementor-size-large{font-size:29px}.elementor-widget-heading .elementor-heading-title.elementor-size-xl{font-size:39px}.elementor-widget-heading .elementor-heading-title.elementor-size-xxl{font-size:59px}<\/style><h1 class=\"elementor-heading-title elementor-size-xl\">MECHANISCHE BEARBEITUNGEN<\/h1>\t\t<\/div>\n\t\t\t\t<\/div>\n\t\t\t\t\t<\/div>\n\t\t<\/div>\n\t\t\t\t\t<\/div>\n\t\t<\/section>\n\t\t\t\t<section class=\"elementor-section elementor-top-section elementor-element elementor-element-0856272 elementor-section-full_width elementor-section-content-middle elementor-section-height-default elementor-section-height-default\" data-id=\"0856272\" data-element_type=\"section\">\n\t\t\t\t\t\t<div class=\"elementor-container elementor-column-gap-default\">\n\t\t\t\t\t<div class=\"elementor-column elementor-col-33 elementor-top-column elementor-element elementor-element-f622434\" data-id=\"f622434\" data-element_type=\"column\">\n\t\t\t<div class=\"elementor-widget-wrap\">\n\t\t\t\t\t\t\t<\/div>\n\t\t<\/div>\n\t\t\t\t<div class=\"elementor-column elementor-col-33 elementor-top-column elementor-element elementor-element-9ce8b17\" data-id=\"9ce8b17\" data-element_type=\"column\">\n\t\t\t<div class=\"elementor-widget-wrap elementor-element-populated\">\n\t\t\t\t\t\t<section class=\"elementor-section elementor-inner-section elementor-element elementor-element-43d9fe4 elementor-section-full_width elementor-section-content-middle elementor-section-height-default elementor-section-height-default\" data-id=\"43d9fe4\" data-element_type=\"section\">\n\t\t\t\t\t\t<div class=\"elementor-container elementor-column-gap-default\">\n\t\t\t\t\t<div class=\"elementor-column elementor-col-50 elementor-inner-column elementor-element elementor-element-eab9d5c\" data-id=\"eab9d5c\" data-element_type=\"column\">\n\t\t\t<div class=\"elementor-widget-wrap elementor-element-populated\">\n\t\t\t\t\t\t<div class=\"elementor-element elementor-element-c0ba80b elementor-widget elementor-widget-text-editor\" data-id=\"c0ba80b\" data-element_type=\"widget\" data-widget_type=\"text-editor.default\">\n\t\t\t\t<div class=\"elementor-widget-container\">\n\t\t\t<style>\/*! elementor - v3.20.0 - 13-03-2024 *\/\n.elementor-widget-text-editor.elementor-drop-cap-view-stacked .elementor-drop-cap{background-color:#69727d;color:#fff}.elementor-widget-text-editor.elementor-drop-cap-view-framed .elementor-drop-cap{color:#69727d;border:3px solid;background-color:transparent}.elementor-widget-text-editor:not(.elementor-drop-cap-view-default) .elementor-drop-cap{margin-top:8px}.elementor-widget-text-editor:not(.elementor-drop-cap-view-default) .elementor-drop-cap-letter{width:1em;height:1em}.elementor-widget-text-editor .elementor-drop-cap{float:left;text-align:center;line-height:1;font-size:50px}.elementor-widget-text-editor .elementor-drop-cap-letter{display:inline-block}<\/style>\t\t\t\t<p>Wir sind spezialisiert auf hochpr\u00e4zise <span style=\"color: #809cc6;\"><strong>Dreh- und<\/strong><\/span> <span style=\"color: #809cc6;\"><strong>Fr\u00e4sbearbeitungen<\/strong><\/span> in Klein- und Mittelserien sowie auf <span style=\"color: #809cc6;\"><strong>Pr\u00fcfung<\/strong><\/span> und <span style=\"color: #809cc6;\"><strong>Montage<\/strong><\/span> der gefertigten Bauteile.<\/p>\n<p>Unsere Kompetenzen reichen von der Komponentenfertigung f\u00fcr Werkzeugmaschinen \u00fcber mechanische Antriebssysteme im Automotive-Bereich bis hin zu sicherheitsrelevanten Bauteilen in \u00f6ffentlichen Transportsystemen.<\/p>\n\t\t\t\t\t\t<\/div>\n\t\t\t\t<\/div>\n\t\t\t\t\t<\/div>\n\t\t<\/div>\n\t\t\t\t<div class=\"elementor-column elementor-col-50 elementor-inner-column elementor-element elementor-element-77d4cf9\" data-id=\"77d4cf9\" data-element_type=\"column\">\n\t\t\t<div class=\"elementor-widget-wrap elementor-element-populated\">\n\t\t\t\t\t\t<div class=\"elementor-element elementor-element-91c5d5a elementor-widget elementor-widget-image\" data-id=\"91c5d5a\" data-element_type=\"widget\" data-widget_type=\"image.default\">\n\t\t\t\t<div class=\"elementor-widget-container\">\n\t\t\t<style>\/*! elementor - v3.20.0 - 13-03-2024 *\/\n.elementor-widget-image{text-align:center}.elementor-widget-image a{display:inline-block}.elementor-widget-image a img[src$=\".svg\"]{width:48px}.elementor-widget-image img{vertical-align:middle;display:inline-block}<\/style>\t\t\t\t\t\t\t\t\t\t<img fetchpriority=\"high\" decoding=\"async\" width=\"790\" height=\"1024\" src=\"https:\/\/www.clmbz.it\/2022\/wp-content\/uploads\/2025\/01\/Lavorazioni-Meccaniche-Immagine-1-790x1024.png\" class=\"attachment-large size-large wp-image-1340\" alt=\"\" srcset=\"https:\/\/www.clmbz.it\/2022\/wp-content\/uploads\/2025\/01\/Lavorazioni-Meccaniche-Immagine-1-790x1024.png 790w, https:\/\/www.clmbz.it\/2022\/wp-content\/uploads\/2025\/01\/Lavorazioni-Meccaniche-Immagine-1-231x300.png 231w, https:\/\/www.clmbz.it\/2022\/wp-content\/uploads\/2025\/01\/Lavorazioni-Meccaniche-Immagine-1-768x996.png 768w, https:\/\/www.clmbz.it\/2022\/wp-content\/uploads\/2025\/01\/Lavorazioni-Meccaniche-Immagine-1.png 832w\" sizes=\"(max-width: 790px) 100vw, 790px\" \/>\t\t\t\t\t\t\t\t\t\t\t\t\t<\/div>\n\t\t\t\t<\/div>\n\t\t\t\t\t<\/div>\n\t\t<\/div>\n\t\t\t\t\t<\/div>\n\t\t<\/section>\n\t\t\t\t\t<\/div>\n\t\t<\/div>\n\t\t\t\t<div class=\"elementor-column elementor-col-33 elementor-top-column elementor-element elementor-element-af1662b\" data-id=\"af1662b\" data-element_type=\"column\">\n\t\t\t<div class=\"elementor-widget-wrap\">\n\t\t\t\t\t\t\t<\/div>\n\t\t<\/div>\n\t\t\t\t\t<\/div>\n\t\t<\/section>\n\t\t\t\t<section class=\"elementor-section elementor-top-section elementor-element elementor-element-f3d7bf1 elementor-section-full_width elementor-section-content-middle elementor-section-height-default elementor-section-height-default\" data-id=\"f3d7bf1\" data-element_type=\"section\">\n\t\t\t\t\t\t<div class=\"elementor-container elementor-column-gap-default\">\n\t\t\t\t\t<div class=\"elementor-column elementor-col-33 elementor-top-column elementor-element elementor-element-769d63f\" data-id=\"769d63f\" data-element_type=\"column\">\n\t\t\t<div class=\"elementor-widget-wrap\">\n\t\t\t\t\t\t\t<\/div>\n\t\t<\/div>\n\t\t\t\t<div class=\"elementor-column elementor-col-33 elementor-top-column elementor-element elementor-element-e8a9322\" data-id=\"e8a9322\" data-element_type=\"column\">\n\t\t\t<div class=\"elementor-widget-wrap elementor-element-populated\">\n\t\t\t\t\t\t<section class=\"elementor-section elementor-inner-section elementor-element elementor-element-84aa6c4 elementor-section-full_width elementor-section-content-middle elementor-reverse-tablet elementor-reverse-mobile elementor-section-height-default elementor-section-height-default\" data-id=\"84aa6c4\" data-element_type=\"section\">\n\t\t\t\t\t\t<div class=\"elementor-container elementor-column-gap-default\">\n\t\t\t\t\t<div class=\"elementor-column elementor-col-50 elementor-inner-column elementor-element elementor-element-f8ab43f\" data-id=\"f8ab43f\" data-element_type=\"column\">\n\t\t\t<div class=\"elementor-widget-wrap elementor-element-populated\">\n\t\t\t\t\t\t<div class=\"elementor-element elementor-element-2fdc52b elementor-widget elementor-widget-image\" data-id=\"2fdc52b\" data-element_type=\"widget\" data-widget_type=\"image.default\">\n\t\t\t\t<div class=\"elementor-widget-container\">\n\t\t\t\t\t\t\t\t\t\t\t\t\t<img decoding=\"async\" width=\"830\" height=\"830\" src=\"https:\/\/www.clmbz.it\/2022\/wp-content\/uploads\/2025\/01\/Lavorazioni-Meccaniche-Immagine-2-1024x1024.png\" class=\"attachment-large size-large wp-image-1341\" alt=\"\" srcset=\"https:\/\/www.clmbz.it\/2022\/wp-content\/uploads\/2025\/01\/Lavorazioni-Meccaniche-Immagine-2-1024x1024.png 1024w, https:\/\/www.clmbz.it\/2022\/wp-content\/uploads\/2025\/01\/Lavorazioni-Meccaniche-Immagine-2-300x300.png 300w, https:\/\/www.clmbz.it\/2022\/wp-content\/uploads\/2025\/01\/Lavorazioni-Meccaniche-Immagine-2-150x150.png 150w, https:\/\/www.clmbz.it\/2022\/wp-content\/uploads\/2025\/01\/Lavorazioni-Meccaniche-Immagine-2-768x768.png 768w, https:\/\/www.clmbz.it\/2022\/wp-content\/uploads\/2025\/01\/Lavorazioni-Meccaniche-Immagine-2-70x70.png 70w, https:\/\/www.clmbz.it\/2022\/wp-content\/uploads\/2025\/01\/Lavorazioni-Meccaniche-Immagine-2-850x850.png 850w, https:\/\/www.clmbz.it\/2022\/wp-content\/uploads\/2025\/01\/Lavorazioni-Meccaniche-Immagine-2.png 1080w\" sizes=\"(max-width: 830px) 100vw, 830px\" \/>\t\t\t\t\t\t\t\t\t\t\t\t\t<\/div>\n\t\t\t\t<\/div>\n\t\t\t\t\t<\/div>\n\t\t<\/div>\n\t\t\t\t<div class=\"elementor-column elementor-col-50 elementor-inner-column elementor-element elementor-element-5587302\" data-id=\"5587302\" data-element_type=\"column\">\n\t\t\t<div class=\"elementor-widget-wrap elementor-element-populated\">\n\t\t\t\t\t\t<div class=\"elementor-element elementor-element-7247aea elementor-widget elementor-widget-text-editor\" data-id=\"7247aea\" data-element_type=\"widget\" data-widget_type=\"text-editor.default\">\n\t\t\t\t<div class=\"elementor-widget-container\">\n\t\t\t\t\t\t\t<p>Wir streben kontinuierlich nach <span style=\"color: #1842b8;\"><strong>Exzellenz<\/strong><\/span>.<\/p>\n\t\t\t\t\t\t<\/div>\n\t\t\t\t<\/div>\n\t\t\t\t<div class=\"elementor-element elementor-element-f3089ee elementor-widget elementor-widget-text-editor\" data-id=\"f3089ee\" data-element_type=\"widget\" data-widget_type=\"text-editor.default\">\n\t\t\t\t<div class=\"elementor-widget-container\">\n\t\t\t\t\t\t\t<p>Unsere hohe Flexibilit\u00e4t, die breite Auswahl an bearbeiteten Werkstoffen und die Aufmerksamkeit f\u00fcr die individuellen Kundenanforderungen erm\u00f6glichen eine Produktion, die selbst h\u00f6chste Erwartungen erf\u00fcllt.<\/p>\n\t\t\t\t\t\t<\/div>\n\t\t\t\t<\/div>\n\t\t\t\t\t<\/div>\n\t\t<\/div>\n\t\t\t\t\t<\/div>\n\t\t<\/section>\n\t\t\t\t\t<\/div>\n\t\t<\/div>\n\t\t\t\t<div class=\"elementor-column elementor-col-33 elementor-top-column elementor-element elementor-element-da1b454\" data-id=\"da1b454\" data-element_type=\"column\">\n\t\t\t<div class=\"elementor-widget-wrap\">\n\t\t\t\t\t\t\t<\/div>\n\t\t<\/div>\n\t\t\t\t\t<\/div>\n\t\t<\/section>\n\t\t\t\t<section class=\"elementor-section elementor-top-section elementor-element elementor-element-c219eb3 elementor-section-boxed elementor-section-height-default elementor-section-height-default\" data-id=\"c219eb3\" data-element_type=\"section\">\n\t\t\t\t\t\t<div class=\"elementor-container elementor-column-gap-default\">\n\t\t\t\t\t<div class=\"elementor-column elementor-col-25 elementor-top-column elementor-element elementor-element-d0dd50a\" data-id=\"d0dd50a\" data-element_type=\"column\">\n\t\t\t<div class=\"elementor-widget-wrap elementor-element-populated\">\n\t\t\t\t\t\t<div class=\"elementor-element elementor-element-111775d elementor-widget elementor-widget-image\" data-id=\"111775d\" data-element_type=\"widget\" data-widget_type=\"image.default\">\n\t\t\t\t<div class=\"elementor-widget-container\">\n\t\t\t\t\t\t\t\t\t\t\t\t\t<img decoding=\"async\" width=\"300\" height=\"300\" src=\"https:\/\/www.clmbz.it\/2022\/wp-content\/uploads\/2022\/02\/CLM_Icone_Fresatura-300x300.png\" class=\"attachment-medium size-medium wp-image-164\" alt=\"\" srcset=\"https:\/\/www.clmbz.it\/2022\/wp-content\/uploads\/2022\/02\/CLM_Icone_Fresatura-300x300.png 300w, https:\/\/www.clmbz.it\/2022\/wp-content\/uploads\/2022\/02\/CLM_Icone_Fresatura-1024x1024.png 1024w, https:\/\/www.clmbz.it\/2022\/wp-content\/uploads\/2022\/02\/CLM_Icone_Fresatura-150x150.png 150w, https:\/\/www.clmbz.it\/2022\/wp-content\/uploads\/2022\/02\/CLM_Icone_Fresatura-768x768.png 768w, https:\/\/www.clmbz.it\/2022\/wp-content\/uploads\/2022\/02\/CLM_Icone_Fresatura-70x70.png 70w, https:\/\/www.clmbz.it\/2022\/wp-content\/uploads\/2022\/02\/CLM_Icone_Fresatura-850x850.png 850w, https:\/\/www.clmbz.it\/2022\/wp-content\/uploads\/2022\/02\/CLM_Icone_Fresatura.png 1182w\" sizes=\"(max-width: 300px) 100vw, 300px\" \/>\t\t\t\t\t\t\t\t\t\t\t\t\t<\/div>\n\t\t\t\t<\/div>\n\t\t\t\t<div class=\"elementor-element elementor-element-e029347 elementor-widget elementor-widget-heading\" data-id=\"e029347\" data-element_type=\"widget\" data-widget_type=\"heading.default\">\n\t\t\t\t<div class=\"elementor-widget-container\">\n\t\t\t<h2 class=\"elementor-heading-title elementor-size-default\">FR\u00c4SEN<\/h2>\t\t<\/div>\n\t\t\t\t<\/div>\n\t\t\t\t<div class=\"elementor-element elementor-element-1eea906 elementor-widget elementor-widget-text-editor\" data-id=\"1eea906\" data-element_type=\"widget\" data-widget_type=\"text-editor.default\">\n\t\t\t\t<div class=\"elementor-widget-container\">\n\t\t\t\t\t\t\t<p>Unsere Fr\u00e4sabteilung verf\u00fcgt \u00fcber 6 CNC-Fr\u00e4smaschinen mit vertikaler 3- bis 5-Achs- oder horizontaler 4-Achs-Spindel, die alle \u00fcber eine externe CAM-Station programmiert werden und nach 3D-Modellen arbeiten k\u00f6nnen.<\/p>\n\t\t\t\t\t\t<\/div>\n\t\t\t\t<\/div>\n\t\t\t\t\t<\/div>\n\t\t<\/div>\n\t\t\t\t<div class=\"elementor-column elementor-col-25 elementor-top-column elementor-element elementor-element-fd4bfc8\" data-id=\"fd4bfc8\" data-element_type=\"column\">\n\t\t\t<div class=\"elementor-widget-wrap elementor-element-populated\">\n\t\t\t\t\t\t<div class=\"elementor-element elementor-element-33491c1 elementor-widget elementor-widget-image\" data-id=\"33491c1\" data-element_type=\"widget\" data-widget_type=\"image.default\">\n\t\t\t\t<div class=\"elementor-widget-container\">\n\t\t\t\t\t\t\t\t\t\t\t\t\t<img loading=\"lazy\" decoding=\"async\" width=\"300\" height=\"300\" src=\"https:\/\/www.clmbz.it\/2022\/wp-content\/uploads\/2022\/02\/CLM_Icone_Tornitura-300x300.png\" class=\"attachment-medium size-medium wp-image-166\" alt=\"\" srcset=\"https:\/\/www.clmbz.it\/2022\/wp-content\/uploads\/2022\/02\/CLM_Icone_Tornitura-300x300.png 300w, https:\/\/www.clmbz.it\/2022\/wp-content\/uploads\/2022\/02\/CLM_Icone_Tornitura-1024x1024.png 1024w, https:\/\/www.clmbz.it\/2022\/wp-content\/uploads\/2022\/02\/CLM_Icone_Tornitura-150x150.png 150w, https:\/\/www.clmbz.it\/2022\/wp-content\/uploads\/2022\/02\/CLM_Icone_Tornitura-768x768.png 768w, https:\/\/www.clmbz.it\/2022\/wp-content\/uploads\/2022\/02\/CLM_Icone_Tornitura-70x70.png 70w, https:\/\/www.clmbz.it\/2022\/wp-content\/uploads\/2022\/02\/CLM_Icone_Tornitura-850x850.png 850w, https:\/\/www.clmbz.it\/2022\/wp-content\/uploads\/2022\/02\/CLM_Icone_Tornitura.png 1182w\" sizes=\"(max-width: 300px) 100vw, 300px\" \/>\t\t\t\t\t\t\t\t\t\t\t\t\t<\/div>\n\t\t\t\t<\/div>\n\t\t\t\t<div class=\"elementor-element elementor-element-6e17502 elementor-widget elementor-widget-heading\" data-id=\"6e17502\" data-element_type=\"widget\" data-widget_type=\"heading.default\">\n\t\t\t\t<div class=\"elementor-widget-container\">\n\t\t\t<h2 class=\"elementor-heading-title elementor-size-default\">DREHEN<\/h2>\t\t<\/div>\n\t\t\t\t<\/div>\n\t\t\t\t<div class=\"elementor-element elementor-element-32856ee elementor-widget elementor-widget-text-editor\" data-id=\"32856ee\" data-element_type=\"widget\" data-widget_type=\"text-editor.default\">\n\t\t\t\t<div class=\"elementor-widget-container\">\n\t\t\t\t\t\t\t<p>In der Drehabteilung sind 15 CNC-Drehzentren im Einsatz, konfiguriert f\u00fcr unterschiedliche Durchmesser und Produktionschargen. Die Maschinen sind mit angetriebenen Werkzeugen ausgestattet, um h\u00f6chste Pr\u00e4zision zu gew\u00e4hrleisten.<\/p>\n\t\t\t\t\t\t<\/div>\n\t\t\t\t<\/div>\n\t\t\t\t\t<\/div>\n\t\t<\/div>\n\t\t\t\t<div class=\"elementor-column elementor-col-25 elementor-top-column elementor-element elementor-element-85997de\" data-id=\"85997de\" data-element_type=\"column\">\n\t\t\t<div class=\"elementor-widget-wrap elementor-element-populated\">\n\t\t\t\t\t\t<div class=\"elementor-element elementor-element-1879800 elementor-widget elementor-widget-image\" data-id=\"1879800\" data-element_type=\"widget\" data-widget_type=\"image.default\">\n\t\t\t\t<div class=\"elementor-widget-container\">\n\t\t\t\t\t\t\t\t\t\t\t\t\t<img loading=\"lazy\" decoding=\"async\" width=\"300\" height=\"300\" src=\"https:\/\/www.clmbz.it\/2022\/wp-content\/uploads\/2022\/02\/CLM_Icone_Materiali-300x300.png\" class=\"attachment-medium size-medium wp-image-165\" alt=\"\" srcset=\"https:\/\/www.clmbz.it\/2022\/wp-content\/uploads\/2022\/02\/CLM_Icone_Materiali-300x300.png 300w, https:\/\/www.clmbz.it\/2022\/wp-content\/uploads\/2022\/02\/CLM_Icone_Materiali-1024x1024.png 1024w, https:\/\/www.clmbz.it\/2022\/wp-content\/uploads\/2022\/02\/CLM_Icone_Materiali-150x150.png 150w, https:\/\/www.clmbz.it\/2022\/wp-content\/uploads\/2022\/02\/CLM_Icone_Materiali-768x768.png 768w, https:\/\/www.clmbz.it\/2022\/wp-content\/uploads\/2022\/02\/CLM_Icone_Materiali-70x70.png 70w, https:\/\/www.clmbz.it\/2022\/wp-content\/uploads\/2022\/02\/CLM_Icone_Materiali-850x850.png 850w, https:\/\/www.clmbz.it\/2022\/wp-content\/uploads\/2022\/02\/CLM_Icone_Materiali.png 1182w\" sizes=\"(max-width: 300px) 100vw, 300px\" \/>\t\t\t\t\t\t\t\t\t\t\t\t\t<\/div>\n\t\t\t\t<\/div>\n\t\t\t\t<div class=\"elementor-element elementor-element-06b6f9c elementor-widget elementor-widget-heading\" data-id=\"06b6f9c\" data-element_type=\"widget\" data-widget_type=\"heading.default\">\n\t\t\t\t<div class=\"elementor-widget-container\">\n\t\t\t<h2 class=\"elementor-heading-title elementor-size-default\">MATERIALIEN<\/h2>\t\t<\/div>\n\t\t\t\t<\/div>\n\t\t\t\t<div class=\"elementor-element elementor-element-75ace7e elementor-widget elementor-widget-text-editor\" data-id=\"75ace7e\" data-element_type=\"widget\" data-widget_type=\"text-editor.default\">\n\t\t\t\t<div class=\"elementor-widget-container\">\n\t\t\t\t\t\t\t<p>Unsere umfangreiche Auswahl an verarbeiteten Materialien erm\u00f6glicht es uns, alle Kundenanforderungen zu erf\u00fcllen. <br \/>Von rostfreiem Stahl \u00fcber Sonderlegierungen, Aluminium und Messing bis hin zu technischen Kunststoffen bieten wir eine breite Palette an Metallen, Werkstoffen, Behandlungen und Beschichtungen.<\/p>\n\t\t\t\t\t\t<\/div>\n\t\t\t\t<\/div>\n\t\t\t\t\t<\/div>\n\t\t<\/div>\n\t\t\t\t<div class=\"elementor-column elementor-col-25 elementor-top-column elementor-element elementor-element-8c6ef9d\" data-id=\"8c6ef9d\" data-element_type=\"column\">\n\t\t\t<div class=\"elementor-widget-wrap elementor-element-populated\">\n\t\t\t\t\t\t<div class=\"elementor-element elementor-element-ec5876c elementor-widget elementor-widget-image\" data-id=\"ec5876c\" data-element_type=\"widget\" data-widget_type=\"image.default\">\n\t\t\t\t<div class=\"elementor-widget-container\">\n\t\t\t\t\t\t\t\t\t\t\t\t\t<img loading=\"lazy\" decoding=\"async\" width=\"300\" height=\"300\" src=\"https:\/\/www.clmbz.it\/2022\/wp-content\/uploads\/2022\/02\/CLM_Icone_Trattamenti-300x300.png\" class=\"attachment-medium size-medium wp-image-167\" alt=\"\" srcset=\"https:\/\/www.clmbz.it\/2022\/wp-content\/uploads\/2022\/02\/CLM_Icone_Trattamenti-300x300.png 300w, https:\/\/www.clmbz.it\/2022\/wp-content\/uploads\/2022\/02\/CLM_Icone_Trattamenti-1024x1024.png 1024w, https:\/\/www.clmbz.it\/2022\/wp-content\/uploads\/2022\/02\/CLM_Icone_Trattamenti-150x150.png 150w, https:\/\/www.clmbz.it\/2022\/wp-content\/uploads\/2022\/02\/CLM_Icone_Trattamenti-768x768.png 768w, https:\/\/www.clmbz.it\/2022\/wp-content\/uploads\/2022\/02\/CLM_Icone_Trattamenti-70x70.png 70w, https:\/\/www.clmbz.it\/2022\/wp-content\/uploads\/2022\/02\/CLM_Icone_Trattamenti-850x850.png 850w, https:\/\/www.clmbz.it\/2022\/wp-content\/uploads\/2022\/02\/CLM_Icone_Trattamenti.png 1182w\" sizes=\"(max-width: 300px) 100vw, 300px\" \/>\t\t\t\t\t\t\t\t\t\t\t\t\t<\/div>\n\t\t\t\t<\/div>\n\t\t\t\t<div class=\"elementor-element elementor-element-c7120ad elementor-widget elementor-widget-heading\" data-id=\"c7120ad\" data-element_type=\"widget\" data-widget_type=\"heading.default\">\n\t\t\t\t<div class=\"elementor-widget-container\">\n\t\t\t<h2 class=\"elementor-heading-title elementor-size-default\">BEHANDLUNGEN<\/h2>\t\t<\/div>\n\t\t\t\t<\/div>\n\t\t\t\t<div class=\"elementor-element elementor-element-ba783ff elementor-widget elementor-widget-text-editor\" data-id=\"ba783ff\" data-element_type=\"widget\" data-widget_type=\"text-editor.default\">\n\t\t\t\t<div class=\"elementor-widget-container\">\n\t\t\t\t\t\t\t<p>Dank unserer langj\u00e4hrigen Partnerschaften garantieren wir die Qualit\u00e4t und Langlebigkeit der Produkte durch Schutz- und W\u00e4rmebehandlungen wie Geomet, Vernickelung, Br\u00fcnierung, Phosphatierung, Verchromung, Eloxierung, Verzinkung, Einsatzh\u00e4rtung, Nitrocarburierung und H\u00e4rten.<\/p>\n\t\t\t\t\t\t<\/div>\n\t\t\t\t<\/div>\n\t\t\t\t\t<\/div>\n\t\t<\/div>\n\t\t\t\t\t<\/div>\n\t\t<\/section>\n\t\t\t\t<\/div>\n\t\t","protected":false},"excerpt":{"rendered":"<p>MECHANISCHE BEARBEITUNGEN Wir sind spezialisiert auf hochpr\u00e4zise Dreh- und Fr\u00e4sbearbeitungen in Klein- und Mittelserien sowie auf Pr\u00fcfung und Montage der gefertigten Bauteile. Unsere Kompetenzen reichen von der Komponentenfertigung f\u00fcr Werkzeugmaschinen \u00fcber mechanische Antriebssysteme im Automotive-Bereich bis hin zu sicherheitsrelevanten Bauteilen in \u00f6ffentlichen Transportsystemen. Wir streben kontinuierlich nach Exzellenz. Unsere hohe Flexibilit\u00e4t, die breite Auswahl an&hellip;<\/p>\n","protected":false},"author":1,"featured_media":0,"parent":0,"menu_order":0,"comment_status":"closed","ping_status":"closed","template":"","meta":{"footnotes":""},"class_list":["post-1989","page","type-page","status-publish","hentry"],"_links":{"self":[{"href":"https:\/\/www.clmbz.it\/de\/wp-json\/wp\/v2\/pages\/1989","targetHints":{"allow":["GET"]}}],"collection":[{"href":"https:\/\/www.clmbz.it\/de\/wp-json\/wp\/v2\/pages"}],"about":[{"href":"https:\/\/www.clmbz.it\/de\/wp-json\/wp\/v2\/types\/page"}],"author":[{"embeddable":true,"href":"https:\/\/www.clmbz.it\/de\/wp-json\/wp\/v2\/users\/1"}],"replies":[{"embeddable":true,"href":"https:\/\/www.clmbz.it\/de\/wp-json\/wp\/v2\/comments?post=1989"}],"version-history":[{"count":1,"href":"https:\/\/www.clmbz.it\/de\/wp-json\/wp\/v2\/pages\/1989\/revisions"}],"predecessor-version":[{"id":1990,"href":"https:\/\/www.clmbz.it\/de\/wp-json\/wp\/v2\/pages\/1989\/revisions\/1990"}],"wp:attachment":[{"href":"https:\/\/www.clmbz.it\/de\/wp-json\/wp\/v2\/media?parent=1989"}],"curies":[{"name":"wp","href":"https:\/\/api.w.org\/{rel}","templated":true}]}}